{"id":40152,"date":"2024-12-21T12:08:36","date_gmt":"2024-12-21T12:08:36","guid":{"rendered":"https:\/\/drmetintemel.com.tr\/?page_id=40152"},"modified":"2025-02-11T19:03:03","modified_gmt":"2025-02-11T19:03:03","slug":"kalici-makyaj","status":"publish","type":"page","link":"https:\/\/drmetintemel.com.tr\/en\/kalici-makyaj\/","title":{"rendered":"Permanent makeup"},"content":{"rendered":"<div data-elementor-type=\"wp-page\" data-elementor-id=\"40152\" class=\"elementor elementor-40152\">\n\t\t\t\t<div class=\"elementor-element elementor-element-1dead8c e-flex e-con-boxed cmsmasters-bg-hide-none cmsmasters-bg-hide-none cmsmasters-block-default e-con e-parent\" data-id=\"1dead8c\" data-element_type=\"container\" data-e-type=\"container\" data-settings=\"{&quot;background_background&quot;:&quot;classic&quot;}\">\n\t\t\t\t\t<div class=\"e-con-inner\">\n\t\t\t\t<div class=\"elementor-element elementor-element-11784a3 elementor-widget__width-initial cmsmasters-block-default cmsmasters-sticky-default elementor-widget elementor-widget-heading\" data-id=\"11784a3\" data-element_type=\"widget\" data-e-type=\"widget\" data-widget_type=\"heading.default\">\n\t\t\t\t<div class=\"elementor-widget-container\">\n\t\t\t\t\t<h1 class=\"elementor-heading-title elementor-size-default\">KALICI MAKYAJ<\/h1>\t\t\t\t<\/div>\n\t\t\t\t<\/div>\n\t\t\t\t\t<\/div>\n\t\t\t\t<\/div>\n\t\t<div class=\"elementor-element elementor-element-b23e9aa e-flex e-con-boxed cmsmasters-block-default e-con e-parent\" data-id=\"b23e9aa\" data-element_type=\"container\" data-e-type=\"container\">\n\t\t\t\t\t<div class=\"e-con-inner\">\n\t\t<div class=\"elementor-element elementor-element-9d51d77 e-grid e-con-full cmsmasters-block-default e-con e-child\" data-id=\"9d51d77\" data-element_type=\"container\" data-e-type=\"container\">\n\t\t\t\t<div class=\"elementor-element elementor-element-69c869d elementor-position-top cmsmasters-block-default cmsmasters-sticky-default elementor-widget elementor-widget-image-box\" data-id=\"69c869d\" data-element_type=\"widget\" data-e-type=\"widget\" data-widget_type=\"image-box.default\">\n\t\t\t\t<div class=\"elementor-widget-container\">\n\t\t\t\t\t<div class=\"elementor-image-box-wrapper\"><figure class=\"elementor-image-box-img\"><a href=\"https:\/\/drmetintemel.com.tr\/en\/microblading\/\" tabindex=\"-1\"><img loading=\"lazy\" decoding=\"async\" src=\"https:\/\/drmetintemel.com.tr\/wp-content\/uploads\/elementor\/thumbs\/microblading-mikroblanding_2-scaled-r2wfq5lm3d6zktopi5sb8xn95lwm6ynabq4kbm6ibi.jpg\" title=\"Woman during professional eyebrow mapping procedure\" alt=\"Young woman during professional eyebrow mapping procedure\" width=\"600\" height=\"380\" class=\"cmsmasters_img cmsmasters-lazyload lazyload\" data-src=\"https:\/\/drmetintemel.com.tr\/wp-content\/uploads\/elementor\/thumbs\/microblading-mikroblanding_2-scaled-r2wfq5lt1c9gzyy8ayvqnxk72aybl9jb8d6yqq2dw8.jpg\"><\/a><\/figure><div class=\"elementor-image-box-content\"><h3 class=\"elementor-image-box-title\"><a href=\"https:\/\/drmetintemel.com.tr\/en\/microblading\/\">Microblading<\/a><\/h3><p class=\"elementor-image-box-description\">Microblading Japon tekni\u011fi kullan\u0131larak yap\u0131lan bir ka\u015f \u00e7izme y\u00f6ntemidir.<\/p><\/div><\/div>\t\t\t\t<\/div>\n\t\t\t\t<\/div>\n\t\t\t\t<div class=\"elementor-element elementor-element-5408389 elementor-position-top cmsmasters-block-default cmsmasters-sticky-default elementor-widget elementor-widget-image-box\" data-id=\"5408389\" data-element_type=\"widget\" data-e-type=\"widget\" data-widget_type=\"image-box.default\">\n\t\t\t\t<div class=\"elementor-widget-container\">\n\t\t\t\t\t<div class=\"elementor-image-box-wrapper\"><figure class=\"elementor-image-box-img\"><a href=\"https:\/\/drmetintemel.com.tr\/en\/kalici-dudak-konturu\/\" tabindex=\"-1\"><img loading=\"lazy\" decoding=\"async\" src=\"https:\/\/drmetintemel.com.tr\/wp-content\/uploads\/elementor\/thumbs\/dudak-konturu_1-scaled-r2wfpkx5x0eoheiquwuiq2v434qjhmd6wvrvrj164e.jpg\" title=\"Beautiful caucasian woman with creative makeup in the form of an instagram pattern on her lips. Beauty face. Art makeup.\" alt=\"Beautiful caucasian woman with creative makeup in the form of an instagram pattern on her lips. Beauty face. Art makeup\" width=\"600\" height=\"380\" class=\"cmsmasters_img cmsmasters-lazyload lazyload\" data-src=\"https:\/\/drmetintemel.com.tr\/wp-content\/uploads\/elementor\/thumbs\/dudak-konturu_1-scaled-r2wfpkxcuzh5wjs9npxy52s1zts8vx97tiua6mx1p4.jpg\"><\/a><\/figure><div class=\"elementor-image-box-content\"><h3 class=\"elementor-image-box-title\"><a href=\"https:\/\/drmetintemel.com.tr\/en\/kalici-dudak-konturu\/\">Kal\u0131c\u0131 Dudak Kont\u00fcr\u00fc<\/a><\/h3><p class=\"elementor-image-box-description\">Kal\u0131c\u0131 dudak kont\u00fcr\u00fc, dudak d\u0131\u015f \u00e7er\u00e7evesine veya komple dudak i\u00e7i renklendirilerek yap\u0131labilen kal\u0131c\u0131 makyaj uygulamas\u0131d\u0131r. <\/p><\/div><\/div>\t\t\t\t<\/div>\n\t\t\t\t<\/div>\n\t\t\t\t<div class=\"elementor-element elementor-element-ec14155 elementor-position-top cmsmasters-block-default cmsmasters-sticky-default elementor-widget elementor-widget-image-box\" data-id=\"ec14155\" data-element_type=\"widget\" data-e-type=\"widget\" data-widget_type=\"image-box.default\">\n\t\t\t\t<div class=\"elementor-widget-container\">\n\t\t\t\t\t<div class=\"elementor-image-box-wrapper\"><figure class=\"elementor-image-box-img\"><a href=\"https:\/\/drmetintemel.com.tr\/en\/kas-konturu\/\" tabindex=\"-1\"><img loading=\"lazy\" decoding=\"async\" src=\"https:\/\/drmetintemel.com.tr\/wp-content\/uploads\/elementor\/thumbs\/Kas-Konturu_2-scaled-r2wfnd0vs3db2jqstgb8c50xldocbck09wblz0bmta.jpg\" title=\"Microblading Eyebrows\" alt=\"Close up of a beautician hands shaping eyebrows with tweezers to model.\" width=\"600\" height=\"380\" class=\"cmsmasters_img cmsmasters-lazyload lazyload\" data-src=\"https:\/\/drmetintemel.com.tr\/wp-content\/uploads\/elementor\/thumbs\/Kas-Konturu_2-scaled-r2wfnd12q2fshp0bm9enr4xvi2q1png16je0e47ie0.jpg\"><\/a><\/figure><div class=\"elementor-image-box-content\"><h3 class=\"elementor-image-box-title\"><a href=\"https:\/\/drmetintemel.com.tr\/en\/kas-konturu\/\">Ka\u015f Kont\u00fcr\u00fc<\/a><\/h3><p class=\"elementor-image-box-description\">Ka\u015f Kont\u00fcr, ka\u015flar ve mimiklerin ifade edilmesi i\u00e7in y\u00fczdeki en \u00f6nemli yerlerden biridir. <\/p><\/div><\/div>\t\t\t\t<\/div>\n\t\t\t\t<\/div>\n\t\t\t\t<div class=\"elementor-element elementor-element-d67e5a9 elementor-position-top cmsmasters-block-default cmsmasters-sticky-default elementor-widget elementor-widget-image-box\" data-id=\"d67e5a9\" data-element_type=\"widget\" data-e-type=\"widget\" data-widget_type=\"image-box.default\">\n\t\t\t\t<div class=\"elementor-widget-container\">\n\t\t\t\t\t<div class=\"elementor-image-box-wrapper\"><figure class=\"elementor-image-box-img\"><a href=\"https:\/\/drmetintemel.com.tr\/en\/eye-liner\/\" tabindex=\"-1\"><img loading=\"lazy\" decoding=\"async\" src=\"https:\/\/drmetintemel.com.tr\/wp-content\/uploads\/elementor\/thumbs\/eyeliner_2-scaled-r2wfmrelewjpnim7boyt8shbximweb66ixbfxn7ose.jpg\" title=\"A cosmetologist applies permanent makeup to the eyebrows, eyebrow tattoo. eyebrow perm\" alt=\"A cosmetologist applies permanent makeup to the eyebrows - eyebrow tattoo. eyebrow perm.\" width=\"600\" height=\"380\" class=\"cmsmasters_img cmsmasters-lazyload lazyload\" data-src=\"https:\/\/drmetintemel.com.tr\/wp-content\/uploads\/elementor\/thumbs\/eyeliner_2-scaled-r2wfmrescvm72nvq4i28nse9u7olsm27fkducr3kd4.jpg\"><\/a><\/figure><div class=\"elementor-image-box-content\"><h3 class=\"elementor-image-box-title\"><a href=\"https:\/\/drmetintemel.com.tr\/en\/eye-liner\/\">Eye Liner<\/a><\/h3><p class=\"elementor-image-box-description\">G\u00f6z \u00fcst\u00fcne \u00e7ekilen ve kalem ile s\u00fcr\u00fclen uygulamaya Eyeliner denir. Bunu daha kal\u0131c\u0131 olmas\u0131n\u0131 sa\u011flamak i\u00e7in de kal\u0131c\u0131 makyaj eyeliner uygulamas\u0131 yapmaktay\u0131z. <\/p><\/div><\/div>\t\t\t\t<\/div>\n\t\t\t\t<\/div>\n\t\t\t\t<div class=\"elementor-element elementor-element-fbe7a3f elementor-position-top cmsmasters-block-default cmsmasters-sticky-default elementor-widget elementor-widget-image-box\" data-id=\"fbe7a3f\" data-element_type=\"widget\" data-e-type=\"widget\" data-widget_type=\"image-box.default\">\n\t\t\t\t<div class=\"elementor-widget-container\">\n\t\t\t\t\t<div class=\"elementor-image-box-wrapper\"><figure class=\"elementor-image-box-img\"><a href=\"https:\/\/drmetintemel.com.tr\/en\/kil-teknigi\/\" tabindex=\"-1\"><img loading=\"lazy\" decoding=\"async\" src=\"https:\/\/drmetintemel.com.tr\/wp-content\/uploads\/elementor\/thumbs\/Kas-Konturu_4-scaled-r2wfnd0vs3db2jqstgb8c50xldocbck09wblz0bmta.jpg\" title=\"Microblading eyebrow tattoo, permanent makeup\" alt=\"Microblading eyebrow tattoo, permanent makeup\" width=\"600\" height=\"380\" class=\"cmsmasters_img cmsmasters-lazyload lazyload\" data-src=\"https:\/\/drmetintemel.com.tr\/wp-content\/uploads\/elementor\/thumbs\/Kas-Konturu_4-scaled-r2wfnd12q2fshp0bm9enr4xvi2q1png16je0e47ie0.jpg\"><\/a><\/figure><div class=\"elementor-image-box-content\"><h3 class=\"elementor-image-box-title\"><a href=\"https:\/\/drmetintemel.com.tr\/en\/kil-teknigi\/\">K\u0131l Tekni\u011fi<\/a><\/h3><p class=\"elementor-image-box-description\">Tek kullan\u0131ml\u0131k veya kullan-at olarak adland\u0131r\u0131lan steril, hijyenik i\u011fnelerle b\u00f6lgedeki deriye organik boyalar\u0131n ince k\u0131l \u00e7izimleri \u015feklinde enjekte edilmesi i\u015flemidir. <\/p><\/div><\/div>\t\t\t\t<\/div>\n\t\t\t\t<\/div>\n\t\t\t\t<div class=\"elementor-element elementor-element-0b065a5 elementor-position-top cmsmasters-block-default cmsmasters-sticky-default elementor-widget elementor-widget-image-box\" data-id=\"0b065a5\" data-element_type=\"widget\" data-e-type=\"widget\" data-widget_type=\"image-box.default\">\n\t\t\t\t<div class=\"elementor-widget-container\">\n\t\t\t\t\t<div class=\"elementor-image-box-wrapper\"><figure class=\"elementor-image-box-img\"><a href=\"https:\/\/drmetintemel.com.tr\/en\/sac-simulasyonu\/\" tabindex=\"-1\"><img loading=\"lazy\" decoding=\"async\" src=\"https:\/\/drmetintemel.com.tr\/wp-content\/uploads\/elementor\/thumbs\/sac-simulasyonu_1-scaled-r2wfn2onowz5iu5thtuc2pmv253ayoeykh59oyqypq.jpg\" title=\"Beautician with mask does injection to man patient during antiaging meso therapy procedure in clinic\" alt=\"Careful woman beautician with protective mask does medicine injection to man patient during antiaging meso therapy procedure in professional cosmetology clinic\" width=\"600\" height=\"380\" class=\"cmsmasters_img cmsmasters-lazyload lazyload\" data-src=\"https:\/\/drmetintemel.com.tr\/wp-content\/uploads\/elementor\/thumbs\/sac-simulasyonu_1-scaled-r2wfn2oumw1mxzfcamxrhpjsyu50czazh47o42muag.jpg\"><\/a><\/figure><div class=\"elementor-image-box-content\"><h3 class=\"elementor-image-box-title\"><a href=\"https:\/\/drmetintemel.com.tr\/en\/sac-simulasyonu\/\">Sa\u00e7 Sim\u00fclasyonu<\/a><\/h3><p class=\"elementor-image-box-description\">Sa\u00e7 Sim\u00fclasyonu cerrahi olmayan bir alopesi (kellik) giderme y\u00f6ntemidir. Bu y\u00f6ntemde ger\u00e7ek sa\u00e7 k\u00f6kleri ve k\u0131l yap\u0131lar\u0131 taklit edilerek \u00f6zel cihazlar yard\u0131m\u0131yla kellik olan alanlara epidermal mikropigmentasyon uygulanmas\u0131yla yap\u0131l\u0131r.<\/p><\/div><\/div>\t\t\t\t<\/div>\n\t\t\t\t<\/div>\n\t\t\t\t<div class=\"elementor-element elementor-element-75252b4 elementor-position-top cmsmasters-block-default cmsmasters-sticky-default elementor-widget elementor-widget-image-box\" data-id=\"75252b4\" data-element_type=\"widget\" data-e-type=\"widget\" data-widget_type=\"image-box.default\">\n\t\t\t\t<div class=\"elementor-widget-container\">\n\t\t\t\t\t<div class=\"elementor-image-box-wrapper\"><figure class=\"elementor-image-box-img\"><a href=\"https:\/\/drmetintemel.com.tr\/en\/meme-ucu-simulasyonu\/\" tabindex=\"-1\"><img fetchpriority=\"high\" decoding=\"async\" width=\"2560\" height=\"1707\" src=\"https:\/\/drmetintemel.com.tr\/wp-content\/uploads\/2025\/01\/meme-ucu-simulasyonu-30x20.jpg\" class=\"attachment-full size-full wp-image-40588 cmsmasters_img cmsmasters-lazyload lazyload\" alt=\"\" data-sizes=\"(max-width: 2560px) 100vw, 2560px\" data-src=\"https:\/\/drmetintemel.com.tr\/wp-content\/uploads\/2025\/01\/meme-ucu-simulasyonu-scaled.jpg\" data-srcset=\"https:\/\/drmetintemel.com.tr\/wp-content\/uploads\/2025\/01\/meme-ucu-simulasyonu-scaled.jpg 2560w, https:\/\/drmetintemel.com.tr\/wp-content\/uploads\/2025\/01\/meme-ucu-simulasyonu-300x200.jpg 300w, https:\/\/drmetintemel.com.tr\/wp-content\/uploads\/2025\/01\/meme-ucu-simulasyonu-1024x683.jpg 1024w, https:\/\/drmetintemel.com.tr\/wp-content\/uploads\/2025\/01\/meme-ucu-simulasyonu-768x512.jpg 768w, https:\/\/drmetintemel.com.tr\/wp-content\/uploads\/2025\/01\/meme-ucu-simulasyonu-1536x1024.jpg 1536w, https:\/\/drmetintemel.com.tr\/wp-content\/uploads\/2025\/01\/meme-ucu-simulasyonu-2048x1365.jpg 2048w, https:\/\/drmetintemel.com.tr\/wp-content\/uploads\/2025\/01\/meme-ucu-simulasyonu-450x300.jpg 450w, https:\/\/drmetintemel.com.tr\/wp-content\/uploads\/2025\/01\/meme-ucu-simulasyonu-30x20.jpg 30w, https:\/\/drmetintemel.com.tr\/wp-content\/uploads\/2025\/01\/meme-ucu-simulasyonu-15x10.jpg 15w\" srcset=\"https:\/\/drmetintemel.com.tr\/wp-content\/uploads\/2025\/01\/meme-ucu-simulasyonu-30x20.jpg 30w, https:\/\/drmetintemel.com.tr\/wp-content\/uploads\/2025\/01\/meme-ucu-simulasyonu-300x200.jpg 300w, https:\/\/drmetintemel.com.tr\/wp-content\/uploads\/2025\/01\/meme-ucu-simulasyonu-1024x683.jpg 1024w, https:\/\/drmetintemel.com.tr\/wp-content\/uploads\/2025\/01\/meme-ucu-simulasyonu-768x512.jpg 768w, https:\/\/drmetintemel.com.tr\/wp-content\/uploads\/2025\/01\/meme-ucu-simulasyonu-1536x1024.jpg 1536w, https:\/\/drmetintemel.com.tr\/wp-content\/uploads\/2025\/01\/meme-ucu-simulasyonu-2048x1365.jpg 2048w, https:\/\/drmetintemel.com.tr\/wp-content\/uploads\/2025\/01\/meme-ucu-simulasyonu-450x300.jpg 450w, https:\/\/drmetintemel.com.tr\/wp-content\/uploads\/2025\/01\/meme-ucu-simulasyonu-15x10.jpg 15w\" sizes=\"(max-width: 2560px) 100vw, 2560px\" \/><\/a><\/figure><div class=\"elementor-image-box-content\"><h3 class=\"elementor-image-box-title\"><a href=\"https:\/\/drmetintemel.com.tr\/en\/meme-ucu-simulasyonu\/\">Meme Ucu Sim\u00fclasyonu<\/a><\/h3><p class=\"elementor-image-box-description\">Meme ucu sim\u00fclasyonu meme cerrahisi ge\u00e7irmi\u015f olan ki\u015filerin meme u\u00e7lar\u0131n\u0131n g\u00f6r\u00fcn\u00fcm\u00fcn\u00fcn d\u00fczeltilmesi amac\u0131yla uygulanan bir y\u00f6ntemdir.<\/p><\/div><\/div>\t\t\t\t<\/div>\n\t\t\t\t<\/div>\n\t\t\t\t<\/div>\n\t\t\t\t\t<\/div>\n\t\t\t\t<\/div>\n\t\t\t\t<\/div>","protected":false},"excerpt":{"rendered":"<p>KALICI MAKYAJ Microblading Microblading Japon tekni\u011fi kullan\u0131larak yap\u0131lan bir ka\u015f \u00e7izme y\u00f6ntemidir. Kal\u0131c\u0131 Dudak Kont\u00fcr\u00fc Kal\u0131c\u0131 dudak kont\u00fcr\u00fc, dudak d\u0131\u015f \u00e7er\u00e7evesine veya komple dudak i\u00e7i renklendirilerek yap\u0131labilen kal\u0131c\u0131 makyaj uygulamas\u0131d\u0131r. Ka\u015f Kont\u00fcr\u00fc Ka\u015f Kont\u00fcr, ka\u015flar ve mimiklerin ifade edilmesi i\u00e7in y\u00fczdeki en \u00f6nemli yerlerden biridir. Eye Liner G\u00f6z \u00fcst\u00fcne \u00e7ekilen ve kalem ile s\u00fcr\u00fclen uygulamaya&#8230;<\/p>","protected":false},"author":1,"featured_media":0,"parent":0,"menu_order":0,"comment_status":"closed","ping_status":"closed","template":"","meta":{"_acf_changed":false,"footnotes":""},"class_list":["post-40152","page","type-page","status-publish","hentry"],"acf":[],"_links":{"self":[{"href":"https:\/\/drmetintemel.com.tr\/en\/wp-json\/wp\/v2\/pages\/40152","targetHints":{"allow":["GET"]}}],"collection":[{"href":"https:\/\/drmetintemel.com.tr\/en\/wp-json\/wp\/v2\/pages"}],"about":[{"href":"https:\/\/drmetintemel.com.tr\/en\/wp-json\/wp\/v2\/types\/page"}],"author":[{"embeddable":true,"href":"https:\/\/drmetintemel.com.tr\/en\/wp-json\/wp\/v2\/users\/1"}],"replies":[{"embeddable":true,"href":"https:\/\/drmetintemel.com.tr\/en\/wp-json\/wp\/v2\/comments?post=40152"}],"version-history":[{"count":58,"href":"https:\/\/drmetintemel.com.tr\/en\/wp-json\/wp\/v2\/pages\/40152\/revisions"}],"predecessor-version":[{"id":41851,"href":"https:\/\/drmetintemel.com.tr\/en\/wp-json\/wp\/v2\/pages\/40152\/revisions\/41851"}],"wp:attachment":[{"href":"https:\/\/drmetintemel.com.tr\/en\/wp-json\/wp\/v2\/media?parent=40152"}],"curies":[{"name":"wp","href":"https:\/\/api.w.org\/{rel}","templated":true}]}}