{"id":40247,"date":"2024-12-26T12:01:50","date_gmt":"2024-12-26T12:01:50","guid":{"rendered":"https:\/\/drmetintemel.com.tr\/?page_id=40247"},"modified":"2025-02-09T17:00:40","modified_gmt":"2025-02-09T17:00:40","slug":"estetik-cerrahi","status":"publish","type":"page","link":"https:\/\/drmetintemel.com.tr\/en\/estetik-cerrahi\/","title":{"rendered":"Cosmetic Surgery"},"content":{"rendered":"<div data-elementor-type=\"wp-page\" data-elementor-id=\"40247\" class=\"elementor elementor-40247\">\n\t\t\t\t<div class=\"elementor-element elementor-element-956502e e-con-full e-flex cmsmasters-block-default e-con e-parent\" data-id=\"956502e\" data-element_type=\"container\" data-e-type=\"container\">\n\t\t<div class=\"elementor-element elementor-element-4aa0632 e-con-full e-flex cmsmasters-block-default e-con e-child\" data-id=\"4aa0632\" data-element_type=\"container\" data-e-type=\"container\">\n\t\t<div class=\"elementor-element elementor-element-2e9527e e-con-full e-flex cmsmasters-bg-hide-none cmsmasters-bg-hide-none cmsmasters-block-default e-con e-child\" data-id=\"2e9527e\" data-element_type=\"container\" data-e-type=\"container\" data-settings=\"{&quot;background_background&quot;:&quot;classic&quot;}\">\n\t\t\t\t<div class=\"elementor-element elementor-element-6812be1 elementor-widget__width-initial cmsmasters-block-default cmsmasters-sticky-default elementor-widget elementor-widget-heading\" data-id=\"6812be1\" data-element_type=\"widget\" data-e-type=\"widget\" data-widget_type=\"heading.default\">\n\t\t\t\t<div class=\"elementor-widget-container\">\n\t\t\t\t\t<h1 class=\"elementor-heading-title elementor-size-default\">Aesthetic Surgery<\/h1>\t\t\t\t<\/div>\n\t\t\t\t<\/div>\n\t\t\t\t<\/div>\n\t\t\t\t<\/div>\n\t\t\t\t<\/div>\n\t\t<div class=\"elementor-element elementor-element-b103960 e-flex e-con-boxed cmsmasters-block-default e-con e-parent\" data-id=\"b103960\" data-element_type=\"container\" data-e-type=\"container\">\n\t\t\t\t\t<div class=\"e-con-inner\">\n\t\t\t\t<div class=\"elementor-element elementor-element-4a4ddc4 cmsmasters-block-default cmsmasters-sticky-default elementor-widget elementor-widget-heading\" data-id=\"4a4ddc4\" data-element_type=\"widget\" data-e-type=\"widget\" data-widget_type=\"heading.default\">\n\t\t\t\t<div class=\"elementor-widget-container\">\n\t\t\t\t\t<h2 class=\"elementor-heading-title elementor-size-default\">aesthetic surgery methods<\/h2>\t\t\t\t<\/div>\n\t\t\t\t<\/div>\n\t\t\t\t\t<\/div>\n\t\t\t\t<\/div>\n\t\t<div class=\"elementor-element elementor-element-93fde15 e-flex e-con-boxed cmsmasters-block-default e-con e-parent\" data-id=\"93fde15\" data-element_type=\"container\" data-e-type=\"container\">\n\t\t\t\t\t<div class=\"e-con-inner\">\n\t\t\t\t<div class=\"elementor-element elementor-element-84c3bfe elementor-widget-divider--view-line cmsmasters-block-default cmsmasters-sticky-default elementor-widget elementor-widget-divider\" data-id=\"84c3bfe\" data-element_type=\"widget\" data-e-type=\"widget\" data-widget_type=\"divider.default\">\n\t\t\t\t<div class=\"elementor-widget-container\">\n\t\t\t\t\t\t\t<div class=\"elementor-divider\">\n\t\t\t<span class=\"elementor-divider-separator\">\n\t\t\t\t\t\t<\/span>\n\t\t<\/div>\n\t\t\t\t\t\t<\/div>\n\t\t\t\t<\/div>\n\t\t\t\t\t<\/div>\n\t\t\t\t<\/div>\n\t\t<div class=\"elementor-element elementor-element-bb66d99 e-flex e-con-boxed cmsmasters-block-default e-con e-parent\" data-id=\"bb66d99\" data-element_type=\"container\" data-e-type=\"container\">\n\t\t\t\t\t<div class=\"e-con-inner\">\n\t\t<div class=\"elementor-element elementor-element-f16ee4a e-con-full e-flex cmsmasters-block-default e-con e-child\" data-id=\"f16ee4a\" data-element_type=\"container\" data-e-type=\"container\">\n\t\t<div class=\"elementor-element elementor-element-c179b51 e-grid e-con-full cmsmasters-block-default e-con e-child\" data-id=\"c179b51\" data-element_type=\"container\" data-e-type=\"container\">\n\t\t\t\t<div class=\"elementor-element elementor-element-30ea95e elementor-widget__width-initial elementor-position-top cmsmasters-block-default cmsmasters-sticky-default elementor-widget elementor-widget-image-box\" data-id=\"30ea95e\" data-element_type=\"widget\" data-e-type=\"widget\" data-widget_type=\"image-box.default\">\n\t\t\t\t<div class=\"elementor-widget-container\">\n\t\t\t\t\t<div class=\"elementor-image-box-wrapper\"><figure class=\"elementor-image-box-img\"><a href=\"https:\/\/drmetintemel.com.tr\/en\/yuz-estetigi-2\/\" tabindex=\"-1\"><img loading=\"lazy\" decoding=\"async\" src=\"https:\/\/drmetintemel.com.tr\/wp-content\/uploads\/elementor\/thumbs\/yuz-germe-3-scaled-r2wfp328b5q8ct8or74lwpdcst6kfdeaifdnn9rnem.jpg\" title=\"Cosmetician face with markers on each of the front and patient\" alt=\"Cosmetician and female patient with markers on her face. Rejuvenation procedure in beautician salon. Cosmetic surgery against wrinkles, preparation to botox\" width=\"600\" height=\"380\" class=\"cmsmasters_img cmsmasters-lazyload lazyload\" data-src=\"https:\/\/drmetintemel.com.tr\/wp-content\/uploads\/elementor\/thumbs\/yuz-germe-3-scaled-r2wfp32f94spryi7k081bpaapi89toabf2g22dnizc.jpg\"><\/a><\/figure><div class=\"elementor-image-box-content\"><h3 class=\"elementor-image-box-title\"><a href=\"https:\/\/drmetintemel.com.tr\/en\/yuz-estetigi-2\/\">facial aesthetics<\/a><\/h3><p class=\"elementor-image-box-description\">Facial aesthetics, while still retaining the natural appearance of the person a more youthful, dynamic and aims to achieve a proportionate face, the line of surgical and non-surgical applications covers.<\/p><\/div><\/div>\t\t\t\t<\/div>\n\t\t\t\t<\/div>\n\t\t\t\t<div class=\"elementor-element elementor-element-8c3a697 elementor-widget__width-initial elementor-position-top cmsmasters-block-default cmsmasters-sticky-default elementor-widget elementor-widget-image-box\" data-id=\"8c3a697\" data-element_type=\"widget\" data-e-type=\"widget\" data-widget_type=\"image-box.default\">\n\t\t\t\t<div class=\"elementor-widget-container\">\n\t\t\t\t\t<div class=\"elementor-image-box-wrapper\"><figure class=\"elementor-image-box-img\"><a href=\"https:\/\/drmetintemel.com.tr\/en\/burun-estetigi\/\" tabindex=\"-1\"><img loading=\"lazy\" decoding=\"async\" src=\"https:\/\/drmetintemel.com.tr\/wp-content\/uploads\/elementor\/thumbs\/rinoplasti-buru-estetigi-2-scaled-e1735851547840-r2wfohfxxywmxs439fs6tctr4y54ic0grgdhlwnpdq.jpg\" title=\"Dermal Fillers. Anti-Aging Treatment\" alt=\"Doctor preparing a dermal filler for treatment of a woman\u2019s nose.\" width=\"600\" height=\"380\" class=\"cmsmasters_img cmsmasters-lazyload lazyload\" data-src=\"https:\/\/drmetintemel.com.tr\/wp-content\/uploads\/elementor\/thumbs\/rinoplasti-buru-estetigi-2-scaled-e1735851547840-r2wfohg4vxz4cxdm28vm8cqp1n6twmwho3fw10jkyg.jpg\"><\/a><\/figure><div class=\"elementor-image-box-content\"><h3 class=\"elementor-image-box-title\"><a href=\"https:\/\/drmetintemel.com.tr\/en\/burun-estetigi\/\">rhinoplasty<\/a><\/h3><p class=\"elementor-image-box-description\">Is a surgical procedure to improve the shape and function of the nose. May be preferred for reasons both aesthetic and functional.<\/p><\/div><\/div>\t\t\t\t<\/div>\n\t\t\t\t<\/div>\n\t\t\t\t<div class=\"elementor-element elementor-element-03cb786 elementor-widget__width-initial elementor-position-top cmsmasters-block-default cmsmasters-sticky-default elementor-widget elementor-widget-image-box\" data-id=\"03cb786\" data-element_type=\"widget\" data-e-type=\"widget\" data-widget_type=\"image-box.default\">\n\t\t\t\t<div class=\"elementor-widget-container\">\n\t\t\t\t\t<div class=\"elementor-image-box-wrapper\"><figure class=\"elementor-image-box-img\"><a href=\"https:\/\/drmetintemel.com.tr\/en\/meme-buyutme\/\" tabindex=\"-1\"><img loading=\"lazy\" decoding=\"async\" src=\"https:\/\/drmetintemel.com.tr\/wp-content\/uploads\/elementor\/thumbs\/meme-buyutme-2-scaled-r2wfqgvoddmfg58boanu2ussa8d0rbw2d9ye2xps8u.jpg\" title=\"Doctor showing silicone implants for breast augmentation patient in clinic, closeup. Cosmetic surgery\" alt=\"Doctor showing silicone implants for breast augmentation to patient in clinic, closeup. Cosmetic surgery\" width=\"600\" height=\"380\" class=\"cmsmasters_img cmsmasters-lazyload lazyload\" data-src=\"https:\/\/drmetintemel.com.tr\/wp-content\/uploads\/elementor\/thumbs\/meme-buyutme-2-scaled-r2wfqgvvbcowvahuh3r9hupq6xeq5ms39x0si1lntk.jpg\"><\/a><\/figure><div class=\"elementor-image-box-content\"><h3 class=\"elementor-image-box-title\"><a href=\"https:\/\/drmetintemel.com.tr\/en\/meme-buyutme\/\">breast augmentation<\/a><\/h3><p class=\"elementor-image-box-description\">Breast augmentation surgery to increase breast volume, symmetry edit, or is a surgical procedure to provide the patient's desired aesthetic effect. <\/p><\/div><\/div>\t\t\t\t<\/div>\n\t\t\t\t<\/div>\n\t\t\t\t<div class=\"elementor-element elementor-element-9166a03 elementor-widget__width-initial elementor-position-top cmsmasters-block-default cmsmasters-sticky-default elementor-widget elementor-widget-image-box\" data-id=\"9166a03\" data-element_type=\"widget\" data-e-type=\"widget\" data-widget_type=\"image-box.default\">\n\t\t\t\t<div class=\"elementor-widget-container\">\n\t\t\t\t\t<div class=\"elementor-image-box-wrapper\"><figure class=\"elementor-image-box-img\"><a href=\"https:\/\/drmetintemel.com.tr\/en\/meme-kucultme\/\" tabindex=\"-1\"><img loading=\"lazy\" decoding=\"async\" src=\"https:\/\/drmetintemel.com.tr\/wp-content\/uploads\/elementor\/thumbs\/meme-kucultme-3-scaled-r2wfq3pxpp4exlrft4z23y4byu5vrkftngtld29any.jpg\" title=\"A woman wearing a compressing bra after breast augmentation surgery with Stipe.\" alt=\"Young woman wearing a compressing bra with a stripe after breast augmentation surgery.\" width=\"600\" height=\"380\" class=\"cmsmasters_img cmsmasters-lazyload lazyload\" data-src=\"https:\/\/drmetintemel.com.tr\/wp-content\/uploads\/elementor\/thumbs\/meme-kucultme-3-scaled-r2wfq3q4no6wcr0yly2hiy19vj7l5vbuk3vzs6568o.jpg\"><\/a><\/figure><div class=\"elementor-image-box-content\"><h3 class=\"elementor-image-box-title\"><a href=\"https:\/\/drmetintemel.com.tr\/en\/meme-kucultme\/\">breast reduction<\/a><\/h3><p class=\"elementor-image-box-description\">Large breasts of women who have breast reduction surgery in order to relieve the physical and psychological discomfort experienced by a surgical procedure that is performed. <\/p><\/div><\/div>\t\t\t\t<\/div>\n\t\t\t\t<\/div>\n\t\t\t\t<div class=\"elementor-element elementor-element-4f4353e elementor-widget__width-initial elementor-position-top cmsmasters-block-default cmsmasters-sticky-default elementor-widget elementor-widget-image-box\" data-id=\"4f4353e\" data-element_type=\"widget\" data-e-type=\"widget\" data-widget_type=\"image-box.default\">\n\t\t\t\t<div class=\"elementor-widget-container\">\n\t\t\t\t\t<div class=\"elementor-image-box-wrapper\"><figure class=\"elementor-image-box-img\"><a href=\"https:\/\/drmetintemel.com.tr\/en\/kulak-estetigi\/\" tabindex=\"-1\"><img loading=\"lazy\" decoding=\"async\" src=\"https:\/\/drmetintemel.com.tr\/wp-content\/uploads\/elementor\/thumbs\/kepce-kulak-3-scaled-r2wfr1k4jqeqjkeabjlmlpkxcpj3go65s4b2n0v4fy.jpg\" title=\"Examining medical office Setting patient&#039;s ear\" alt=\"Medical professional examining young patient&#039;s ear while wearing gloves. Hearts in background wall art lending a comforting atmosphere\" width=\"600\" height=\"380\" class=\"cmsmasters_img cmsmasters-lazyload lazyload\" data-src=\"https:\/\/drmetintemel.com.tr\/wp-content\/uploads\/elementor\/thumbs\/kepce-kulak-3-scaled-r2wfr1kbhph7ypnt4cp20phv9eksuz26ordh24r00o.jpg\"><\/a><\/figure><div class=\"elementor-image-box-content\"><h3 class=\"elementor-image-box-title\"><a href=\"https:\/\/drmetintemel.com.tr\/en\/kulak-estetigi\/\">ear surgery<\/a><\/h3><p class=\"elementor-image-box-description\">Ear prominent ear surgery is usually known as for the correction of the deformity is performed. Innate or subsequently formed ear deformities are corrected.<\/p><\/div><\/div>\t\t\t\t<\/div>\n\t\t\t\t<\/div>\n\t\t\t\t<div class=\"elementor-element elementor-element-841e26f elementor-position-top cmsmasters-block-default cmsmasters-sticky-default elementor-widget elementor-widget-image-box\" data-id=\"841e26f\" data-element_type=\"widget\" data-e-type=\"widget\" data-widget_type=\"image-box.default\">\n\t\t\t\t<div class=\"elementor-widget-container\">\n\t\t\t\t\t<div class=\"elementor-image-box-wrapper\"><figure class=\"elementor-image-box-img\"><a href=\"https:\/\/drmetintemel.com.tr\/en\/goz-kapagi-estetigi-blefaroplasti\/\" tabindex=\"-1\"><img loading=\"lazy\" decoding=\"async\" src=\"https:\/\/drmetintemel.com.tr\/wp-content\/uploads\/elementor\/thumbs\/goz-kapagi-estetigi-2-scaled-r2wfntxz740gvj282nmil0r8abcy5wf6c82clzmjpa.jpg\" title=\"Eyebrow Piercing\" alt=\"Beautiful young woman getting her eyebrow pierced, body piercer wearing blue gloves\" width=\"600\" height=\"380\" class=\"cmsmasters_img cmsmasters-lazyload lazyload\" data-src=\"https:\/\/drmetintemel.com.tr\/wp-content\/uploads\/elementor\/thumbs\/goz-kapagi-estetigi-2-scaled-r2wfnty6532yaobqvgpy00o670enk7b78v4r13ifa0.jpg\"><\/a><\/figure><div class=\"elementor-image-box-content\"><h3 class=\"elementor-image-box-title\"><a href=\"https:\/\/drmetintemel.com.tr\/en\/goz-kapagi-estetigi-blefaroplasti\/\">Eyelid Surgery <\/a><\/h3><p class=\"elementor-image-box-description\">Over time, excess skin from the eyelids, and sagging eyelid surgery with problems such as torbalanma is resolved, and around the eyes is more vigorous, young, and gains an aesthetic appearance.<\/p><\/div><\/div>\t\t\t\t<\/div>\n\t\t\t\t<\/div>\n\t\t\t\t<div class=\"elementor-element elementor-element-b25bf6a elementor-position-top cmsmasters-block-default cmsmasters-sticky-default elementor-widget elementor-widget-image-box\" data-id=\"b25bf6a\" data-element_type=\"widget\" data-e-type=\"widget\" data-widget_type=\"image-box.default\">\n\t\t\t\t<div class=\"elementor-widget-container\">\n\t\t\t\t\t<div class=\"elementor-image-box-wrapper\"><figure class=\"elementor-image-box-img\"><a href=\"https:\/\/drmetintemel.com.tr\/en\/karin-germe\/\" tabindex=\"-1\"><img loading=\"lazy\" decoding=\"async\" src=\"https:\/\/drmetintemel.com.tr\/wp-content\/uploads\/elementor\/thumbs\/Karin-Germe-4-scaled-r2wfn99j0r85s3w9feoq25z37u6vgk52xdpo1wh7i6.jpg\" title=\"Woman with belly stretch marks and scars\" alt=\"Woman squeeze her natural belly with stretch marks and scars in heart shape. Body positive\" width=\"600\" height=\"380\" class=\"cmsmasters_img cmsmasters-lazyload lazyload\" data-src=\"https:\/\/drmetintemel.com.tr\/wp-content\/uploads\/elementor\/thumbs\/Karin-Germe-4-scaled-r2wfn99pyqan795s87s5h5w14j8kuv13u0s2h0d32w.jpg\"><\/a><\/figure><div class=\"elementor-image-box-content\"><h3 class=\"elementor-image-box-title\"><a href=\"https:\/\/drmetintemel.com.tr\/en\/karin-germe\/\">tummy tuck<\/a><\/h3><p class=\"elementor-image-box-description\">Tummy tuck surgery in the abdominal area, sagging, and loose skin firmer and the appearance of a flatter stomach fat deposits by correcting is a surgical procedure that aims to be achieved. <\/p><\/div><\/div>\t\t\t\t<\/div>\n\t\t\t\t<\/div>\n\t\t\t\t<div class=\"elementor-element elementor-element-b2e7f10 elementor-position-top cmsmasters-block-default cmsmasters-sticky-default elementor-widget elementor-widget-image-box\" data-id=\"b2e7f10\" data-element_type=\"widget\" data-e-type=\"widget\" data-widget_type=\"image-box.default\">\n\t\t\t\t<div class=\"elementor-widget-container\">\n\t\t\t\t\t<div class=\"elementor-image-box-wrapper\"><figure class=\"elementor-image-box-img\"><a href=\"https:\/\/drmetintemel.com.tr\/en\/liposuction\/\" tabindex=\"-1\"><img loading=\"lazy\" decoding=\"async\" src=\"https:\/\/drmetintemel.com.tr\/wp-content\/uploads\/elementor\/thumbs\/liposuction-liposaksin-2-scaled-r2wfn99j0r85s3w9feoq25z37u6vgk52xdpo1wh7i6.jpg\" title=\"Doctor woman plastic surgery before body marking.\" alt=\"Close up of plastic surgeon using marker pen while marking body of fat female in underwear before plastic surgery. Concept of plastics, overweight and preparation for cosmetic surgery. Focus on doctor\" width=\"600\" height=\"380\" class=\"cmsmasters_img cmsmasters-lazyload lazyload\" data-src=\"https:\/\/drmetintemel.com.tr\/wp-content\/uploads\/elementor\/thumbs\/liposuction-liposaksin-2-scaled-r2wfn99pyqan795s87s5h5w14j8kuv13u0s2h0d32w.jpg\"><\/a><\/figure><div class=\"elementor-image-box-content\"><h3 class=\"elementor-image-box-title\"><a href=\"https:\/\/drmetintemel.com.tr\/en\/liposuction\/\">liposuction<\/a><\/h3><p class=\"elementor-image-box-description\">Liposuction, the surgical removal of unwanted fat deposits in the body receipt of ways, stands as an aesthetic intervention. <\/p><\/div><\/div>\t\t\t\t<\/div>\n\t\t\t\t<\/div>\n\t\t\t\t<div class=\"elementor-element elementor-element-3599411 elementor-position-top cmsmasters-block-default cmsmasters-sticky-default elementor-widget elementor-widget-image-box\" data-id=\"3599411\" data-element_type=\"widget\" data-e-type=\"widget\" data-widget_type=\"image-box.default\">\n\t\t\t\t<div class=\"elementor-widget-container\">\n\t\t\t\t\t<div class=\"elementor-image-box-wrapper\"><figure class=\"elementor-image-box-img\"><a href=\"https:\/\/drmetintemel.com.tr\/en\/post-bariatrik-cerrahi\/\" tabindex=\"-1\"><img loading=\"lazy\" decoding=\"async\" src=\"https:\/\/drmetintemel.com.tr\/wp-content\/uploads\/elementor\/thumbs\/postbariatrik-cerrahi-2-r2wfr1k4jqeqjkeabjlmlpkxcpj3go65s4b2n0v4fy.png\" title=\"postbariatrik Surgery 2\" alt=\"postbariatrik cerrahi 2\" width=\"600\" height=\"380\" class=\"cmsmasters_img cmsmasters-lazyload lazyload\" data-src=\"https:\/\/drmetintemel.com.tr\/wp-content\/uploads\/elementor\/thumbs\/postbariatrik-cerrahi-2-r2wfr1kbhph7ypnt4cp20phv9eksuz26ordh24r00o.png\"><\/a><\/figure><div class=\"elementor-image-box-content\"><h3 class=\"elementor-image-box-title\"><a href=\"https:\/\/drmetintemel.com.tr\/en\/post-bariatrik-cerrahi\/\">post bariatric surgery<\/a><\/h3><p class=\"elementor-image-box-description\">In order to treat extreme obesity is applied. Usually severe weight problems, diet and exercise for individuals who can't be successful with is preferred. <\/p><\/div><\/div>\t\t\t\t<\/div>\n\t\t\t\t<\/div>\n\t\t\t\t<div class=\"elementor-element elementor-element-4a4a2c7 elementor-position-top cmsmasters-block-default cmsmasters-sticky-default elementor-widget elementor-widget-image-box\" data-id=\"4a4a2c7\" data-element_type=\"widget\" data-e-type=\"widget\" data-widget_type=\"image-box.default\">\n\t\t\t\t<div class=\"elementor-widget-container\">\n\t\t\t\t\t<div class=\"elementor-image-box-wrapper\"><figure class=\"elementor-image-box-img\"><a href=\"https:\/\/drmetintemel.com.tr\/en\/kalca-estetigi\/\" tabindex=\"-1\"><img loading=\"lazy\" decoding=\"async\" src=\"https:\/\/drmetintemel.com.tr\/wp-content\/uploads\/elementor\/thumbs\/kalca-estetigi-1-r2wfoids4sxx9e2q3y6tdul7qc0hq1473l0z36mb7i.png\" title=\"1 hip surgery\" alt=\"kal\u00e7a esteti\u011fi 1\" width=\"600\" height=\"380\" class=\"cmsmasters_img cmsmasters-lazyload lazyload\" data-src=\"https:\/\/drmetintemel.com.tr\/wp-content\/uploads\/elementor\/thumbs\/kalca-estetigi-1-r2wfoidz2s0eojc8wra8sui5n1274c08083diai6s8.png\"><\/a><\/figure><div class=\"elementor-image-box-content\"><h3 class=\"elementor-image-box-title\"><a href=\"https:\/\/drmetintemel.com.tr\/en\/kalca-estetigi\/\">aesthetics of hip<\/a><\/h3><p class=\"elementor-image-box-description\">The hips, the general contours of the body more aesthetically balanced and proportionate and is one of the key areas that affect individuals who want to achieve a look that is hip of aesthetics, has become a popular solution.<\/p><\/div><\/div>\t\t\t\t<\/div>\n\t\t\t\t<\/div>\n\t\t\t\t<div class=\"elementor-element elementor-element-6d8c8c8 elementor-position-top cmsmasters-block-default cmsmasters-sticky-default elementor-widget elementor-widget-image-box\" data-id=\"6d8c8c8\" data-element_type=\"widget\" data-e-type=\"widget\" data-widget_type=\"image-box.default\">\n\t\t\t\t<div class=\"elementor-widget-container\">\n\t\t\t\t\t<div class=\"elementor-image-box-wrapper\"><figure class=\"elementor-image-box-img\"><a href=\"https:\/\/drmetintemel.com.tr\/en\/uyluk-germe\/\" tabindex=\"-1\"><img loading=\"lazy\" decoding=\"async\" src=\"https:\/\/drmetintemel.com.tr\/wp-content\/uploads\/elementor\/thumbs\/uyluk-germe-1-scaled-r2wfqwuxlk8axil42zkhr8rmds69e6ni3h1n8n23b2.jpg\" title=\"Black woman with a leg skin problems\" alt=\"Black woman with a leg skin problem\" width=\"600\" height=\"380\" class=\"cmsmasters_img cmsmasters-lazyload lazyload\" data-src=\"https:\/\/drmetintemel.com.tr\/wp-content\/uploads\/elementor\/thumbs\/uyluk-germe-1-scaled-r2wfqwv4jjascnumvsnx68okah7yshjj0441nqxyvs.jpg\"><\/a><\/figure><div class=\"elementor-image-box-content\"><h3 class=\"elementor-image-box-title\"><a href=\"https:\/\/drmetintemel.com.tr\/en\/uyluk-germe\/\">thigh lift <\/a><\/h3><p class=\"elementor-image-box-description\">Weight loss, aging or due to genetic factors, excess skin in the thigh and looseness can occur. Thigh lift and firm skin by removing the excess skin, resulting in a more shapely appearance by stretching and.<\/p><\/div><\/div>\t\t\t\t<\/div>\n\t\t\t\t<\/div>\n\t\t\t\t<div class=\"elementor-element elementor-element-2dd0092 elementor-position-top cmsmasters-block-default cmsmasters-sticky-default elementor-widget elementor-widget-image-box\" data-id=\"2dd0092\" data-element_type=\"widget\" data-e-type=\"widget\" data-widget_type=\"image-box.default\">\n\t\t\t\t<div class=\"elementor-widget-container\">\n\t\t\t\t\t<div class=\"elementor-image-box-wrapper\"><figure class=\"elementor-image-box-img\"><a href=\"https:\/\/drmetintemel.com.tr\/en\/genital-estetik\/\" tabindex=\"-1\"><img loading=\"lazy\" decoding=\"async\" src=\"https:\/\/drmetintemel.com.tr\/wp-content\/uploads\/elementor\/thumbs\/genital-estetik-2-r2wfnxpbyg5m5ywrgp90uzt2nuuf0ou3oqoaj3gz0e.png\" title=\"2 genital aesthetic\" alt=\"genital estetik 2\" width=\"600\" height=\"380\" class=\"cmsmasters_img cmsmasters-lazyload lazyload\" data-src=\"https:\/\/drmetintemel.com.tr\/wp-content\/uploads\/elementor\/thumbs\/genital-estetik-2-r2wfnxpiwf83l46a9icg9zq0kjw4ezq4ldqoy7cul4.png\"><\/a><\/figure><div class=\"elementor-image-box-content\"><h3 class=\"elementor-image-box-title\"><a href=\"https:\/\/drmetintemel.com.tr\/en\/genital-estetik\/\">genital aesthetic<\/a><\/h3><p class=\"elementor-image-box-description\">Genital aesthetic both aesthetic and functional aspects, refers to surgical interventions for correcting deformities in the genital region. <\/p><\/div><\/div>\t\t\t\t<\/div>\n\t\t\t\t<\/div>\n\t\t\t\t<div class=\"elementor-element elementor-element-f3edd27 elementor-position-top cmsmasters-block-default cmsmasters-sticky-default elementor-widget elementor-widget-image-box\" data-id=\"f3edd27\" data-element_type=\"widget\" data-e-type=\"widget\" data-widget_type=\"image-box.default\">\n\t\t\t\t<div class=\"elementor-widget-container\">\n\t\t\t\t\t<div class=\"elementor-image-box-wrapper\"><figure class=\"elementor-image-box-img\"><a href=\"https:\/\/drmetintemel.com.tr\/en\/dermabrazyon\/\" tabindex=\"-1\"><img loading=\"lazy\" decoding=\"async\" src=\"https:\/\/drmetintemel.com.tr\/wp-content\/uploads\/elementor\/thumbs\/Dermabroyzon-1-r2wfqgvoddmfg58boanu2ussa8d0rbw2d9ye2xps8u.png\" title=\"1 Dermabroyzon\" alt=\"Dermabroyzon 1\" width=\"600\" height=\"380\" class=\"cmsmasters_img cmsmasters-lazyload lazyload\" data-src=\"https:\/\/drmetintemel.com.tr\/wp-content\/uploads\/elementor\/thumbs\/Dermabroyzon-1-r2wfqgvvbcowvahuh3r9hupq6xeq5ms39x0si1lntk.png\"><\/a><\/figure><div class=\"elementor-image-box-content\"><h3 class=\"elementor-image-box-title\"><a href=\"https:\/\/drmetintemel.com.tr\/en\/dermabrazyon\/\">Dermabrasion<\/a><\/h3><p class=\"elementor-image-box-description\">Renewing the skin's surface and used for removing dead skin cells, microdermabrasion is a treatment based on technology.\n<\/p><\/div><\/div>\t\t\t\t<\/div>\n\t\t\t\t<\/div>\n\t\t\t\t<\/div>\n\t\t\t\t<\/div>\n\t\t\t\t\t<\/div>\n\t\t\t\t<\/div>\n\t\t\t\t<\/div>","protected":false},"excerpt":{"rendered":"<p>estetik cerrahi estetik cerrahi y\u00f6ntemleri y\u00fcz esteti\u011fi Y\u00fcz esteti\u011fi, ki\u015finin do\u011fal g\u00f6r\u00fcn\u00fcm\u00fcn\u00fc koruyarak daha gen\u00e7, dinamik ve orant\u0131l\u0131 bir y\u00fcz hatt\u0131 elde etmeyi ama\u00e7layan cerrahi ve cerrahi olmayan uygulamalar\u0131 kapsar. burun esteti\u011fi Burunun \u015feklini ve fonksiyonunu iyile\u015ftirmek i\u00e7in yap\u0131lan cerrahi bir i\u015flemdir. Hem estetik hem de fonksiyonel nedenlerle tercih edilebilir. meme B\u00fcy\u00fctme Meme b\u00fcy\u00fctme ameliyat\u0131,&#8230;<\/p>","protected":false},"author":1,"featured_media":0,"parent":0,"menu_order":0,"comment_status":"closed","ping_status":"closed","template":"","meta":{"_acf_changed":false,"footnotes":""},"class_list":["post-40247","page","type-page","status-publish","hentry"],"acf":[],"_links":{"self":[{"href":"https:\/\/drmetintemel.com.tr\/en\/wp-json\/wp\/v2\/pages\/40247","targetHints":{"allow":["GET"]}}],"collection":[{"href":"https:\/\/drmetintemel.com.tr\/en\/wp-json\/wp\/v2\/pages"}],"about":[{"href":"https:\/\/drmetintemel.com.tr\/en\/wp-json\/wp\/v2\/types\/page"}],"author":[{"embeddable":true,"href":"https:\/\/drmetintemel.com.tr\/en\/wp-json\/wp\/v2\/users\/1"}],"replies":[{"embeddable":true,"href":"https:\/\/drmetintemel.com.tr\/en\/wp-json\/wp\/v2\/comments?post=40247"}],"version-history":[{"count":85,"href":"https:\/\/drmetintemel.com.tr\/en\/wp-json\/wp\/v2\/pages\/40247\/revisions"}],"predecessor-version":[{"id":41433,"href":"https:\/\/drmetintemel.com.tr\/en\/wp-json\/wp\/v2\/pages\/40247\/revisions\/41433"}],"wp:attachment":[{"href":"https:\/\/drmetintemel.com.tr\/en\/wp-json\/wp\/v2\/media?parent=40247"}],"curies":[{"name":"wp","href":"https:\/\/api.w.org\/{rel}","templated":true}]}}