{"id":40249,"date":"2024-12-26T12:01:51","date_gmt":"2024-12-26T12:01:51","guid":{"rendered":"https:\/\/drmetintemel.com.tr\/?page_id=40249"},"modified":"2025-03-04T18:42:24","modified_gmt":"2025-03-04T18:42:24","slug":"mikro-el-cerrahisi","status":"publish","type":"page","link":"https:\/\/drmetintemel.com.tr\/en\/mikro-el-cerrahisi\/","title":{"rendered":"Mikro Cerrahi"},"content":{"rendered":"<div data-elementor-type=\"wp-page\" data-elementor-id=\"40249\" class=\"elementor elementor-40249\">\n\t\t\t\t<div class=\"elementor-element elementor-element-fbf5d65 e-con-full e-flex cmsmasters-block-default e-con e-parent\" data-id=\"fbf5d65\" data-element_type=\"container\" data-e-type=\"container\">\n\t\t<div class=\"elementor-element elementor-element-05081cd e-con-full e-flex cmsmasters-block-default e-con e-child\" data-id=\"05081cd\" data-element_type=\"container\" data-e-type=\"container\">\n\t\t<div class=\"elementor-element elementor-element-4c4ad76 e-con-full e-flex cmsmasters-bg-hide-none cmsmasters-bg-hide-none cmsmasters-block-default e-con e-child\" data-id=\"4c4ad76\" data-element_type=\"container\" data-e-type=\"container\" data-settings=\"{&quot;background_background&quot;:&quot;classic&quot;}\">\n\t\t\t\t<div class=\"elementor-element elementor-element-fc6aa56 elementor-widget__width-initial cmsmasters-block-default cmsmasters-sticky-default elementor-widget elementor-widget-heading\" data-id=\"fc6aa56\" data-element_type=\"widget\" data-e-type=\"widget\" data-widget_type=\"heading.default\">\n\t\t\t\t<div class=\"elementor-widget-container\">\n\t\t\t\t\t<h1 class=\"elementor-heading-title elementor-size-default\">mikro el cerrahisi<\/h1>\t\t\t\t<\/div>\n\t\t\t\t<\/div>\n\t\t\t\t<\/div>\n\t\t\t\t<\/div>\n\t\t\t\t<\/div>\n\t\t<div class=\"elementor-element elementor-element-f290191 e-flex e-con-boxed cmsmasters-block-default e-con e-parent\" data-id=\"f290191\" data-element_type=\"container\" data-e-type=\"container\">\n\t\t\t\t\t<div class=\"e-con-inner\">\n\t\t\t\t<div class=\"elementor-element elementor-element-dd245d0 cmsmasters-block-default cmsmasters-sticky-default elementor-widget elementor-widget-heading\" data-id=\"dd245d0\" data-element_type=\"widget\" data-e-type=\"widget\" data-widget_type=\"heading.default\">\n\t\t\t\t<div class=\"elementor-widget-container\">\n\t\t\t\t\t<h2 class=\"elementor-heading-title elementor-size-default\">mikro el cerrahi y\u00f6ntemleri<\/h2>\t\t\t\t<\/div>\n\t\t\t\t<\/div>\n\t\t\t\t\t<\/div>\n\t\t\t\t<\/div>\n\t\t<div class=\"elementor-element elementor-element-50d466e e-flex e-con-boxed cmsmasters-block-default e-con e-parent\" data-id=\"50d466e\" data-element_type=\"container\" data-e-type=\"container\">\n\t\t\t\t\t<div class=\"e-con-inner\">\n\t\t\t\t<div class=\"elementor-element elementor-element-c8ea9dc elementor-widget-divider--view-line cmsmasters-block-default cmsmasters-sticky-default elementor-widget elementor-widget-divider\" data-id=\"c8ea9dc\" data-element_type=\"widget\" data-e-type=\"widget\" data-widget_type=\"divider.default\">\n\t\t\t\t<div class=\"elementor-widget-container\">\n\t\t\t\t\t\t\t<div class=\"elementor-divider\">\n\t\t\t<span class=\"elementor-divider-separator\">\n\t\t\t\t\t\t<\/span>\n\t\t<\/div>\n\t\t\t\t\t\t<\/div>\n\t\t\t\t<\/div>\n\t\t\t\t\t<\/div>\n\t\t\t\t<\/div>\n\t\t<div class=\"elementor-element elementor-element-87fb05e e-flex e-con-boxed cmsmasters-block-default e-con e-parent\" data-id=\"87fb05e\" data-element_type=\"container\" data-e-type=\"container\">\n\t\t\t\t\t<div class=\"e-con-inner\">\n\t\t<div class=\"elementor-element elementor-element-7f65cce e-con-full e-flex cmsmasters-block-default e-con e-child\" data-id=\"7f65cce\" data-element_type=\"container\" data-e-type=\"container\">\n\t\t<div class=\"elementor-element elementor-element-6cd00d2 e-grid e-con-full cmsmasters-block-default e-con e-child\" data-id=\"6cd00d2\" data-element_type=\"container\" data-e-type=\"container\">\n\t\t\t\t<div class=\"elementor-element elementor-element-a109e36 elementor-position-top cmsmasters-block-default cmsmasters-sticky-default elementor-widget elementor-widget-image-box\" data-id=\"a109e36\" data-element_type=\"widget\" data-e-type=\"widget\" data-widget_type=\"image-box.default\">\n\t\t\t\t<div class=\"elementor-widget-container\">\n\t\t\t\t\t<div class=\"elementor-image-box-wrapper\"><figure class=\"elementor-image-box-img\"><a href=\"https:\/\/drmetintemel.com.tr\/en\/mikro-cerrahi\/\" tabindex=\"-1\"><img fetchpriority=\"high\" decoding=\"async\" width=\"2560\" height=\"1707\" src=\"https:\/\/drmetintemel.com.tr\/wp-content\/uploads\/2025\/02\/top-view-of-a-medical-procedure-being-done-2023-11-27-05-08-52-utc-30x20.jpg\" class=\"attachment-full size-full wp-image-41618 cmsmasters_img cmsmasters-lazyload lazyload\" alt=\"\" data-sizes=\"(max-width: 2560px) 100vw, 2560px\" data-src=\"https:\/\/drmetintemel.com.tr\/wp-content\/uploads\/2025\/02\/top-view-of-a-medical-procedure-being-done-2023-11-27-05-08-52-utc-scaled.jpg\" data-srcset=\"https:\/\/drmetintemel.com.tr\/wp-content\/uploads\/2025\/02\/top-view-of-a-medical-procedure-being-done-2023-11-27-05-08-52-utc-scaled.jpg 2560w, https:\/\/drmetintemel.com.tr\/wp-content\/uploads\/2025\/02\/top-view-of-a-medical-procedure-being-done-2023-11-27-05-08-52-utc-300x200.jpg 300w, https:\/\/drmetintemel.com.tr\/wp-content\/uploads\/2025\/02\/top-view-of-a-medical-procedure-being-done-2023-11-27-05-08-52-utc-1024x683.jpg 1024w, https:\/\/drmetintemel.com.tr\/wp-content\/uploads\/2025\/02\/top-view-of-a-medical-procedure-being-done-2023-11-27-05-08-52-utc-768x512.jpg 768w, https:\/\/drmetintemel.com.tr\/wp-content\/uploads\/2025\/02\/top-view-of-a-medical-procedure-being-done-2023-11-27-05-08-52-utc-1536x1024.jpg 1536w, https:\/\/drmetintemel.com.tr\/wp-content\/uploads\/2025\/02\/top-view-of-a-medical-procedure-being-done-2023-11-27-05-08-52-utc-2048x1365.jpg 2048w, https:\/\/drmetintemel.com.tr\/wp-content\/uploads\/2025\/02\/top-view-of-a-medical-procedure-being-done-2023-11-27-05-08-52-utc-450x300.jpg 450w, https:\/\/drmetintemel.com.tr\/wp-content\/uploads\/2025\/02\/top-view-of-a-medical-procedure-being-done-2023-11-27-05-08-52-utc-30x20.jpg 30w, https:\/\/drmetintemel.com.tr\/wp-content\/uploads\/2025\/02\/top-view-of-a-medical-procedure-being-done-2023-11-27-05-08-52-utc-15x10.jpg 15w\" srcset=\"https:\/\/drmetintemel.com.tr\/wp-content\/uploads\/2025\/02\/top-view-of-a-medical-procedure-being-done-2023-11-27-05-08-52-utc-30x20.jpg 30w, https:\/\/drmetintemel.com.tr\/wp-content\/uploads\/2025\/02\/top-view-of-a-medical-procedure-being-done-2023-11-27-05-08-52-utc-300x200.jpg 300w, https:\/\/drmetintemel.com.tr\/wp-content\/uploads\/2025\/02\/top-view-of-a-medical-procedure-being-done-2023-11-27-05-08-52-utc-1024x683.jpg 1024w, https:\/\/drmetintemel.com.tr\/wp-content\/uploads\/2025\/02\/top-view-of-a-medical-procedure-being-done-2023-11-27-05-08-52-utc-768x512.jpg 768w, https:\/\/drmetintemel.com.tr\/wp-content\/uploads\/2025\/02\/top-view-of-a-medical-procedure-being-done-2023-11-27-05-08-52-utc-1536x1024.jpg 1536w, https:\/\/drmetintemel.com.tr\/wp-content\/uploads\/2025\/02\/top-view-of-a-medical-procedure-being-done-2023-11-27-05-08-52-utc-2048x1365.jpg 2048w, https:\/\/drmetintemel.com.tr\/wp-content\/uploads\/2025\/02\/top-view-of-a-medical-procedure-being-done-2023-11-27-05-08-52-utc-450x300.jpg 450w, https:\/\/drmetintemel.com.tr\/wp-content\/uploads\/2025\/02\/top-view-of-a-medical-procedure-being-done-2023-11-27-05-08-52-utc-15x10.jpg 15w\" sizes=\"(max-width: 2560px) 100vw, 2560px\" \/><\/a><\/figure><div class=\"elementor-image-box-content\"><h3 class=\"elementor-image-box-title\"><a href=\"https:\/\/drmetintemel.com.tr\/en\/mikro-cerrahi\/\">mikro cerrahi<\/a><\/h3><p class=\"elementor-image-box-description\">Mikro cerrahi, y\u00fcksek b\u00fcy\u00fctmeli mikroskoplar ve ince cerrahi aletler kullan\u0131larak yap\u0131lan bir ameliyat tekni\u011fidir. <\/p><\/div><\/div>\t\t\t\t<\/div>\n\t\t\t\t<\/div>\n\t\t\t\t<div class=\"elementor-element elementor-element-184bc5a elementor-position-top cmsmasters-block-default cmsmasters-sticky-default elementor-widget elementor-widget-image-box\" data-id=\"184bc5a\" data-element_type=\"widget\" data-e-type=\"widget\" data-widget_type=\"image-box.default\">\n\t\t\t\t<div class=\"elementor-widget-container\">\n\t\t\t\t\t<div class=\"elementor-image-box-wrapper\"><figure class=\"elementor-image-box-img\"><a href=\"https:\/\/drmetintemel.com.tr\/en\/el-cerrahisi\/\" tabindex=\"-1\"><img decoding=\"async\" width=\"2560\" height=\"1707\" src=\"https:\/\/drmetintemel.com.tr\/wp-content\/uploads\/2025\/02\/hands-of-caucasian-and-african-young-women-with-wh-2023-11-27-05-32-58-utc-30x20.jpg\" class=\"attachment-full size-full wp-image-41632 cmsmasters_img cmsmasters-lazyload lazyload\" alt=\"\" data-sizes=\"(max-width: 2560px) 100vw, 2560px\" data-src=\"https:\/\/drmetintemel.com.tr\/wp-content\/uploads\/2025\/02\/hands-of-caucasian-and-african-young-women-with-wh-2023-11-27-05-32-58-utc-scaled.jpg\" data-srcset=\"https:\/\/drmetintemel.com.tr\/wp-content\/uploads\/2025\/02\/hands-of-caucasian-and-african-young-women-with-wh-2023-11-27-05-32-58-utc-scaled.jpg 2560w, https:\/\/drmetintemel.com.tr\/wp-content\/uploads\/2025\/02\/hands-of-caucasian-and-african-young-women-with-wh-2023-11-27-05-32-58-utc-300x200.jpg 300w, https:\/\/drmetintemel.com.tr\/wp-content\/uploads\/2025\/02\/hands-of-caucasian-and-african-young-women-with-wh-2023-11-27-05-32-58-utc-1024x683.jpg 1024w, https:\/\/drmetintemel.com.tr\/wp-content\/uploads\/2025\/02\/hands-of-caucasian-and-african-young-women-with-wh-2023-11-27-05-32-58-utc-768x512.jpg 768w, https:\/\/drmetintemel.com.tr\/wp-content\/uploads\/2025\/02\/hands-of-caucasian-and-african-young-women-with-wh-2023-11-27-05-32-58-utc-1536x1024.jpg 1536w, https:\/\/drmetintemel.com.tr\/wp-content\/uploads\/2025\/02\/hands-of-caucasian-and-african-young-women-with-wh-2023-11-27-05-32-58-utc-2048x1365.jpg 2048w, https:\/\/drmetintemel.com.tr\/wp-content\/uploads\/2025\/02\/hands-of-caucasian-and-african-young-women-with-wh-2023-11-27-05-32-58-utc-450x300.jpg 450w, https:\/\/drmetintemel.com.tr\/wp-content\/uploads\/2025\/02\/hands-of-caucasian-and-african-young-women-with-wh-2023-11-27-05-32-58-utc-30x20.jpg 30w, https:\/\/drmetintemel.com.tr\/wp-content\/uploads\/2025\/02\/hands-of-caucasian-and-african-young-women-with-wh-2023-11-27-05-32-58-utc-15x10.jpg 15w\" srcset=\"https:\/\/drmetintemel.com.tr\/wp-content\/uploads\/2025\/02\/hands-of-caucasian-and-african-young-women-with-wh-2023-11-27-05-32-58-utc-30x20.jpg 30w, https:\/\/drmetintemel.com.tr\/wp-content\/uploads\/2025\/02\/hands-of-caucasian-and-african-young-women-with-wh-2023-11-27-05-32-58-utc-300x200.jpg 300w, https:\/\/drmetintemel.com.tr\/wp-content\/uploads\/2025\/02\/hands-of-caucasian-and-african-young-women-with-wh-2023-11-27-05-32-58-utc-1024x683.jpg 1024w, https:\/\/drmetintemel.com.tr\/wp-content\/uploads\/2025\/02\/hands-of-caucasian-and-african-young-women-with-wh-2023-11-27-05-32-58-utc-768x512.jpg 768w, https:\/\/drmetintemel.com.tr\/wp-content\/uploads\/2025\/02\/hands-of-caucasian-and-african-young-women-with-wh-2023-11-27-05-32-58-utc-1536x1024.jpg 1536w, https:\/\/drmetintemel.com.tr\/wp-content\/uploads\/2025\/02\/hands-of-caucasian-and-african-young-women-with-wh-2023-11-27-05-32-58-utc-2048x1365.jpg 2048w, https:\/\/drmetintemel.com.tr\/wp-content\/uploads\/2025\/02\/hands-of-caucasian-and-african-young-women-with-wh-2023-11-27-05-32-58-utc-450x300.jpg 450w, https:\/\/drmetintemel.com.tr\/wp-content\/uploads\/2025\/02\/hands-of-caucasian-and-african-young-women-with-wh-2023-11-27-05-32-58-utc-15x10.jpg 15w\" sizes=\"(max-width: 2560px) 100vw, 2560px\" \/><\/a><\/figure><div class=\"elementor-image-box-content\"><h3 class=\"elementor-image-box-title\"><a href=\"https:\/\/drmetintemel.com.tr\/en\/el-cerrahisi\/\">el cerrahisi<\/a><\/h3><p class=\"elementor-image-box-description\">El cerrahisi, el, bilek ve \u00f6n kol b\u00f6lgesindeki kas, tendon, sinir, damar ve kemik yap\u0131lar\u0131n\u0131n hastal\u0131klar\u0131n\u0131, yaralanmalar\u0131n\u0131 ve do\u011fumsal anomalilerini tedavi eder.<\/p><\/div><\/div>\t\t\t\t<\/div>\n\t\t\t\t<\/div>\n\t\t\t\t<div class=\"elementor-element elementor-element-d3e18f2 elementor-position-top cmsmasters-block-default cmsmasters-sticky-default elementor-widget elementor-widget-image-box\" data-id=\"d3e18f2\" data-element_type=\"widget\" data-e-type=\"widget\" data-widget_type=\"image-box.default\">\n\t\t\t\t<div class=\"elementor-widget-container\">\n\t\t\t\t\t<div class=\"elementor-image-box-wrapper\"><figure class=\"elementor-image-box-img\"><a href=\"https:\/\/drmetintemel.com.tr\/en\/dogumsal-el-anomalileri\/\" tabindex=\"-1\"><img decoding=\"async\" width=\"2560\" height=\"1707\" src=\"https:\/\/drmetintemel.com.tr\/wp-content\/uploads\/2025\/02\/the-banner-of-family-and-unity-2025-01-09-01-08-44-utc-30x20.jpg\" class=\"attachment-full size-full wp-image-41643 cmsmasters_img cmsmasters-lazyload lazyload\" alt=\"\" data-sizes=\"(max-width: 2560px) 100vw, 2560px\" data-src=\"https:\/\/drmetintemel.com.tr\/wp-content\/uploads\/2025\/02\/the-banner-of-family-and-unity-2025-01-09-01-08-44-utc-scaled.jpg\" data-srcset=\"https:\/\/drmetintemel.com.tr\/wp-content\/uploads\/2025\/02\/the-banner-of-family-and-unity-2025-01-09-01-08-44-utc-scaled.jpg 2560w, https:\/\/drmetintemel.com.tr\/wp-content\/uploads\/2025\/02\/the-banner-of-family-and-unity-2025-01-09-01-08-44-utc-300x200.jpg 300w, https:\/\/drmetintemel.com.tr\/wp-content\/uploads\/2025\/02\/the-banner-of-family-and-unity-2025-01-09-01-08-44-utc-1024x683.jpg 1024w, https:\/\/drmetintemel.com.tr\/wp-content\/uploads\/2025\/02\/the-banner-of-family-and-unity-2025-01-09-01-08-44-utc-768x512.jpg 768w, https:\/\/drmetintemel.com.tr\/wp-content\/uploads\/2025\/02\/the-banner-of-family-and-unity-2025-01-09-01-08-44-utc-1536x1024.jpg 1536w, https:\/\/drmetintemel.com.tr\/wp-content\/uploads\/2025\/02\/the-banner-of-family-and-unity-2025-01-09-01-08-44-utc-2048x1365.jpg 2048w, https:\/\/drmetintemel.com.tr\/wp-content\/uploads\/2025\/02\/the-banner-of-family-and-unity-2025-01-09-01-08-44-utc-450x300.jpg 450w, https:\/\/drmetintemel.com.tr\/wp-content\/uploads\/2025\/02\/the-banner-of-family-and-unity-2025-01-09-01-08-44-utc-30x20.jpg 30w, https:\/\/drmetintemel.com.tr\/wp-content\/uploads\/2025\/02\/the-banner-of-family-and-unity-2025-01-09-01-08-44-utc-15x10.jpg 15w\" srcset=\"https:\/\/drmetintemel.com.tr\/wp-content\/uploads\/2025\/02\/the-banner-of-family-and-unity-2025-01-09-01-08-44-utc-30x20.jpg 30w, https:\/\/drmetintemel.com.tr\/wp-content\/uploads\/2025\/02\/the-banner-of-family-and-unity-2025-01-09-01-08-44-utc-300x200.jpg 300w, https:\/\/drmetintemel.com.tr\/wp-content\/uploads\/2025\/02\/the-banner-of-family-and-unity-2025-01-09-01-08-44-utc-1024x683.jpg 1024w, https:\/\/drmetintemel.com.tr\/wp-content\/uploads\/2025\/02\/the-banner-of-family-and-unity-2025-01-09-01-08-44-utc-768x512.jpg 768w, https:\/\/drmetintemel.com.tr\/wp-content\/uploads\/2025\/02\/the-banner-of-family-and-unity-2025-01-09-01-08-44-utc-1536x1024.jpg 1536w, https:\/\/drmetintemel.com.tr\/wp-content\/uploads\/2025\/02\/the-banner-of-family-and-unity-2025-01-09-01-08-44-utc-2048x1365.jpg 2048w, https:\/\/drmetintemel.com.tr\/wp-content\/uploads\/2025\/02\/the-banner-of-family-and-unity-2025-01-09-01-08-44-utc-450x300.jpg 450w, https:\/\/drmetintemel.com.tr\/wp-content\/uploads\/2025\/02\/the-banner-of-family-and-unity-2025-01-09-01-08-44-utc-15x10.jpg 15w\" sizes=\"(max-width: 2560px) 100vw, 2560px\" \/><\/a><\/figure><div class=\"elementor-image-box-content\"><h3 class=\"elementor-image-box-title\"><a href=\"https:\/\/drmetintemel.com.tr\/en\/dogumsal-el-anomalileri\/\">do\u011fumsal el anomalileri<\/a><\/h3><p class=\"elementor-image-box-description\">Do\u011fumsal el anomalileri, bebeklerin do\u011fu\u015ftan sahip oldu\u011fu el ve parmak geli\u015fim bozukluklar\u0131n\u0131 ifade eder. <\/p><\/div><\/div>\t\t\t\t<\/div>\n\t\t\t\t<\/div>\n\t\t\t\t<\/div>\n\t\t\t\t<\/div>\n\t\t\t\t\t<\/div>\n\t\t\t\t<\/div>\n\t\t\t\t<\/div>","protected":false},"excerpt":{"rendered":"<p>mikro el cerrahisi mikro el cerrahi y\u00f6ntemleri mikro cerrahi Mikro cerrahi, y\u00fcksek b\u00fcy\u00fctmeli mikroskoplar ve ince cerrahi aletler kullan\u0131larak yap\u0131lan bir ameliyat tekni\u011fidir. el cerrahisi El cerrahisi, el, bilek ve \u00f6n kol b\u00f6lgesindeki kas, tendon, sinir, damar ve kemik yap\u0131lar\u0131n\u0131n hastal\u0131klar\u0131n\u0131, yaralanmalar\u0131n\u0131 ve do\u011fumsal anomalilerini tedavi eder. do\u011fumsal el anomalileri Do\u011fumsal el anomalileri, bebeklerin do\u011fu\u015ftan&#8230;<\/p>","protected":false},"author":1,"featured_media":0,"parent":0,"menu_order":0,"comment_status":"closed","ping_status":"closed","template":"","meta":{"_acf_changed":false,"footnotes":""},"class_list":["post-40249","page","type-page","status-publish","hentry"],"acf":[],"_links":{"self":[{"href":"https:\/\/drmetintemel.com.tr\/en\/wp-json\/wp\/v2\/pages\/40249","targetHints":{"allow":["GET"]}}],"collection":[{"href":"https:\/\/drmetintemel.com.tr\/en\/wp-json\/wp\/v2\/pages"}],"about":[{"href":"https:\/\/drmetintemel.com.tr\/en\/wp-json\/wp\/v2\/types\/page"}],"author":[{"embeddable":true,"href":"https:\/\/drmetintemel.com.tr\/en\/wp-json\/wp\/v2\/users\/1"}],"replies":[{"embeddable":true,"href":"https:\/\/drmetintemel.com.tr\/en\/wp-json\/wp\/v2\/comments?post=40249"}],"version-history":[{"count":14,"href":"https:\/\/drmetintemel.com.tr\/en\/wp-json\/wp\/v2\/pages\/40249\/revisions"}],"predecessor-version":[{"id":41854,"href":"https:\/\/drmetintemel.com.tr\/en\/wp-json\/wp\/v2\/pages\/40249\/revisions\/41854"}],"wp:attachment":[{"href":"https:\/\/drmetintemel.com.tr\/en\/wp-json\/wp\/v2\/media?parent=40249"}],"curies":[{"name":"wp","href":"https:\/\/api.w.org\/{rel}","templated":true}]}}