{"id":40251,"date":"2024-12-26T12:01:52","date_gmt":"2024-12-26T12:01:52","guid":{"rendered":"https:\/\/drmetintemel.com.tr\/?page_id=40251"},"modified":"2025-02-10T16:02:20","modified_gmt":"2025-02-10T16:02:20","slug":"dolgu-uygulamalari","status":"publish","type":"page","link":"https:\/\/drmetintemel.com.tr\/en\/dolgu-uygulamalari\/","title":{"rendered":"Dermal Filler Treatments"},"content":{"rendered":"<div data-elementor-type=\"wp-page\" data-elementor-id=\"40251\" class=\"elementor elementor-40251\">\n\t\t\t\t<div class=\"elementor-element elementor-element-00e2dc5 e-con-full e-flex cmsmasters-block-default e-con e-parent\" data-id=\"00e2dc5\" data-element_type=\"container\" data-e-type=\"container\">\n\t\t<div class=\"elementor-element elementor-element-608aa0c e-con-full e-flex cmsmasters-block-default e-con e-child\" data-id=\"608aa0c\" data-element_type=\"container\" data-e-type=\"container\">\n\t\t<div class=\"elementor-element elementor-element-b6bfd3a e-con-full e-flex cmsmasters-bg-hide-none cmsmasters-bg-hide-none cmsmasters-block-default e-con e-child\" data-id=\"b6bfd3a\" data-element_type=\"container\" data-e-type=\"container\" data-settings=\"{&quot;background_background&quot;:&quot;classic&quot;}\">\n\t\t\t\t<div class=\"elementor-element elementor-element-5964cb1 elementor-widget__width-initial cmsmasters-block-default cmsmasters-sticky-default elementor-widget elementor-widget-heading\" data-id=\"5964cb1\" data-element_type=\"widget\" data-e-type=\"widget\" data-widget_type=\"heading.default\">\n\t\t\t\t<div class=\"elementor-widget-container\">\n\t\t\t\t\t<h1 class=\"elementor-heading-title elementor-size-default\">DOLGU UYGULAMALARI<\/h1>\t\t\t\t<\/div>\n\t\t\t\t<\/div>\n\t\t\t\t<\/div>\n\t\t\t\t<\/div>\n\t\t\t\t<\/div>\n\t\t<div class=\"elementor-element elementor-element-5961bdc e-con-full e-flex cmsmasters-block-default e-con e-parent\" data-id=\"5961bdc\" data-element_type=\"container\" data-e-type=\"container\">\n\t\t<div class=\"elementor-element elementor-element-4158685 e-con-full e-flex cmsmasters-block-default e-con e-child\" data-id=\"4158685\" data-element_type=\"container\" data-e-type=\"container\">\n\t\t<div class=\"elementor-element elementor-element-086bb22 e-grid e-con-full cmsmasters-block-default e-con e-child\" data-id=\"086bb22\" data-element_type=\"container\" data-e-type=\"container\">\n\t\t\t\t<div class=\"elementor-element elementor-element-7834cf7 elementor-position-top cmsmasters-block-default cmsmasters-sticky-default elementor-widget elementor-widget-image-box\" data-id=\"7834cf7\" data-element_type=\"widget\" data-e-type=\"widget\" data-widget_type=\"image-box.default\">\n\t\t\t\t<div class=\"elementor-widget-container\">\n\t\t\t\t\t<div class=\"elementor-image-box-wrapper\"><figure class=\"elementor-image-box-img\"><a href=\"https:\/\/drmetintemel.com.tr\/en\/dudak-dolgusu\/\" tabindex=\"-1\"><img loading=\"lazy\" decoding=\"async\" src=\"https:\/\/drmetintemel.com.tr\/wp-content\/uploads\/elementor\/thumbs\/woman-having-beauty-procedure-in-beauty-salon-2024-11-29-05-54-57-utc-scaled-r2wfqfxu6jl54j9ots97id1bouhnjmsc15awlnr6f2.jpg\" title=\"woman-having-beauty-procedure-in-beauty-salon-2024-11-29-05-54-57-utc\" alt=\"woman-having-beauty-procedure-in-beauty-salon-2024-11-29-05-54-57-utc\" width=\"600\" height=\"380\" class=\"cmsmasters_img cmsmasters-lazyload lazyload\" data-src=\"https:\/\/drmetintemel.com.tr\/wp-content\/uploads\/elementor\/thumbs\/woman-having-beauty-procedure-in-beauty-salon-2024-11-29-05-54-57-utc-scaled-r2wfqfy14inmjoj7mlcmxcy9ljjcxxocxsdb0rn1zs.jpg\"><\/a><\/figure><div class=\"elementor-image-box-content\"><h3 class=\"elementor-image-box-title\"><a href=\"https:\/\/drmetintemel.com.tr\/en\/dudak-dolgusu\/\">Dudak Dolgusu<\/a><\/h3><p class=\"elementor-image-box-description\">Dudak dolgusu, dudaklara hacim kazand\u0131rmak, \u015fekil vermek ve daha gen\u00e7, dolgun bir g\u00f6r\u00fcn\u00fcm sa\u011flamak i\u00e7in yap\u0131lan estetik bir uygulamad\u0131r. <\/p><\/div><\/div>\t\t\t\t<\/div>\n\t\t\t\t<\/div>\n\t\t\t\t<div class=\"elementor-element elementor-element-c8186f0 elementor-position-top cmsmasters-block-default cmsmasters-sticky-default elementor-widget elementor-widget-image-box\" data-id=\"c8186f0\" data-element_type=\"widget\" data-e-type=\"widget\" data-widget_type=\"image-box.default\">\n\t\t\t\t<div class=\"elementor-widget-container\">\n\t\t\t\t\t<div class=\"elementor-image-box-wrapper\"><figure class=\"elementor-image-box-img\"><a href=\"https:\/\/drmetintemel.com.tr\/en\/burun-dolgusu\/\" tabindex=\"-1\"><img loading=\"lazy\" decoding=\"async\" src=\"https:\/\/drmetintemel.com.tr\/wp-content\/uploads\/elementor\/thumbs\/woman-getting-nonsurgical-rhinoplasty-2023-11-27-04-51-38-utc-scaled-r2wfn99j0r85s3w9feoq25z37u6vgk52xdpo1wh7i6.jpg\" title=\"Woman Getting Nonsurgical Rhinoplasty\" alt=\"Young woman getting nonsurgical rhinoplasty at plastic surgery clinic\" width=\"600\" height=\"380\" class=\"cmsmasters_img cmsmasters-lazyload lazyload\" data-src=\"https:\/\/drmetintemel.com.tr\/wp-content\/uploads\/elementor\/thumbs\/woman-getting-nonsurgical-rhinoplasty-2023-11-27-04-51-38-utc-scaled-r2wfn99pyqan795s87s5h5w14j8kuv13u0s2h0d32w.jpg\"><\/a><\/figure><div class=\"elementor-image-box-content\"><h3 class=\"elementor-image-box-title\"><a href=\"https:\/\/drmetintemel.com.tr\/en\/burun-dolgusu\/\">Burun Dolgusu<\/a><\/h3><p class=\"elementor-image-box-description\">Burun dolgusu, burundaki \u015fekil bozukluklar\u0131n\u0131 gidermek veya burun konturunu iyile\u015ftirmek amac\u0131yla yap\u0131lan ameliyats\u0131z bir estetik uygulamad\u0131r.<\/p><\/div><\/div>\t\t\t\t<\/div>\n\t\t\t\t<\/div>\n\t\t\t\t<div class=\"elementor-element elementor-element-889f45d elementor-position-top cmsmasters-block-default cmsmasters-sticky-default elementor-widget elementor-widget-image-box\" data-id=\"889f45d\" data-element_type=\"widget\" data-e-type=\"widget\" data-widget_type=\"image-box.default\">\n\t\t\t\t<div class=\"elementor-widget-container\">\n\t\t\t\t\t<div class=\"elementor-image-box-wrapper\"><figure class=\"elementor-image-box-img\"><a href=\"https:\/\/drmetintemel.com.tr\/en\/goz-alti-isik-dolgusu\/\" tabindex=\"-1\"><img loading=\"lazy\" decoding=\"async\" src=\"https:\/\/drmetintemel.com.tr\/wp-content\/uploads\/elementor\/thumbs\/goz-alti-isik-dolgusu_1-scaled-r2wfpkx5x0eoheiquwuiq2v434qjhmd6wvrvrj164e.jpg\" title=\"Beautician hands in protective gloves holding syringe near female eye\" alt=\"Close up of mature woman making facial treatment while using hyaluronic acid injection. Skin care and cosmetology concept\" width=\"600\" height=\"380\" class=\"cmsmasters_img cmsmasters-lazyload lazyload\" data-src=\"https:\/\/drmetintemel.com.tr\/wp-content\/uploads\/elementor\/thumbs\/goz-alti-isik-dolgusu_1-scaled-r2wfpkxcuzh5wjs9npxy52s1zts8vx97tiua6mx1p4.jpg\"><\/a><\/figure><div class=\"elementor-image-box-content\"><h3 class=\"elementor-image-box-title\"><a href=\"https:\/\/drmetintemel.com.tr\/en\/goz-alti-isik-dolgusu\/\">G\u00f6z alt\u0131 I\u015f\u0131k Dolgusu<\/a><\/h3><p class=\"elementor-image-box-description\">G\u00f6z alt\u0131 \u0131\u015f\u0131k dolgusu, g\u00f6z \u00e7evresindeki koyu halkalar, \u00e7\u00f6k\u00fckl\u00fck ve yorgun g\u00f6r\u00fcn\u00fcm gibi estetik sorunlar\u0131 gidermek amac\u0131yla yap\u0131lan, ameliyats\u0131z ve h\u0131zl\u0131 bir \u00e7\u00f6z\u00fcmd\u00fcr.<\/p><\/div><\/div>\t\t\t\t<\/div>\n\t\t\t\t<\/div>\n\t\t\t\t<div class=\"elementor-element elementor-element-cdd39fe elementor-position-top cmsmasters-block-default cmsmasters-sticky-default elementor-widget elementor-widget-image-box\" data-id=\"cdd39fe\" data-element_type=\"widget\" data-e-type=\"widget\" data-widget_type=\"image-box.default\">\n\t\t\t\t<div class=\"elementor-widget-container\">\n\t\t\t\t\t<div class=\"elementor-image-box-wrapper\"><figure class=\"elementor-image-box-img\"><a href=\"https:\/\/drmetintemel.com.tr\/en\/migren-tedavisi\/\" tabindex=\"-1\"><img loading=\"lazy\" decoding=\"async\" src=\"https:\/\/drmetintemel.com.tr\/wp-content\/uploads\/elementor\/thumbs\/migren-tedavisi_1-scaled-r2wfq3pxpp4exlrft4z23y4byu5vrkftngtld29any.jpg\" title=\"Awful headache. Mature shirtless woman holding head in hands and keeping eyes closed while standing against grey background\" alt=\"Awful headache. Mature shirtless woman holding head in hands and keeping eyes closed while standing against grey background\" width=\"600\" height=\"380\" class=\"cmsmasters_img cmsmasters-lazyload lazyload\" data-src=\"https:\/\/drmetintemel.com.tr\/wp-content\/uploads\/elementor\/thumbs\/migren-tedavisi_1-scaled-r2wfq3q4no6wcr0yly2hiy19vj7l5vbuk3vzs6568o.jpg\"><\/a><\/figure><div class=\"elementor-image-box-content\"><h3 class=\"elementor-image-box-title\"><a href=\"https:\/\/drmetintemel.com.tr\/en\/migren-tedavisi\/\">Migren Tedavisi<\/a><\/h3><p class=\"elementor-image-box-description\">Migren, genellikle ba\u015f\u0131n bir taraf\u0131nda zonklay\u0131c\u0131 ve yo\u011fun bir a\u011fr\u0131 \u015feklinde hissedilen, n\u00f6rolojik bir rahats\u0131zl\u0131kt\u0131r. <\/p><\/div><\/div>\t\t\t\t<\/div>\n\t\t\t\t<\/div>\n\t\t\t\t<div class=\"elementor-element elementor-element-33136c3 elementor-position-top cmsmasters-block-default cmsmasters-sticky-default elementor-widget elementor-widget-image-box\" data-id=\"33136c3\" data-element_type=\"widget\" data-e-type=\"widget\" data-widget_type=\"image-box.default\">\n\t\t\t\t<div class=\"elementor-widget-container\">\n\t\t\t\t\t<div class=\"elementor-image-box-wrapper\"><figure class=\"elementor-image-box-img\"><a href=\"https:\/\/drmetintemel.com.tr\/en\/cene-dolgusu\/\" tabindex=\"-1\"><img loading=\"lazy\" decoding=\"async\" src=\"https:\/\/drmetintemel.com.tr\/wp-content\/uploads\/elementor\/thumbs\/ntc-vitamin-dolgusu_2-scaled-r2wfr1k4jqeqjkeabjlmlpkxcpj3go65s4b2n0v4fy.jpg\" title=\"Female doctor making injection in woman chin.\" alt=\"Close-up snapshot of plasmolifting procedure injection. Doctor cosmetologist beautician in black sterile gloves making injection in female patient face. Concept of skincare treatment.\" width=\"600\" height=\"380\" class=\"cmsmasters_img cmsmasters-lazyload lazyload\" data-src=\"https:\/\/drmetintemel.com.tr\/wp-content\/uploads\/elementor\/thumbs\/ntc-vitamin-dolgusu_2-scaled-r2wfr1kbhph7ypnt4cp20phv9eksuz26ordh24r00o.jpg\"><\/a><\/figure><div class=\"elementor-image-box-content\"><h3 class=\"elementor-image-box-title\"><a href=\"https:\/\/drmetintemel.com.tr\/en\/cene-dolgusu\/\">\u00c7ene Dolgusu<\/a><\/h3><p class=\"elementor-image-box-description\">\u00c7ene dolgusu, y\u00fcz hatlar\u0131n\u0131 \u015fekillendirmek, \u00e7ene hatt\u0131n\u0131 belirginle\u015ftirmek ve y\u00fcz\u00fcn genel estetik dengesini sa\u011flamak amac\u0131yla yap\u0131lan, ameliyats\u0131z bir estetik uygulamad\u0131r. <\/p><\/div><\/div>\t\t\t\t<\/div>\n\t\t\t\t<\/div>\n\t\t\t\t<div class=\"elementor-element elementor-element-ac1a40d elementor-position-top cmsmasters-block-default cmsmasters-sticky-default elementor-widget elementor-widget-image-box\" data-id=\"ac1a40d\" data-element_type=\"widget\" data-e-type=\"widget\" data-widget_type=\"image-box.default\">\n\t\t\t\t<div class=\"elementor-widget-container\">\n\t\t\t\t\t<div class=\"elementor-image-box-wrapper\"><figure class=\"elementor-image-box-img\"><a href=\"https:\/\/drmetintemel.com.tr\/en\/vucut-dolgusu\/\" tabindex=\"-1\"><img loading=\"lazy\" decoding=\"async\" src=\"https:\/\/drmetintemel.com.tr\/wp-content\/uploads\/elementor\/thumbs\/home-1-8-tummy-tuck-r2wfna7d7l9g3puw9x3cmnqjt828o98t9id5j6ftby.webp\" title=\"home-1-8-tummy-tuck.webp\" alt=\"home-1-8-tummy-tuck.webp\" width=\"600\" height=\"380\" class=\"cmsmasters_img cmsmasters-lazyload lazyload\" data-src=\"https:\/\/drmetintemel.com.tr\/wp-content\/uploads\/elementor\/thumbs\/home-1-8-tummy-tuck-r2wfna7k5kbxiv4f2q6s1nnhpx3y2k4u65fjyabowo.webp\"><\/a><\/figure><div class=\"elementor-image-box-content\"><h3 class=\"elementor-image-box-title\"><a href=\"https:\/\/drmetintemel.com.tr\/en\/vucut-dolgusu\/\">V\u00fccut Dolgusu<\/a><\/h3><p class=\"elementor-image-box-description\">V\u00fccut dolgusu, estetik g\u00f6r\u00fcn\u00fcm\u00fc iyile\u015ftirmek ve belirli alanlardaki hacim kayb\u0131n\u0131 gidermek i\u00e7in uygulanan ameliyats\u0131z bir estetik prosed\u00fcrd\u00fcr.<\/p><\/div><\/div>\t\t\t\t<\/div>\n\t\t\t\t<\/div>\n\t\t\t\t<div class=\"elementor-element elementor-element-06fc06b elementor-hidden-widescreen elementor-hidden-desktop elementor-hidden-tablet elementor-hidden-mobile elementor-position-top cmsmasters-block-default cmsmasters-sticky-default elementor-widget elementor-widget-image-box\" data-id=\"06fc06b\" data-element_type=\"widget\" data-e-type=\"widget\" data-widget_type=\"image-box.default\">\n\t\t\t\t<div class=\"elementor-widget-container\">\n\t\t\t\t\t<div class=\"elementor-image-box-wrapper\"><figure class=\"elementor-image-box-img\"><img fetchpriority=\"high\" decoding=\"async\" width=\"1280\" height=\"740\" src=\"https:\/\/drmetintemel.com.tr\/wp-content\/uploads\/2024\/12\/service-gallery-4-1-30x17.webp\" class=\"attachment-full size-full wp-image-40118 cmsmasters_img cmsmasters-lazyload lazyload\" alt=\"\" data-sizes=\"(max-width: 1280px) 100vw, 1280px\" data-src=\"https:\/\/drmetintemel.com.tr\/wp-content\/uploads\/2024\/12\/service-gallery-4-1.webp\" data-srcset=\"https:\/\/drmetintemel.com.tr\/wp-content\/uploads\/2024\/12\/service-gallery-4-1.webp 1280w, https:\/\/drmetintemel.com.tr\/wp-content\/uploads\/2024\/12\/service-gallery-4-1-300x173.webp 300w, https:\/\/drmetintemel.com.tr\/wp-content\/uploads\/2024\/12\/service-gallery-4-1-1024x592.webp 1024w, https:\/\/drmetintemel.com.tr\/wp-content\/uploads\/2024\/12\/service-gallery-4-1-768x444.webp 768w, https:\/\/drmetintemel.com.tr\/wp-content\/uploads\/2024\/12\/service-gallery-4-1-519x300.webp 519w, https:\/\/drmetintemel.com.tr\/wp-content\/uploads\/2024\/12\/service-gallery-4-1-600x347.webp 600w, https:\/\/drmetintemel.com.tr\/wp-content\/uploads\/2024\/12\/service-gallery-4-1-30x16.webp 30w, https:\/\/drmetintemel.com.tr\/wp-content\/uploads\/2024\/12\/service-gallery-4-1-17x10.webp 17w\" srcset=\"https:\/\/drmetintemel.com.tr\/wp-content\/uploads\/2024\/12\/service-gallery-4-1-30x16.webp 30w, https:\/\/drmetintemel.com.tr\/wp-content\/uploads\/2024\/12\/service-gallery-4-1-300x173.webp 300w, https:\/\/drmetintemel.com.tr\/wp-content\/uploads\/2024\/12\/service-gallery-4-1-1024x592.webp 1024w, https:\/\/drmetintemel.com.tr\/wp-content\/uploads\/2024\/12\/service-gallery-4-1-768x444.webp 768w, https:\/\/drmetintemel.com.tr\/wp-content\/uploads\/2024\/12\/service-gallery-4-1-519x300.webp 519w, https:\/\/drmetintemel.com.tr\/wp-content\/uploads\/2024\/12\/service-gallery-4-1-600x347.webp 600w, https:\/\/drmetintemel.com.tr\/wp-content\/uploads\/2024\/12\/service-gallery-4-1-17x10.webp 17w, https:\/\/drmetintemel.com.tr\/wp-content\/uploads\/2024\/12\/service-gallery-4-1.webp 1280w\" sizes=\"(max-width: 1280px) 100vw, 1280px\" \/><\/figure><div class=\"elementor-image-box-content\"><h3 class=\"elementor-image-box-title\">estetik ama\u00e7l\u0131 dolgular (btx)<\/h3><p class=\"elementor-image-box-description\">Lorem ipsum dolor sit amet, consectetur adipiscing elit. Elite Ut tellus, luctus nec users Matthis, pulvinar dapibus leo.<\/p><\/div><\/div>\t\t\t\t<\/div>\n\t\t\t\t<\/div>\n\t\t\t\t<div class=\"elementor-element elementor-element-15414cb elementor-position-top cmsmasters-block-default cmsmasters-sticky-default elementor-widget elementor-widget-image-box\" data-id=\"15414cb\" data-element_type=\"widget\" data-e-type=\"widget\" data-widget_type=\"image-box.default\">\n\t\t\t\t<div class=\"elementor-widget-container\">\n\t\t\t\t\t<div class=\"elementor-image-box-wrapper\"><figure class=\"elementor-image-box-img\"><a href=\"https:\/\/drmetintemel.com.tr\/en\/sakak-dolgusu\/\" tabindex=\"-1\"><img loading=\"lazy\" decoding=\"async\" src=\"https:\/\/drmetintemel.com.tr\/wp-content\/uploads\/elementor\/thumbs\/Ellanse-Akilli-Dolgu_1-scaled-r2wfqgvoddmfg58boanu2ussa8d0rbw2d9ye2xps8u.jpg\" title=\"Doctor injecting hyaluronic acid into the cheekbones of a woman as a facial rejuvenation treatment.\" alt=\"Doctor injecting hyaluronic acid into the cheekbones of a middle-aged woman as a facial rejuvenation treatment.\" width=\"600\" height=\"380\" class=\"cmsmasters_img cmsmasters-lazyload lazyload\" data-src=\"https:\/\/drmetintemel.com.tr\/wp-content\/uploads\/elementor\/thumbs\/Ellanse-Akilli-Dolgu_1-scaled-r2wfqgvvbcowvahuh3r9hupq6xeq5ms39x0si1lntk.jpg\"><\/a><\/figure><div class=\"elementor-image-box-content\"><h3 class=\"elementor-image-box-title\"><a href=\"https:\/\/drmetintemel.com.tr\/en\/sakak-dolgusu\/\">\u015eakak Dolgusu<\/a><\/h3><p class=\"elementor-image-box-description\">\u015eakak dolgusu, zamanla hacim kaybeden ve \u00e7\u00f6kmeye ba\u015flayan \u015fakak b\u00f6lgesine uygulanan bir estetik dolgu i\u015flemdir. <\/p><\/div><\/div>\t\t\t\t<\/div>\n\t\t\t\t<\/div>\n\t\t\t\t<div class=\"elementor-element elementor-element-25ff9ee elementor-position-top cmsmasters-block-default cmsmasters-sticky-default elementor-widget elementor-widget-image-box\" data-id=\"25ff9ee\" data-element_type=\"widget\" data-e-type=\"widget\" data-widget_type=\"image-box.default\">\n\t\t\t\t<div class=\"elementor-widget-container\">\n\t\t\t\t\t<div class=\"elementor-image-box-wrapper\"><figure class=\"elementor-image-box-img\"><a href=\"https:\/\/drmetintemel.com.tr\/en\/kirisiklik-dolgusu\/\" tabindex=\"-1\"><img loading=\"lazy\" decoding=\"async\" src=\"https:\/\/drmetintemel.com.tr\/wp-content\/uploads\/elementor\/thumbs\/dmae-lifting-dolgusu_1-scaled-r2wfnyn65a6whkveb7nnfhkj98ps8dxu0vbs0dfku6.jpg\" title=\"Professional Aesthetician Administers Hyaluronic Acid Cheek Injection\" alt=\"Close-up view of a medical professional injecting hyaluronic acid into a patient&#039;s cheek at a modern aesthetic clinic.\" width=\"600\" height=\"380\" class=\"cmsmasters_img cmsmasters-lazyload lazyload\" data-src=\"https:\/\/drmetintemel.com.tr\/wp-content\/uploads\/elementor\/thumbs\/dmae-lifting-dolgusu_1-scaled-r2wfnynd399dwq4x40r2uhhh5xrhmotuxie6fhbgew.jpg\"><\/a><\/figure><div class=\"elementor-image-box-content\"><h3 class=\"elementor-image-box-title\"><a href=\"https:\/\/drmetintemel.com.tr\/en\/kirisiklik-dolgusu\/\">K\u0131r\u0131\u015f\u0131kl\u0131k Dolgusu<\/a><\/h3><p class=\"elementor-image-box-description\">Hyaluronik asit gibi v\u00fccutta do\u011fal olarak bulunan bile\u015fenlerin kullan\u0131ld\u0131\u011f\u0131 bu y\u00f6ntem, minimal invaziv bir i\u015flem olup k\u0131sa s\u00fcrede etkili sonu\u00e7lar sunar.<\/p><\/div><\/div>\t\t\t\t<\/div>\n\t\t\t\t<\/div>\n\t\t\t\t<div class=\"elementor-element elementor-element-c6956d8 elementor-position-top cmsmasters-block-default cmsmasters-sticky-default elementor-widget elementor-widget-image-box\" data-id=\"c6956d8\" data-element_type=\"widget\" data-e-type=\"widget\" data-widget_type=\"image-box.default\">\n\t\t\t\t<div class=\"elementor-widget-container\">\n\t\t\t\t\t<div class=\"elementor-image-box-wrapper\"><figure class=\"elementor-image-box-img\"><a href=\"https:\/\/drmetintemel.com.tr\/en\/dis-sikma-tedavisi\/\" tabindex=\"-1\"><img decoding=\"async\" width=\"2560\" height=\"1596\" src=\"https:\/\/drmetintemel.com.tr\/wp-content\/uploads\/2025\/02\/shot-of-a-young-woman-having-a-dental-procedure-pe-2023-11-27-05-07-20-utc-30x19.jpg\" class=\"attachment-full size-full wp-image-41655 cmsmasters_img cmsmasters-lazyload lazyload\" alt=\"\" data-sizes=\"(max-width: 2560px) 100vw, 2560px\" data-src=\"https:\/\/drmetintemel.com.tr\/wp-content\/uploads\/2025\/02\/shot-of-a-young-woman-having-a-dental-procedure-pe-2023-11-27-05-07-20-utc-scaled.jpg\" data-srcset=\"https:\/\/drmetintemel.com.tr\/wp-content\/uploads\/2025\/02\/shot-of-a-young-woman-having-a-dental-procedure-pe-2023-11-27-05-07-20-utc-scaled.jpg 2560w, https:\/\/drmetintemel.com.tr\/wp-content\/uploads\/2025\/02\/shot-of-a-young-woman-having-a-dental-procedure-pe-2023-11-27-05-07-20-utc-300x187.jpg 300w, https:\/\/drmetintemel.com.tr\/wp-content\/uploads\/2025\/02\/shot-of-a-young-woman-having-a-dental-procedure-pe-2023-11-27-05-07-20-utc-1024x638.jpg 1024w, https:\/\/drmetintemel.com.tr\/wp-content\/uploads\/2025\/02\/shot-of-a-young-woman-having-a-dental-procedure-pe-2023-11-27-05-07-20-utc-768x479.jpg 768w, https:\/\/drmetintemel.com.tr\/wp-content\/uploads\/2025\/02\/shot-of-a-young-woman-having-a-dental-procedure-pe-2023-11-27-05-07-20-utc-1536x957.jpg 1536w, https:\/\/drmetintemel.com.tr\/wp-content\/uploads\/2025\/02\/shot-of-a-young-woman-having-a-dental-procedure-pe-2023-11-27-05-07-20-utc-2048x1277.jpg 2048w, https:\/\/drmetintemel.com.tr\/wp-content\/uploads\/2025\/02\/shot-of-a-young-woman-having-a-dental-procedure-pe-2023-11-27-05-07-20-utc-481x300.jpg 481w, https:\/\/drmetintemel.com.tr\/wp-content\/uploads\/2025\/02\/shot-of-a-young-woman-having-a-dental-procedure-pe-2023-11-27-05-07-20-utc-30x19.jpg 30w, https:\/\/drmetintemel.com.tr\/wp-content\/uploads\/2025\/02\/shot-of-a-young-woman-having-a-dental-procedure-pe-2023-11-27-05-07-20-utc-16x10.jpg 16w\" srcset=\"https:\/\/drmetintemel.com.tr\/wp-content\/uploads\/2025\/02\/shot-of-a-young-woman-having-a-dental-procedure-pe-2023-11-27-05-07-20-utc-30x19.jpg 30w, https:\/\/drmetintemel.com.tr\/wp-content\/uploads\/2025\/02\/shot-of-a-young-woman-having-a-dental-procedure-pe-2023-11-27-05-07-20-utc-300x187.jpg 300w, https:\/\/drmetintemel.com.tr\/wp-content\/uploads\/2025\/02\/shot-of-a-young-woman-having-a-dental-procedure-pe-2023-11-27-05-07-20-utc-1024x638.jpg 1024w, https:\/\/drmetintemel.com.tr\/wp-content\/uploads\/2025\/02\/shot-of-a-young-woman-having-a-dental-procedure-pe-2023-11-27-05-07-20-utc-768x479.jpg 768w, https:\/\/drmetintemel.com.tr\/wp-content\/uploads\/2025\/02\/shot-of-a-young-woman-having-a-dental-procedure-pe-2023-11-27-05-07-20-utc-1536x957.jpg 1536w, https:\/\/drmetintemel.com.tr\/wp-content\/uploads\/2025\/02\/shot-of-a-young-woman-having-a-dental-procedure-pe-2023-11-27-05-07-20-utc-2048x1277.jpg 2048w, https:\/\/drmetintemel.com.tr\/wp-content\/uploads\/2025\/02\/shot-of-a-young-woman-having-a-dental-procedure-pe-2023-11-27-05-07-20-utc-481x300.jpg 481w, https:\/\/drmetintemel.com.tr\/wp-content\/uploads\/2025\/02\/shot-of-a-young-woman-having-a-dental-procedure-pe-2023-11-27-05-07-20-utc-16x10.jpg 16w\" sizes=\"(max-width: 2560px) 100vw, 2560px\" \/><\/a><\/figure><div class=\"elementor-image-box-content\"><h3 class=\"elementor-image-box-title\"><a href=\"https:\/\/drmetintemel.com.tr\/en\/dis-sikma-tedavisi\/\">Di\u015f S\u0131kma Tedavisi<\/a><\/h3><p class=\"elementor-image-box-description\">Di\u015f s\u0131kma tedavisi, genellikle stres, kayg\u0131 veya uyku bozukluklar\u0131 nedeniyle ortaya \u00e7\u0131kan, bireyin fark\u0131nda olmadan di\u015flerini s\u0131kmas\u0131 veya g\u0131c\u0131rdatmas\u0131 durumudur.<\/p><\/div><\/div>\t\t\t\t<\/div>\n\t\t\t\t<\/div>\n\t\t\t\t<\/div>\n\t\t\t\t<\/div>\n\t\t\t\t<\/div>\n\t\t\t\t<\/div>","protected":false},"excerpt":{"rendered":"<p>DOLGU UYGULAMALARI Dudak Dolgusu Dudak dolgusu, dudaklara hacim kazand\u0131rmak, \u015fekil vermek ve daha gen\u00e7, dolgun bir g\u00f6r\u00fcn\u00fcm sa\u011flamak i\u00e7in yap\u0131lan estetik bir uygulamad\u0131r. Burun Dolgusu Burun dolgusu, burundaki \u015fekil bozukluklar\u0131n\u0131 gidermek veya burun konturunu iyile\u015ftirmek amac\u0131yla yap\u0131lan ameliyats\u0131z bir estetik uygulamad\u0131r. G\u00f6z alt\u0131 I\u015f\u0131k Dolgusu G\u00f6z alt\u0131 \u0131\u015f\u0131k dolgusu, g\u00f6z \u00e7evresindeki koyu halkalar, \u00e7\u00f6k\u00fckl\u00fck ve&#8230;<\/p>","protected":false},"author":1,"featured_media":0,"parent":0,"menu_order":0,"comment_status":"closed","ping_status":"closed","template":"","meta":{"_acf_changed":false,"footnotes":""},"class_list":["post-40251","page","type-page","status-publish","hentry"],"acf":[],"_links":{"self":[{"href":"https:\/\/drmetintemel.com.tr\/en\/wp-json\/wp\/v2\/pages\/40251","targetHints":{"allow":["GET"]}}],"collection":[{"href":"https:\/\/drmetintemel.com.tr\/en\/wp-json\/wp\/v2\/pages"}],"about":[{"href":"https:\/\/drmetintemel.com.tr\/en\/wp-json\/wp\/v2\/types\/page"}],"author":[{"embeddable":true,"href":"https:\/\/drmetintemel.com.tr\/en\/wp-json\/wp\/v2\/users\/1"}],"replies":[{"embeddable":true,"href":"https:\/\/drmetintemel.com.tr\/en\/wp-json\/wp\/v2\/comments?post=40251"}],"version-history":[{"count":68,"href":"https:\/\/drmetintemel.com.tr\/en\/wp-json\/wp\/v2\/pages\/40251\/revisions"}],"predecessor-version":[{"id":41658,"href":"https:\/\/drmetintemel.com.tr\/en\/wp-json\/wp\/v2\/pages\/40251\/revisions\/41658"}],"wp:attachment":[{"href":"https:\/\/drmetintemel.com.tr\/en\/wp-json\/wp\/v2\/media?parent=40251"}],"curies":[{"name":"wp","href":"https:\/\/api.w.org\/{rel}","templated":true}]}}