{"id":40252,"date":"2024-12-26T12:01:52","date_gmt":"2024-12-26T12:01:52","guid":{"rendered":"https:\/\/drmetintemel.com.tr\/?page_id=40252"},"modified":"2025-02-10T14:00:08","modified_gmt":"2025-02-10T14:00:08","slug":"mezoterapi-uygulamalari","status":"publish","type":"page","link":"https:\/\/drmetintemel.com.tr\/en\/mezoterapi-uygulamalari\/","title":{"rendered":"Mesotherapy Treatments"},"content":{"rendered":"<div data-elementor-type=\"wp-page\" data-elementor-id=\"40252\" class=\"elementor elementor-40252\">\n\t\t\t\t<div class=\"elementor-element elementor-element-5fafbdb e-con-full e-flex cmsmasters-block-default e-con e-parent\" data-id=\"5fafbdb\" data-element_type=\"container\" data-e-type=\"container\">\n\t\t<div class=\"elementor-element elementor-element-b7d7294 e-con-full e-flex cmsmasters-block-default e-con e-child\" data-id=\"b7d7294\" data-element_type=\"container\" data-e-type=\"container\">\n\t\t<div class=\"elementor-element elementor-element-54ca517 e-con-full e-flex cmsmasters-bg-hide-none cmsmasters-bg-hide-none cmsmasters-block-default e-con e-child\" data-id=\"54ca517\" data-element_type=\"container\" data-e-type=\"container\" data-settings=\"{&quot;background_background&quot;:&quot;classic&quot;}\">\n\t\t\t\t<div class=\"elementor-element elementor-element-e9a2c81 elementor-widget__width-initial cmsmasters-block-default cmsmasters-sticky-default elementor-widget elementor-widget-heading\" data-id=\"e9a2c81\" data-element_type=\"widget\" data-e-type=\"widget\" data-widget_type=\"heading.default\">\n\t\t\t\t<div class=\"elementor-widget-container\">\n\t\t\t\t\t<h1 class=\"elementor-heading-title elementor-size-default\">MEZOTERAP\u0130 UYGULAMALARI<\/h1>\t\t\t\t<\/div>\n\t\t\t\t<\/div>\n\t\t\t\t<\/div>\n\t\t\t\t<\/div>\n\t\t\t\t<\/div>\n\t\t<div class=\"elementor-element elementor-element-806f670 e-flex e-con-boxed cmsmasters-block-default e-con e-parent\" data-id=\"806f670\" data-element_type=\"container\" data-e-type=\"container\">\n\t\t\t\t\t<div class=\"e-con-inner\">\n\t\t<div class=\"elementor-element elementor-element-28d3317 e-con-full e-flex cmsmasters-block-default e-con e-child\" data-id=\"28d3317\" data-element_type=\"container\" data-e-type=\"container\">\n\t\t<div class=\"elementor-element elementor-element-ddaea8e e-grid e-con-full cmsmasters-block-default e-con e-child\" data-id=\"ddaea8e\" data-element_type=\"container\" data-e-type=\"container\">\n\t\t\t\t<div class=\"elementor-element elementor-element-014fafe elementor-position-top cmsmasters-block-default cmsmasters-sticky-default elementor-widget elementor-widget-image-box\" data-id=\"014fafe\" data-element_type=\"widget\" data-e-type=\"widget\" data-widget_type=\"image-box.default\">\n\t\t\t\t<div class=\"elementor-widget-container\">\n\t\t\t\t\t<div class=\"elementor-image-box-wrapper\"><figure class=\"elementor-image-box-img\"><a href=\"https:\/\/drmetintemel.com.tr\/en\/prp-yuz-uygulamasi\/\" tabindex=\"-1\"><img loading=\"lazy\" decoding=\"async\" src=\"https:\/\/drmetintemel.com.tr\/wp-content\/uploads\/elementor\/thumbs\/prp-yuz-uygulamalari_2-r2xvpsugkdc3gl0leou3m4q7h2sw27y7zifglh2mny.png\" title=\"prp y\u00fcz uygulamalar\u0131_2\" alt=\"prp y\u00fcz uygulamalar\u0131_2\" width=\"600\" height=\"380\" class=\"cmsmasters_img cmsmasters-lazyload lazyload\" data-src=\"https:\/\/drmetintemel.com.tr\/wp-content\/uploads\/elementor\/thumbs\/prp-yuz-uygulamalari_2-r2xvpsunicekvqa47hxj14n5drulgiu8w5hv0kyi8o.png\"><\/a><\/figure><div class=\"elementor-image-box-content\"><h3 class=\"elementor-image-box-title\"><a href=\"https:\/\/drmetintemel.com.tr\/en\/prp-yuz-uygulamasi\/\">PRP Y\u00fcz uygulamas\u0131<\/a><\/h3><p class=\"elementor-image-box-description\">PRP (Platelet Rich Plasma), T\u00fcrk\u00e7e\u2019de Trombositten Zengin Plazma anlam\u0131na gelir ve cilt yenileme, gen\u00e7le\u015ftirme ve onar\u0131m amac\u0131yla kullan\u0131lan tamamen do\u011fal ve g\u00fcvenilir bir estetik tedavi y\u00f6ntemidir.<\/p><\/div><\/div>\t\t\t\t<\/div>\n\t\t\t\t<\/div>\n\t\t\t\t<div class=\"elementor-element elementor-element-d5a9e61 elementor-position-top cmsmasters-block-default cmsmasters-sticky-default elementor-widget elementor-widget-image-box\" data-id=\"d5a9e61\" data-element_type=\"widget\" data-e-type=\"widget\" data-widget_type=\"image-box.default\">\n\t\t\t\t<div class=\"elementor-widget-container\">\n\t\t\t\t\t<div class=\"elementor-image-box-wrapper\"><figure class=\"elementor-image-box-img\"><a href=\"https:\/\/drmetintemel.com.tr\/en\/prp-sac-uygulamasi\/\" tabindex=\"-1\"><img loading=\"lazy\" decoding=\"async\" src=\"https:\/\/drmetintemel.com.tr\/wp-content\/uploads\/elementor\/thumbs\/syringe-is-injected-subcutaneously-on-the-skin-of-2024-10-18-09-53-23-utc-scaled-r2wfqxsrse9l94jqxhz4bqj2z61mlvr8flp4px0p4u.jpeg\" title=\"Syringe is injected subcutaneously on the skin of a head\" alt=\"Lady is lying on the procedure of professional facial mesotherapy to improve under skin\" width=\"600\" height=\"380\" class=\"cmsmasters_img cmsmasters-lazyload lazyload\" data-src=\"https:\/\/drmetintemel.com.tr\/wp-content\/uploads\/elementor\/thumbs\/syringe-is-injected-subcutaneously-on-the-skin-of-2024-10-18-09-53-23-utc-scaled-r2wfqxsyqdc2o9t9qb2jqqg0vv3c06n9c8rj50wkpk.jpeg\"><\/a><\/figure><div class=\"elementor-image-box-content\"><h3 class=\"elementor-image-box-title\"><a href=\"https:\/\/drmetintemel.com.tr\/en\/prp-sac-uygulamasi\/\">PRP sa\u00e7 uygulamas\u0131<\/a><\/h3><p class=\"elementor-image-box-description\">PRP sa\u00e7 uygulamas\u0131, genetik veya \u00e7evresel fakt\u00f6rlerden kaynaklanan sa\u00e7 d\u00f6k\u00fclmesini azaltman\u0131n yan\u0131 s\u0131ra sa\u00e7lar\u0131n sa\u011fl\u0131kl\u0131 ve canl\u0131 g\u00f6r\u00fcn\u00fcm\u00fcn\u00fc korumak isteyenler i\u00e7in m\u00fckemmel bir se\u00e7enektir.<\/p><\/div><\/div>\t\t\t\t<\/div>\n\t\t\t\t<\/div>\n\t\t\t\t<div class=\"elementor-element elementor-element-32d7b3c elementor-position-top cmsmasters-block-default cmsmasters-sticky-default elementor-widget elementor-widget-image-box\" data-id=\"32d7b3c\" data-element_type=\"widget\" data-e-type=\"widget\" data-widget_type=\"image-box.default\">\n\t\t\t\t<div class=\"elementor-widget-container\">\n\t\t\t\t\t<div class=\"elementor-image-box-wrapper\"><figure class=\"elementor-image-box-img\"><a href=\"https:\/\/drmetintemel.com.tr\/en\/prp-eklem-uygulamasi\/\" tabindex=\"-1\"><img loading=\"lazy\" decoding=\"async\" src=\"https:\/\/drmetintemel.com.tr\/wp-content\/uploads\/elementor\/thumbs\/prp-eklem-uygulamalari_3-scaled-r2wfr1k4jqeqjkeabjlmlpkxcpj3go65s4b2n0v4fy.jpeg\" title=\"Close up of pain injections in the rheumatology department\" alt=\"Female patient receiving injections in her knees in the rheumatology department\" width=\"600\" height=\"380\" class=\"cmsmasters_img cmsmasters-lazyload lazyload\" data-src=\"https:\/\/drmetintemel.com.tr\/wp-content\/uploads\/elementor\/thumbs\/prp-eklem-uygulamalari_3-scaled-r2wfr1kbhph7ypnt4cp20phv9eksuz26ordh24r00o.jpeg\"><\/a><\/figure><div class=\"elementor-image-box-content\"><h3 class=\"elementor-image-box-title\"><a href=\"https:\/\/drmetintemel.com.tr\/en\/prp-eklem-uygulamasi\/\">PRP eklem uygulamas\u0131<\/a><\/h3><p class=\"elementor-image-box-description\">PRP (Platelet Rich Plasma) eklem uygulamas\u0131, eklem rahats\u0131zl\u0131klar\u0131 ve kas-iskelet sistemi problemleri i\u00e7in kullan\u0131lan do\u011fal ve yenilik\u00e7i bir tedavi y\u00f6ntemidir.<\/p><\/div><\/div>\t\t\t\t<\/div>\n\t\t\t\t<\/div>\n\t\t\t\t<div class=\"elementor-element elementor-element-95a7c4d elementor-position-top cmsmasters-block-default cmsmasters-sticky-default elementor-widget elementor-widget-image-box\" data-id=\"95a7c4d\" data-element_type=\"widget\" data-e-type=\"widget\" data-widget_type=\"image-box.default\">\n\t\t\t\t<div class=\"elementor-widget-container\">\n\t\t\t\t\t<div class=\"elementor-image-box-wrapper\"><figure class=\"elementor-image-box-img\"><a href=\"https:\/\/drmetintemel.com.tr\/en\/genclik-asisi\/\" tabindex=\"-1\"><img loading=\"lazy\" decoding=\"async\" src=\"https:\/\/drmetintemel.com.tr\/wp-content\/uploads\/elementor\/thumbs\/Genclik-Asisi_1-r2xvp0navc9hsa5jzcnajbudninvnau9vmuw768fum.png\" title=\"Gen\u00e7lik A\u015f\u0131s\u0131_1\" alt=\"Gen\u00e7lik A\u015f\u0131s\u0131_1\" width=\"600\" height=\"380\" class=\"cmsmasters_img cmsmasters-lazyload lazyload\" data-src=\"https:\/\/drmetintemel.com.tr\/wp-content\/uploads\/elementor\/thumbs\/Genclik-Asisi_1-r2xvp0nhtbbz7ff2s5qpybrbk7pl1lqas9xama4bfc.png\"><\/a><\/figure><div class=\"elementor-image-box-content\"><h3 class=\"elementor-image-box-title\"><a href=\"https:\/\/drmetintemel.com.tr\/en\/genclik-asisi\/\">gen\u00e7lik a\u015f\u0131s\u0131<\/a><\/h3><p class=\"elementor-image-box-description\">Gen\u00e7lik a\u015f\u0131s\u0131, cildin nem dengesini art\u0131rarak daha parlak, s\u0131k\u0131 ve sa\u011fl\u0131kl\u0131 bir g\u00f6r\u00fcn\u00fcm kazand\u0131rmay\u0131 ama\u00e7layan yenilik\u00e7i bir medikal estetik uygulamad\u0131r.<\/p><\/div><\/div>\t\t\t\t<\/div>\n\t\t\t\t<\/div>\n\t\t\t\t<\/div>\n\t\t\t\t<\/div>\n\t\t\t\t\t<\/div>\n\t\t\t\t<\/div>\n\t\t\t\t<\/div>","protected":false},"excerpt":{"rendered":"<p>MEZOTERAP\u0130 UYGULAMALARI PRP Y\u00fcz uygulamas\u0131 PRP (Platelet Rich Plasma), T\u00fcrk\u00e7e\u2019de Trombositten Zengin Plazma anlam\u0131na gelir ve cilt yenileme, gen\u00e7le\u015ftirme ve onar\u0131m amac\u0131yla kullan\u0131lan tamamen do\u011fal ve g\u00fcvenilir bir estetik tedavi y\u00f6ntemidir. PRP sa\u00e7 uygulamas\u0131 PRP sa\u00e7 uygulamas\u0131, genetik veya \u00e7evresel fakt\u00f6rlerden kaynaklanan sa\u00e7 d\u00f6k\u00fclmesini azaltman\u0131n yan\u0131 s\u0131ra sa\u00e7lar\u0131n sa\u011fl\u0131kl\u0131 ve canl\u0131 g\u00f6r\u00fcn\u00fcm\u00fcn\u00fc korumak isteyenler i\u00e7in&#8230;<\/p>","protected":false},"author":1,"featured_media":0,"parent":0,"menu_order":0,"comment_status":"closed","ping_status":"closed","template":"","meta":{"_acf_changed":false,"footnotes":""},"class_list":["post-40252","page","type-page","status-publish","hentry"],"acf":[],"_links":{"self":[{"href":"https:\/\/drmetintemel.com.tr\/en\/wp-json\/wp\/v2\/pages\/40252","targetHints":{"allow":["GET"]}}],"collection":[{"href":"https:\/\/drmetintemel.com.tr\/en\/wp-json\/wp\/v2\/pages"}],"about":[{"href":"https:\/\/drmetintemel.com.tr\/en\/wp-json\/wp\/v2\/types\/page"}],"author":[{"embeddable":true,"href":"https:\/\/drmetintemel.com.tr\/en\/wp-json\/wp\/v2\/users\/1"}],"replies":[{"embeddable":true,"href":"https:\/\/drmetintemel.com.tr\/en\/wp-json\/wp\/v2\/comments?post=40252"}],"version-history":[{"count":25,"href":"https:\/\/drmetintemel.com.tr\/en\/wp-json\/wp\/v2\/pages\/40252\/revisions"}],"predecessor-version":[{"id":41531,"href":"https:\/\/drmetintemel.com.tr\/en\/wp-json\/wp\/v2\/pages\/40252\/revisions\/41531"}],"wp:attachment":[{"href":"https:\/\/drmetintemel.com.tr\/en\/wp-json\/wp\/v2\/media?parent=40252"}],"curies":[{"name":"wp","href":"https:\/\/api.w.org\/{rel}","templated":true}]}}