{"id":40255,"date":"2024-12-26T12:01:54","date_gmt":"2024-12-26T12:01:54","guid":{"rendered":"https:\/\/drmetintemel.com.tr\/?page_id=40255"},"modified":"2025-02-10T13:04:22","modified_gmt":"2025-02-10T13:04:22","slug":"sac-ekimi","status":"publish","type":"page","link":"https:\/\/drmetintemel.com.tr\/en\/sac-ekimi\/","title":{"rendered":"Hair Transplant"},"content":{"rendered":"<div data-elementor-type=\"wp-page\" data-elementor-id=\"40255\" class=\"elementor elementor-40255\">\n\t\t\t\t<div class=\"elementor-element elementor-element-4a02825 e-con-full e-flex cmsmasters-block-default e-con e-parent\" data-id=\"4a02825\" data-element_type=\"container\" data-e-type=\"container\">\n\t\t<div class=\"elementor-element elementor-element-b9f72d1 e-con-full e-flex cmsmasters-bg-hide-none cmsmasters-bg-hide-none cmsmasters-block-default e-con e-child\" data-id=\"b9f72d1\" data-element_type=\"container\" data-e-type=\"container\" data-settings=\"{&quot;background_background&quot;:&quot;classic&quot;}\">\n\t\t\t\t<div class=\"elementor-element elementor-element-d8880a5 elementor-widget__width-initial cmsmasters-block-default cmsmasters-sticky-default elementor-widget elementor-widget-heading\" data-id=\"d8880a5\" data-element_type=\"widget\" data-e-type=\"widget\" data-widget_type=\"heading.default\">\n\t\t\t\t<div class=\"elementor-widget-container\">\n\t\t\t\t\t<h1 class=\"elementor-heading-title elementor-size-default\">SA\u00c7 EK\u0130M\u0130<\/h1>\t\t\t\t<\/div>\n\t\t\t\t<\/div>\n\t\t\t\t<\/div>\n\t\t\t\t<\/div>\n\t\t<div class=\"elementor-element elementor-element-1d84619 e-flex e-con-boxed cmsmasters-block-default e-con e-parent\" data-id=\"1d84619\" data-element_type=\"container\" data-e-type=\"container\">\n\t\t\t\t\t<div class=\"e-con-inner\">\n\t\t\t\t<div class=\"elementor-element elementor-element-12452ba cmsmasters-block-default cmsmasters-sticky-default elementor-widget elementor-widget-heading\" data-id=\"12452ba\" data-element_type=\"widget\" data-e-type=\"widget\" data-widget_type=\"heading.default\">\n\t\t\t\t<div class=\"elementor-widget-container\">\n\t\t\t\t\t<h2 class=\"elementor-heading-title elementor-size-default\">Sa\u00e7 ekimi y\u00f6ntemleri<\/h2>\t\t\t\t<\/div>\n\t\t\t\t<\/div>\n\t\t\t\t\t<\/div>\n\t\t\t\t<\/div>\n\t\t<div class=\"elementor-element elementor-element-337732c e-flex e-con-boxed cmsmasters-block-default e-con e-parent\" data-id=\"337732c\" data-element_type=\"container\" data-e-type=\"container\">\n\t\t\t\t\t<div class=\"e-con-inner\">\n\t\t\t\t<div class=\"elementor-element elementor-element-52dace8 elementor-widget-divider--view-line cmsmasters-block-default cmsmasters-sticky-default elementor-widget elementor-widget-divider\" data-id=\"52dace8\" data-element_type=\"widget\" data-e-type=\"widget\" data-widget_type=\"divider.default\">\n\t\t\t\t<div class=\"elementor-widget-container\">\n\t\t\t\t\t\t\t<div class=\"elementor-divider\">\n\t\t\t<span class=\"elementor-divider-separator\">\n\t\t\t\t\t\t<\/span>\n\t\t<\/div>\n\t\t\t\t\t\t<\/div>\n\t\t\t\t<\/div>\n\t\t\t\t\t<\/div>\n\t\t\t\t<\/div>\n\t\t<div class=\"elementor-element elementor-element-52c11fb e-flex e-con-boxed cmsmasters-block-default e-con e-parent\" data-id=\"52c11fb\" data-element_type=\"container\" data-e-type=\"container\">\n\t\t\t\t\t<div class=\"e-con-inner\">\n\t\t<div class=\"elementor-element elementor-element-2620e2f e-con-full e-flex cmsmasters-block-default e-con e-child\" data-id=\"2620e2f\" data-element_type=\"container\" data-e-type=\"container\">\n\t\t<div class=\"elementor-element elementor-element-d917bfe e-grid e-con-full cmsmasters-block-default e-con e-child\" data-id=\"d917bfe\" data-element_type=\"container\" data-e-type=\"container\">\n\t\t\t\t<div class=\"elementor-element elementor-element-075de1f elementor-position-top cmsmasters-block-default cmsmasters-sticky-default elementor-widget elementor-widget-image-box\" data-id=\"075de1f\" data-element_type=\"widget\" data-e-type=\"widget\" data-widget_type=\"image-box.default\">\n\t\t\t\t<div class=\"elementor-widget-container\">\n\t\t\t\t\t<div class=\"elementor-image-box-wrapper\"><figure class=\"elementor-image-box-img\"><a href=\"https:\/\/drmetintemel.com.tr\/en\/mikro-fue-teknigiyle-sac-ekimi\/\" tabindex=\"-1\"><img fetchpriority=\"high\" decoding=\"async\" width=\"4460\" height=\"3140\" src=\"https:\/\/drmetintemel.com.tr\/wp-content\/uploads\/2025\/01\/Sac-Ekimi_3-30x21.png\" class=\"attachment-full size-full wp-image-40505 cmsmasters_img cmsmasters-lazyload lazyload\" alt=\"\" data-sizes=\"(max-width: 4460px) 100vw, 4460px\" data-src=\"https:\/\/drmetintemel.com.tr\/wp-content\/uploads\/2025\/01\/Sac-Ekimi_3.png\" data-srcset=\"https:\/\/drmetintemel.com.tr\/wp-content\/uploads\/2025\/01\/Sac-Ekimi_3.png 4460w, https:\/\/drmetintemel.com.tr\/wp-content\/uploads\/2025\/01\/Sac-Ekimi_3-300x211.png 300w, https:\/\/drmetintemel.com.tr\/wp-content\/uploads\/2025\/01\/Sac-Ekimi_3-1024x721.png 1024w, https:\/\/drmetintemel.com.tr\/wp-content\/uploads\/2025\/01\/Sac-Ekimi_3-768x541.png 768w, https:\/\/drmetintemel.com.tr\/wp-content\/uploads\/2025\/01\/Sac-Ekimi_3-1536x1081.png 1536w, https:\/\/drmetintemel.com.tr\/wp-content\/uploads\/2025\/01\/Sac-Ekimi_3-2048x1442.png 2048w, https:\/\/drmetintemel.com.tr\/wp-content\/uploads\/2025\/01\/Sac-Ekimi_3-426x300.png 426w, https:\/\/drmetintemel.com.tr\/wp-content\/uploads\/2025\/01\/Sac-Ekimi_3-30x21.png 30w, https:\/\/drmetintemel.com.tr\/wp-content\/uploads\/2025\/01\/Sac-Ekimi_3-14x10.png 14w\" srcset=\"https:\/\/drmetintemel.com.tr\/wp-content\/uploads\/2025\/01\/Sac-Ekimi_3-30x21.png 30w, https:\/\/drmetintemel.com.tr\/wp-content\/uploads\/2025\/01\/Sac-Ekimi_3-300x211.png 300w, https:\/\/drmetintemel.com.tr\/wp-content\/uploads\/2025\/01\/Sac-Ekimi_3-1024x721.png 1024w, https:\/\/drmetintemel.com.tr\/wp-content\/uploads\/2025\/01\/Sac-Ekimi_3-768x541.png 768w, https:\/\/drmetintemel.com.tr\/wp-content\/uploads\/2025\/01\/Sac-Ekimi_3-1536x1081.png 1536w, https:\/\/drmetintemel.com.tr\/wp-content\/uploads\/2025\/01\/Sac-Ekimi_3-2048x1442.png 2048w, https:\/\/drmetintemel.com.tr\/wp-content\/uploads\/2025\/01\/Sac-Ekimi_3-426x300.png 426w, https:\/\/drmetintemel.com.tr\/wp-content\/uploads\/2025\/01\/Sac-Ekimi_3-14x10.png 14w\" sizes=\"(max-width: 4460px) 100vw, 4460px\" \/><\/a><\/figure><div class=\"elementor-image-box-content\"><h3 class=\"elementor-image-box-title\"><a href=\"https:\/\/drmetintemel.com.tr\/en\/mikro-fue-teknigiyle-sac-ekimi\/\">Mikro FUE Tekni\u011fiyle sa\u00e7 ekimi<\/a><\/h3><p class=\"elementor-image-box-description\">Mikro FUE tekni\u011fi, do\u011fal g\u00f6r\u00fcn\u00fcml\u00fc sonu\u00e7lar sunmas\u0131 ve iz b\u0131rakmamas\u0131 nedeniyle en \u00e7ok tercih edilen y\u00f6ntemlerden biridir.<\/p><\/div><\/div>\t\t\t\t<\/div>\n\t\t\t\t<\/div>\n\t\t\t\t<div class=\"elementor-element elementor-element-85a33eb elementor-position-top cmsmasters-block-default cmsmasters-sticky-default elementor-widget elementor-widget-image-box\" data-id=\"85a33eb\" data-element_type=\"widget\" data-e-type=\"widget\" data-widget_type=\"image-box.default\">\n\t\t\t\t<div class=\"elementor-widget-container\">\n\t\t\t\t\t<div class=\"elementor-image-box-wrapper\"><figure class=\"elementor-image-box-img\"><a href=\"https:\/\/drmetintemel.com.tr\/en\/fue-teknigiyle-sac-ekimi\/\" tabindex=\"-1\"><img decoding=\"async\" width=\"4460\" height=\"3140\" src=\"https:\/\/drmetintemel.com.tr\/wp-content\/uploads\/2025\/01\/Sac-Ekimi_4-30x21.png\" class=\"attachment-full size-full wp-image-40506 cmsmasters_img cmsmasters-lazyload lazyload\" alt=\"\" data-sizes=\"(max-width: 4460px) 100vw, 4460px\" data-src=\"https:\/\/drmetintemel.com.tr\/wp-content\/uploads\/2025\/01\/Sac-Ekimi_4.png\" data-srcset=\"https:\/\/drmetintemel.com.tr\/wp-content\/uploads\/2025\/01\/Sac-Ekimi_4.png 4460w, https:\/\/drmetintemel.com.tr\/wp-content\/uploads\/2025\/01\/Sac-Ekimi_4-300x211.png 300w, https:\/\/drmetintemel.com.tr\/wp-content\/uploads\/2025\/01\/Sac-Ekimi_4-1024x721.png 1024w, https:\/\/drmetintemel.com.tr\/wp-content\/uploads\/2025\/01\/Sac-Ekimi_4-768x541.png 768w, https:\/\/drmetintemel.com.tr\/wp-content\/uploads\/2025\/01\/Sac-Ekimi_4-1536x1081.png 1536w, https:\/\/drmetintemel.com.tr\/wp-content\/uploads\/2025\/01\/Sac-Ekimi_4-2048x1442.png 2048w, https:\/\/drmetintemel.com.tr\/wp-content\/uploads\/2025\/01\/Sac-Ekimi_4-426x300.png 426w, https:\/\/drmetintemel.com.tr\/wp-content\/uploads\/2025\/01\/Sac-Ekimi_4-30x21.png 30w, https:\/\/drmetintemel.com.tr\/wp-content\/uploads\/2025\/01\/Sac-Ekimi_4-14x10.png 14w\" srcset=\"https:\/\/drmetintemel.com.tr\/wp-content\/uploads\/2025\/01\/Sac-Ekimi_4-30x21.png 30w, https:\/\/drmetintemel.com.tr\/wp-content\/uploads\/2025\/01\/Sac-Ekimi_4-300x211.png 300w, https:\/\/drmetintemel.com.tr\/wp-content\/uploads\/2025\/01\/Sac-Ekimi_4-1024x721.png 1024w, https:\/\/drmetintemel.com.tr\/wp-content\/uploads\/2025\/01\/Sac-Ekimi_4-768x541.png 768w, https:\/\/drmetintemel.com.tr\/wp-content\/uploads\/2025\/01\/Sac-Ekimi_4-1536x1081.png 1536w, https:\/\/drmetintemel.com.tr\/wp-content\/uploads\/2025\/01\/Sac-Ekimi_4-2048x1442.png 2048w, https:\/\/drmetintemel.com.tr\/wp-content\/uploads\/2025\/01\/Sac-Ekimi_4-426x300.png 426w, https:\/\/drmetintemel.com.tr\/wp-content\/uploads\/2025\/01\/Sac-Ekimi_4-14x10.png 14w\" sizes=\"(max-width: 4460px) 100vw, 4460px\" \/><\/a><\/figure><div class=\"elementor-image-box-content\"><h3 class=\"elementor-image-box-title\"><a href=\"https:\/\/drmetintemel.com.tr\/en\/fue-teknigiyle-sac-ekimi\/\">FUE tekni\u011fiyle Sa\u00e7 Ekimi<\/a><\/h3><p class=\"elementor-image-box-description\">DHI (Direct Hair Implantation), sa\u00e7 ekimi konusunda en yeni ve geli\u015fmi\u015f tekniklerden biri olarak dikkat \u00e7ekmektedir.<\/p><\/div><\/div>\t\t\t\t<\/div>\n\t\t\t\t<\/div>\n\t\t\t\t<div class=\"elementor-element elementor-element-2112b34 elementor-position-top cmsmasters-block-default cmsmasters-sticky-default elementor-widget elementor-widget-image-box\" data-id=\"2112b34\" data-element_type=\"widget\" data-e-type=\"widget\" data-widget_type=\"image-box.default\">\n\t\t\t\t<div class=\"elementor-widget-container\">\n\t\t\t\t\t<div class=\"elementor-image-box-wrapper\"><figure class=\"elementor-image-box-img\"><a href=\"https:\/\/drmetintemel.com.tr\/en\/dhi-teknigiyle-sac-ekimi\/\" tabindex=\"-1\"><img decoding=\"async\" width=\"1200\" height=\"845\" src=\"https:\/\/drmetintemel.com.tr\/wp-content\/uploads\/2025\/01\/Sac-Ekimi_8-30x21.png\" class=\"attachment-full size-full wp-image-40510 cmsmasters_img cmsmasters-lazyload lazyload\" alt=\"\" data-sizes=\"auto\" data-src=\"https:\/\/drmetintemel.com.tr\/wp-content\/uploads\/2025\/01\/Sac-Ekimi_8-e1739192059946.png\" \/><\/a><\/figure><div class=\"elementor-image-box-content\"><h3 class=\"elementor-image-box-title\"><a href=\"https:\/\/drmetintemel.com.tr\/en\/dhi-teknigiyle-sac-ekimi\/\">DHI tekni\u011fiyle sa\u00e7 ekimi<\/a><\/h3><p class=\"elementor-image-box-description\">DHI (Direct Hair Implantation) tekni\u011fi, sa\u00e7 ekimi uygulamalar\u0131nda en modern ve etkili y\u00f6ntemlerden biri olarak \u00f6ne \u00e7\u0131kmaktad\u0131r.<\/p><\/div><\/div>\t\t\t\t<\/div>\n\t\t\t\t<\/div>\n\t\t\t\t<\/div>\n\t\t\t\t<\/div>\n\t\t\t\t\t<\/div>\n\t\t\t\t<\/div>\n\t\t\t\t<\/div>","protected":false},"excerpt":{"rendered":"<p>SA\u00c7 EK\u0130M\u0130 Sa\u00e7 ekimi y\u00f6ntemleri Mikro FUE Tekni\u011fiyle sa\u00e7 ekimi Mikro FUE tekni\u011fi, do\u011fal g\u00f6r\u00fcn\u00fcml\u00fc sonu\u00e7lar sunmas\u0131 ve iz b\u0131rakmamas\u0131 nedeniyle en \u00e7ok tercih edilen y\u00f6ntemlerden biridir. FUE tekni\u011fiyle Sa\u00e7 Ekimi DHI (Direct Hair Implantation), sa\u00e7 ekimi konusunda en yeni ve geli\u015fmi\u015f tekniklerden biri olarak dikkat \u00e7ekmektedir. DHI tekni\u011fiyle sa\u00e7 ekimi DHI (Direct Hair Implantation)&#8230;<\/p>","protected":false},"author":1,"featured_media":0,"parent":0,"menu_order":0,"comment_status":"closed","ping_status":"closed","template":"","meta":{"_acf_changed":false,"footnotes":""},"class_list":["post-40255","page","type-page","status-publish","hentry"],"acf":[],"_links":{"self":[{"href":"https:\/\/drmetintemel.com.tr\/en\/wp-json\/wp\/v2\/pages\/40255","targetHints":{"allow":["GET"]}}],"collection":[{"href":"https:\/\/drmetintemel.com.tr\/en\/wp-json\/wp\/v2\/pages"}],"about":[{"href":"https:\/\/drmetintemel.com.tr\/en\/wp-json\/wp\/v2\/types\/page"}],"author":[{"embeddable":true,"href":"https:\/\/drmetintemel.com.tr\/en\/wp-json\/wp\/v2\/users\/1"}],"replies":[{"embeddable":true,"href":"https:\/\/drmetintemel.com.tr\/en\/wp-json\/wp\/v2\/comments?post=40255"}],"version-history":[{"count":34,"href":"https:\/\/drmetintemel.com.tr\/en\/wp-json\/wp\/v2\/pages\/40255\/revisions"}],"predecessor-version":[{"id":41480,"href":"https:\/\/drmetintemel.com.tr\/en\/wp-json\/wp\/v2\/pages\/40255\/revisions\/41480"}],"wp:attachment":[{"href":"https:\/\/drmetintemel.com.tr\/en\/wp-json\/wp\/v2\/media?parent=40255"}],"curies":[{"name":"wp","href":"https:\/\/api.w.org\/{rel}","templated":true}]}}