{"id":41139,"date":"2025-01-28T23:55:39","date_gmt":"2025-01-28T23:55:39","guid":{"rendered":"https:\/\/drmetintemel.com.tr\/?page_id=41139"},"modified":"2025-01-28T23:59:55","modified_gmt":"2025-01-28T23:59:55","slug":"goz-alti-isik-dolgusu","status":"publish","type":"page","link":"https:\/\/drmetintemel.com.tr\/en\/goz-alti-isik-dolgusu\/","title":{"rendered":"G\u00f6z Alt\u0131 I\u015f\u0131k Dolgusu"},"content":{"rendered":"\t\t<div data-elementor-type=\"wp-page\" data-elementor-id=\"41139\" class=\"elementor elementor-41139\">\n\t\t\t\t<div class=\"elementor-element elementor-element-1dead8c e-flex e-con-boxed cmsmasters-bg-hide-none cmsmasters-bg-hide-none cmsmasters-block-default e-con e-parent\" data-id=\"1dead8c\" data-element_type=\"container\" data-e-type=\"container\" data-settings=\"{&quot;background_background&quot;:&quot;classic&quot;}\">\n\t\t\t\t\t<div class=\"e-con-inner\">\n\t\t\t\t<div class=\"elementor-element elementor-element-11784a3 elementor-widget__width-initial cmsmasters-block-default cmsmasters-sticky-default elementor-widget elementor-widget-heading\" data-id=\"11784a3\" data-element_type=\"widget\" data-e-type=\"widget\" data-widget_type=\"heading.default\">\n\t\t\t\t<div class=\"elementor-widget-container\">\n\t\t\t\t\t<h1 class=\"elementor-heading-title elementor-size-default\">G\u00f6z Alt\u0131 I\u015f\u0131k Dolgusu<\/h1>\t\t\t\t<\/div>\n\t\t\t\t<\/div>\n\t\t\t\t\t<\/div>\n\t\t\t\t<\/div>\n\t\t<div class=\"elementor-element elementor-element-2a6aa20 e-flex e-con-boxed cmsmasters-block-default e-con e-parent\" data-id=\"2a6aa20\" data-element_type=\"container\" data-e-type=\"container\">\n\t\t\t\t\t<div class=\"e-con-inner\">\n\t\t<div class=\"elementor-element elementor-element-cbd2dd4 e-con-full e-flex cmsmasters-block-default e-con e-child\" data-id=\"cbd2dd4\" data-element_type=\"container\" data-e-type=\"container\">\n\t\t\t\t<div class=\"elementor-element elementor-element-c841c65 cmsmasters-block-default cmsmasters-sticky-default elementor-widget elementor-widget-image\" data-id=\"c841c65\" data-element_type=\"widget\" data-e-type=\"widget\" data-widget_type=\"image.default\">\n\t\t\t\t<div class=\"elementor-widget-container\">\n\t\t\t\t\t\t\t\t\t\t\t\t\t\t\t<img fetchpriority=\"high\" decoding=\"async\" width=\"900\" height=\"1024\" src=\"https:\/\/drmetintemel.com.tr\/wp-content\/uploads\/2025\/01\/goz-alti-isik-dolgusu_3-26x30.jpg\" class=\"attachment-large size-large wp-image-40436 cmsmasters_img cmsmasters-lazyload lazyload\" alt=\"\" data-sizes=\"(max-width: 900px) 100vw, 900px\" data-src=\"https:\/\/drmetintemel.com.tr\/wp-content\/uploads\/2025\/01\/goz-alti-isik-dolgusu_3-900x1024.jpg\" data-srcset=\"https:\/\/drmetintemel.com.tr\/wp-content\/uploads\/2025\/01\/goz-alti-isik-dolgusu_3-900x1024.jpg 900w, https:\/\/drmetintemel.com.tr\/wp-content\/uploads\/2025\/01\/goz-alti-isik-dolgusu_3-264x300.jpg 264w, https:\/\/drmetintemel.com.tr\/wp-content\/uploads\/2025\/01\/goz-alti-isik-dolgusu_3-768x874.jpg 768w, https:\/\/drmetintemel.com.tr\/wp-content\/uploads\/2025\/01\/goz-alti-isik-dolgusu_3-1350x1536.jpg 1350w, https:\/\/drmetintemel.com.tr\/wp-content\/uploads\/2025\/01\/goz-alti-isik-dolgusu_3-1800x2048.jpg 1800w, https:\/\/drmetintemel.com.tr\/wp-content\/uploads\/2025\/01\/goz-alti-isik-dolgusu_3-30x34.jpg 30w, https:\/\/drmetintemel.com.tr\/wp-content\/uploads\/2025\/01\/goz-alti-isik-dolgusu_3-26x30.jpg 26w, https:\/\/drmetintemel.com.tr\/wp-content\/uploads\/2025\/01\/goz-alti-isik-dolgusu_3-9x10.jpg 9w, https:\/\/drmetintemel.com.tr\/wp-content\/uploads\/2025\/01\/goz-alti-isik-dolgusu_3.jpg 1875w\" srcset=\"https:\/\/drmetintemel.com.tr\/wp-content\/uploads\/2025\/01\/goz-alti-isik-dolgusu_3-26x30.jpg 26w, https:\/\/drmetintemel.com.tr\/wp-content\/uploads\/2025\/01\/goz-alti-isik-dolgusu_3-264x300.jpg 264w, https:\/\/drmetintemel.com.tr\/wp-content\/uploads\/2025\/01\/goz-alti-isik-dolgusu_3-900x1024.jpg 900w, https:\/\/drmetintemel.com.tr\/wp-content\/uploads\/2025\/01\/goz-alti-isik-dolgusu_3-768x874.jpg 768w, https:\/\/drmetintemel.com.tr\/wp-content\/uploads\/2025\/01\/goz-alti-isik-dolgusu_3-1350x1536.jpg 1350w, https:\/\/drmetintemel.com.tr\/wp-content\/uploads\/2025\/01\/goz-alti-isik-dolgusu_3-1800x2048.jpg 1800w, https:\/\/drmetintemel.com.tr\/wp-content\/uploads\/2025\/01\/goz-alti-isik-dolgusu_3-30x34.jpg 30w, https:\/\/drmetintemel.com.tr\/wp-content\/uploads\/2025\/01\/goz-alti-isik-dolgusu_3-9x10.jpg 9w, https:\/\/drmetintemel.com.tr\/wp-content\/uploads\/2025\/01\/goz-alti-isik-dolgusu_3.jpg 1875w\" sizes=\"(max-width: 900px) 100vw, 900px\" \/>\t\t\t\t\t\t\t\t\t\t\t\t\t\t\t<\/div>\n\t\t\t\t<\/div>\n\t\t\t\t<div class=\"elementor-element elementor-element-f622876 cmsmasters-block-default cmsmasters-sticky-default elementor-widget elementor-widget-heading\" data-id=\"f622876\" data-element_type=\"widget\" data-e-type=\"widget\" data-widget_type=\"heading.default\">\n\t\t\t\t<div class=\"elementor-widget-container\">\n\t\t\t\t\t<h4 class=\"elementor-heading-title elementor-size-default\">Formu Doldurun Sizi Arayal\u0131m<\/h4>\t\t\t\t<\/div>\n\t\t\t\t<\/div>\n\t\t\t\t<div class=\"elementor-element elementor-element-cd22c7d cmsmasters-block-default cmsmasters-sticky-default elementor-widget elementor-widget-shortcode\" data-id=\"cd22c7d\" data-element_type=\"widget\" data-e-type=\"widget\" data-widget_type=\"shortcode.default\">\n\t\t\t\t<div class=\"elementor-widget-container\">\n\t\t\t\t\t\t\t<div class=\"elementor-shortcode\"><div data-uniq='69f1ff51278f7' class='uniq-69f1ff51278f7 formcraft-css form-live align-left'><script> window.formcraftLogic = window.formcraftLogic || {}; window.formcraftLogic[1] = []; <\/script><div class=\"fc-pagination-cover fc-pagination-1\">\n\t\t\t\t<div class=\"fc-pagination width-100\">\n\t\t\t\t\t<!-- ngRepeat: page in Builder.FormElements track by $index --><div class=\"pagination-trigger \" data-index=\"0\">\n\t\t\t\t\t\t<span class=\"page-number\"><span >1<\/span><\/span>\n\t\t\t\t\t\t<span class=\"page-name \">Step 1<\/span>\n\t\t\t\t\t\t\n\t\t\t\t\t<\/div><!-- end ngRepeat: page in Builder.FormElements track by $index -->\n\t\t\t\t<\/div>\n\t\t\t<\/div>\n\t\t\t\n\t\t\t<style scoped=\"scoped\" >\n\t\t\t@media (max-width : 480px) {\n\t\t\t\t.fc_modal-dialog-1 .fc-pagination-cover .fc-pagination\n\t\t\t\t{\n\t\t\t\t\tbackground-color: white !important;\n\t\t\t\t}\n\t\t\t}\n\t\t\t\t\t\t.formcraft-css .fc-form.fc-form-1 .form-element .submit-cover .submit-button,\n\t\t\t.formcraft-css .fc-form.fc-form-1 .form-element .fileupload-cover .button-file,\n\t\t\t.formcraft-css .fc-form.fc-form-1 .form-element .field-cover .button,\n\t\t\t.formcraft-datepicker .ui-datepicker-header,\n\t\t\t.formcraft-datepicker .ui-datepicker-title\n\t\t\t{\n\t\t\t\tbackground: #d7a67b;\n\t\t\t\tcolor: #ffffff;\n\t\t\t}\n\t\t\t.formcraft-datepicker td .ui-state-active,\n\t\t\t.formcraft-datepicker td .ui-state-hover,\n\t\t\t.formcraft-css .fc-form.fc-form-1 .form-element .slider-cover .ui-slider-range\n\t\t\t{\n\t\t\t\tbackground: #d7a67b;\n\t\t\t}\n\t\t\t#ui-datepicker-div.formcraft-datepicker .ui-datepicker-header,\n\t\t\t.formcraft-css .fc-form .field-cover>div.full hr\n\t\t\t{\n\t\t\t\tborder-color: #bd926c;\n\t\t\t}\n\t\t\t#ui-datepicker-div.formcraft-datepicker .ui-datepicker-prev:hover,\n\t\t\t#ui-datepicker-div.formcraft-datepicker .ui-datepicker-next:hover,\n\t\t\t#ui-datepicker-div.formcraft-datepicker select.ui-datepicker-month:hover,\n\t\t\t#ui-datepicker-div.formcraft-datepicker select.ui-datepicker-year:hover\n\t\t\t{\n\t\t\t\tbackground-color: #bd926c;\n\t\t\t}\n\t\t\t.formcraft-css .fc-pagination>div.active .page-number,\n\t\t\t.formcraft-css .form-cover-builder .fc-pagination>div:first-child .page-number\n\t\t\t{\n\t\t\t\tbackground-color: #dd9933;\n\t\t\t\tcolor: #ffffff;\n\t\t\t}\n\t\t\t#ui-datepicker-div.formcraft-datepicker table.ui-datepicker-calendar th,\n\t\t\t#ui-datepicker-div.formcraft-datepicker table.ui-datepicker-calendar td.ui-datepicker-today a,\n\t\t\t.formcraft-css .fc-form.fc-form-1 .form-element .star-cover label,\n\t\t\thtml .formcraft-css .fc-form.label-floating .form-element .field-cover.has-focus>span,\n\t\t\t.formcraft-css .fc-form.fc-form-1 .form-element .customText-cover a,\n\t\t\t.formcraft-css .prev-next>div span:hover\n\t\t\t{\n\t\t\t\tcolor: #d7a67b;\n\t\t\t}\n\t\t\t.formcraft-css .fc-form.fc-form-1 .form-element .customText-cover a:hover\n\t\t\t{\n\t\t\t\tcolor: #bd926c;\n\t\t\t}\n\t\t\thtml .formcraft-css .fc-form.fc-form-1.label-floating .form-element .field-cover > span\n\t\t\t{\n\t\t\t\tcolor: #666666;\n\t\t\t}\n\t\t\thtml .formcraft-css .fc-form .final-success .final-success-check {\n\t\t\t\tborder: 2px solid #666666;\n\t\t\t}\n\t\t\t.formcraft-css .fc-form.fc-form-1 .form-element .field-cover input[type=\"text\"],\n\t\t\t.formcraft-css .fc-form.fc-form-1 .form-element .field-cover input[type=\"email\"],\n\t\t\t.formcraft-css .fc-form.fc-form-1 .form-element .field-cover input[type=\"password\"],\n\t\t\t.formcraft-css .fc-form.fc-form-1 .form-element .field-cover input[type=\"tel\"],\n\t\t\t.formcraft-css .fc-form.fc-form-1 .form-element .field-cover textarea,\n\t\t\t.formcraft-css .fc-form.fc-form-1 .form-element .field-cover select,\n\t\t\t.formcraft-css .fc-form.fc-form-1 .form-element .field-cover .time-fields-cover,\n\t\t\t.formcraft-css .fc-form.fc-form-1 .form-element .field-cover .awesomplete ul\n\t\t\t{\n\t\t\t\tcolor: #777;\n\t\t\t}\n\t\t\t.formcraft-css .fc-form.fc-form-1 .form-element .field-cover input[type=\"text\"],\n\t\t\t.formcraft-css .fc-form.fc-form-1 .form-element .field-cover input[type=\"password\"],\n\t\t\t.formcraft-css .fc-form.fc-form-1 .form-element .field-cover input[type=\"email\"],\n\t\t\t.formcraft-css .fc-form.fc-form-1 .form-element .field-cover input[type=\"radio\"],\n\t\t\t.formcraft-css .fc-form.fc-form-1 .form-element .field-cover input[type=\"checkbox\"],\n\t\t\t.formcraft-css .fc-form.fc-form-1 .form-element .field-cover input[type=\"tel\"],\n\t\t\t.formcraft-css .fc-form.fc-form-1 .form-element .field-cover select,\n\t\t\t.formcraft-css .fc-form.fc-form-1 .form-element .field-cover textarea\n\t\t\t{\n\t\t\t\tbackground-color: #fafafa;\n\t\t\t}\n\t\t\t.formcraft-css .fc-form.fc-form-1 .form-element .field-cover input[type=\"radio\"]:checked,\n\t\t\t.formcraft-css .fc-form.fc-form-1 .form-element .field-cover input[type=\"checkbox\"]:checked {\n\t\t\t\tborder-color: #bd926c;\n\t\t\t\tbackground: #d7a67b;\t\t\t\t\n\t\t\t}\n\t\t\t.formcraft-css .fc-form.fc-form-1 .form-element .star-cover label .star\n\t\t\t{\n\t\t\t\ttext-shadow: 0px 1px 0px #bd926c;\n\t\t\t}\n\t\t\t.formcraft-css .fc-form.fc-form-1 .form-element .slider-cover .ui-slider-range\n\t\t\t{\n\t\t\t\tbox-shadow: 0px 1px 1px #bd926c inset;\n\t\t\t}\n\t\t\t.formcraft-css .fc-form.fc-form-1 .form-element .fileupload-cover .button-file\n\t\t\t{\n\t\t\t\tborder-color: #bd926c;\n\t\t\t}\n\t\t\t.formcraft-css .fc-form.fc-form-1 .form-element .form-element-html input[type=\"password\"]:focus,\n\t\t\t.formcraft-css .fc-form.fc-form-1 .form-element .form-element-html input[type=\"email\"]:focus,\n\t\t\t.formcraft-css .fc-form.fc-form-1 .form-element .form-element-html input[type=\"tel\"]:focus,\n\t\t\t.formcraft-css .fc-form.fc-form-1 .form-element .form-element-html input[type=\"text\"]:focus,\n\t\t\t.formcraft-css .fc-form.fc-form-1 .form-element .form-element-html textarea:focus,\n\t\t\t.formcraft-css .fc-form.fc-form-1 .form-element .form-element-html select:focus\n\t\t\t{\n\t\t\t\tborder-color: #d7a67b;\n\t\t\t}\n\t\t\t.formcraft-css .fc-form.fc-form-1 .form-element .form-element-html .field-cover .is-read-only:focus {\n\t\t\t\tborder-color: #ccc;\n\t\t\t}\n\t\t\t.formcraft-css .fc-form.fc-form-1\t\t\t{\n\t\t\t\tfont-family: inherit;\n\t\t\t}\n\t\t\t@media (max-width : 480px) {\n\t\t\t\thtml .dedicated-page,\n\t\t\t\thtml .dedicated-page .formcraft-css .fc-pagination > div.active\n\t\t\t\t{\n\t\t\t\t\tbackground: white;\n\t\t\t\t}\n\t\t\t}\n\t\t<\/style>\n\t\t<div class=\"form-cover\">\n\t\t\t<form data-auto-scroll=\"\" data-no-message-redirect=\"\" data-thousand=\"\" data-decimal=\".\" data-delay=\"\" data-id=\"1\" class=\"fc-form fc-form-1 align- fc-temp-class save-form- dont-submit-hidden- remove-asterisk- icons-hide- disable-enter- label-placeholder field-border-visible frame-visible field-alignment-left\" style=\"width: 70%; color: #666666; font-size: 100%; background: white\">\n\t\t\t\t<!-- ngRepeat: page in Builder.FormElements track by $index --><div class=\"form-page form-page-0\" data-index=\"0\">\n\t\t\t\t\t\n\t\t\t\t\t<div class=\"form-page-content      ng-not-empty\">\n\t\t\t\t\t\t<div data-identifier=\"field2\" data-index=\"0\" style=\"width: 100%\" class=\" form-element form-element-field2 options-false form-element-0 default-false form-element-type-oneLineText is-required-true odd -handle\">\n\t\t\t\t\t\t\t<div class=\"form-element-html\"><div ><label class=\"oneLineText-cover field-cover  \"><span class=\"sub-label-true\"><span class=\"main-label\"><span >Ad Soyad<\/span><\/span><span class=\"sub-label\"><span >your full name<\/span><\/span><\/span><div><span class=\"error\"><\/span><input type=\"text\" placeholder=\"Ad Soyad\" make-read-only=\"false\" data-field-id=\"field2\" name=\"field2[]\" data-min-char=\"\" data-max-char=\"\" data-val-type=\"\" data-regexp=\"\" data-is-required=\"true\" data-allow-spaces=\"true\" class=\"validation-lenient\" data-placement=\"right\" data-toggle=\"tooltip\" tooltip=\"\" data-trigger=\"focus\" data-html=\"true\" data-input-mask=\"\" data-mask-placeholder=\"\" data-original-title=\"\"><i class=\"formcraft-icon formcraft-icon-type-\"><\/i><\/div><\/label><\/div><\/div>\n\t\t\t\t\t\t\t\n\t\t\t\t\t\t<\/div><div data-identifier=\"field3\" data-index=\"1\" style=\"width: 100%\" class=\" even form-element form-element-field3 options-false form-element-1 default-false form-element-type-oneLineText is-required-true -handle\">\n\t\t\t\t\t\t\t<div class=\"form-element-html\"><div ><label class=\"oneLineText-cover field-cover  \"><span class=\"sub-label-true\"><span class=\"main-label\"><span >Telefon<\/span><\/span><span class=\"sub-label\"><span >your full name<\/span><\/span><\/span><div><span class=\"error\"><\/span><input type=\"text\" placeholder=\"Telefon\" make-read-only=\"false\" data-field-id=\"field3\" name=\"field3[]\" data-min-char=\"\" data-max-char=\"\" data-val-type=\"\" data-regexp=\"\" data-is-required=\"true\" data-allow-spaces=\"true\" class=\"validation-lenient\" data-placement=\"right\" data-toggle=\"tooltip\" tooltip=\"\" data-trigger=\"focus\" data-html=\"true\" data-input-mask=\"\" data-mask-placeholder=\"\" data-original-title=\"\"><i class=\"formcraft-icon formcraft-icon-type-\"><\/i><\/div><\/label><\/div><\/div>\n\t\t\t\t\t\t\t\n\t\t\t\t\t\t<\/div><div data-identifier=\"field1\" data-index=\"2\" style=\"width: 100%\" class=\" form-element form-element-field1 options-false form-element-2 default-false form-element-type-email is-required-true odd -handle\">\n\t\t\t\t\t\t\t<div class=\"form-element-html\"><div ><label class=\"email-cover field-cover  \"><span class=\"sub-label-true\"><span class=\"main-label\"><span >Email<\/span><\/span><span class=\"sub-label\"><span >a valid email<\/span><\/span><\/span><div><span class=\"error\"><\/span><input placeholder=\"Email\" data-field-id=\"field1\" type=\"text\" data-val-type=\"email\" make-read-only=\"\" data-is-required=\"true\" name=\"field1\" class=\"validation-lenient\" data-placement=\"right\" data-toggle=\"tooltip\" tooltip=\"\" data-trigger=\"focus\" data-html=\"true\" data-original-title=\"\"><i class=\"formcraft-icon\">email<\/i><\/div><\/label><\/div><\/div>\n\t\t\t\t\t\t\t\n\t\t\t\t\t\t<\/div><div data-identifier=\"field8\" data-index=\"3\" style=\"width: 100%\" class=\" even form-element form-element-field8 options-false form-element-3 default-false form-element-type-textarea is-required-false -handle\">\n\t\t\t\t\t\t\t<div class=\"form-element-html\"><div ><label class=\"textarea-cover field-cover  \"><span class=\"sub-label-true\"><span class=\"main-label\"><span >Eklemek \u0130stedi\u011finiz Detaylar<\/span><\/span><span class=\"sub-label\"><span >more details<\/span><\/span><\/span><div><span class=\"error\"><\/span><textarea data-field-id=\"field8\" placeholder=\"Eklemek \u0130stedi\u011finiz Detaylar\" class=\"validation-lenient\" name=\"field8\" value=\"\" rows=\"3\" data-min-char=\"\" data-max-char=\"\" data-is-required=\"false\" data-placement=\"right\" data-toggle=\"tooltip\" tooltip=\"\" data-trigger=\"focus\" data-html=\"true\" data-original-title=\"\" style=\"min-height: 74.3906px\"><\/textarea><div class=\"count-\"><span class=\"current-count\">0<\/span> \/ <span class=\"max-count \"><\/span><\/div><\/div><\/label><\/div><\/div>\n\t\t\t\t\t\t\t\n\t\t\t\t\t\t<\/div><div data-identifier=\"field6\" data-index=\"4\" style=\"width: 100%\" class=\" form-element form-element-field6 options-false form-element-4 default-false form-element-type-checkbox is-required-false odd -handle\">\n\t\t\t\t\t\t\t<div class=\"form-element-html\"><div ><div class=\"images- checkbox-cover field-cover\"><span class=\"sub-label-false\"><span class=\"main-label\"><span >Size nas\u0131l ula\u015fmam\u0131z\u0131 istersiniz?<\/span><\/span><span class=\"sub-label\"><\/span><\/span><div data-placement=\"right\" data-toggle=\"tooltip\" tooltip=\"\" data-trigger=\"hover\" data-html=\"true\" data-original-title=\"\"><span class=\"error\"><\/span><label style=\"width:\" ><img alt=\"\"><input data-field-id=\"field6\" type=\"checkbox\" data-is-required=\"false\" name=\"field6[]\" value=\"Telefon\" class=\"validation-lenient\"><span><span >Telefon<\/span><\/span><\/label><label style=\"width:\" ><img alt=\"\"><input data-field-id=\"field6\" type=\"checkbox\" data-is-required=\"false\" name=\"field6[]\" value=\"Whatsapp\" class=\"validation-lenient\"><span><span >Whatsapp<\/span><\/span><\/label><\/div><\/div><\/div><\/div>\n\t\t\t\t\t\t\t\n\t\t\t\t\t\t<\/div><div data-identifier=\"field10\" data-index=\"5\" style=\"width: 100%\" class=\" even form-element form-element-field10 options-false form-element-5 default-false form-element-type-heading is-required-false -handle\">\n\t\t\t\t\t\t\t<div class=\"form-element-html\"><div ><div style=\"background-color:\" class=\"heading-cover field-cover \"><div style=\"text-align: left; font-size: 0.6999999999999997em; padding-top: ; padding-bottom: ; color:\" class=\"bold-true\"><span >Yasal Uyar\u0131: Yasal Uyar\u0131: Ki\u015fisel Verilerin Korunmas\u0131 Kanunu'nun Web Sitesi Kullan\u0131m Ko\u015fullar\u0131 ve Gizlilik Politikas\u0131'n\u0131 okudu\u011funuzu kabul etmektesiniz.<\/span><\/div><input type=\"hidden\" data-field-id=\"field10\" name=\"field10[]\" value=\"Yasal Uyar\u0131: Yasal Uyar\u0131: Ki\u015fisel Verilerin Korunmas\u0131 Kanunu'nun Web Sitesi Kullan\u0131m Ko\u015fullar\u0131 ve Gizlilik Politikas\u0131'n\u0131 okudu\u011funuzu kabul etmektesiniz.\"><\/div><\/div><\/div>\n\t\t\t\t\t\t\t\n\t\t\t\t\t\t<\/div><div data-identifier=\"field11\" data-index=\"6\" style=\"width: 100%\" class=\" form-element form-element-field11 options-false form-element-6 default-false form-element-type-submit is-required-false odd -handle\">\n\t\t\t\t\t\t\t<div class=\"form-element-html\"><div ><div class=\"align-center wide-true submit-cover field-cover\"><button type=\"submit\" class=\"button submit-button\"><span class=\"text \">G\u00d6NDER<\/span><span class=\"spin-cover\"><i style=\"color:\" class=\"loading-icon icon-cog animate-spin\"><\/i><\/span><\/button><\/div><div class=\"submit-response \"><\/div><label ><input type=\"text\" class=\"required_field\" name=\"website\" autocomplete=\"maple-syrup-pot\"><\/label><\/div><\/div>\n\t\t\t\t\t\t\t\n\t\t\t\t\t\t<\/div>\n\t\t\t\t\t<\/div>\n\t\t\t\t<\/div><!-- end ngRepeat: page in Builder.FormElements track by $index -->\n\t\t\t<\/form>\n\t\t\t<div class=\"prev-next prev-next-1\" style=\"width: 70%; color: #666666; font-size: 100%; background: white\">\n\t\t\t\t<div>\n\t\t\t\t\t\n\t\t\t\t\t<span class=\"inactive page-prev \"><i class=\"formcraft-icon\">keyboard_arrow_left<\/i>Previous<\/span><\/div>\n\t\t\t\t<div>\n\t\t\t\t\t\n\t\t\t\t\t<span class=\"page-next \">Next<i class=\"formcraft-icon\">keyboard_arrow_right<\/i><\/span><\/div>\n\t\t\t<\/div>\n\t\t<\/div><\/div><\/div>\n\t\t\t\t\t\t<\/div>\n\t\t\t\t<\/div>\n\t\t\t\t<\/div>\n\t\t<div class=\"elementor-element elementor-element-b7fcc56 e-con-full e-flex cmsmasters-block-default e-con e-child\" data-id=\"b7fcc56\" data-element_type=\"container\" data-e-type=\"container\">\n\t\t\t\t<div class=\"elementor-element elementor-element-7bab000 cmsmasters-block-default cmsmasters-sticky-default elementor-widget elementor-widget-heading\" data-id=\"7bab000\" data-element_type=\"widget\" data-e-type=\"widget\" data-widget_type=\"heading.default\">\n\t\t\t\t<div class=\"elementor-widget-container\">\n\t\t\t\t\t<h2 class=\"elementor-heading-title elementor-size-default\">G\u00f6z Alt\u0131 I\u015f\u0131k Dolgusu<\/h2>\t\t\t\t<\/div>\n\t\t\t\t<\/div>\n\t\t\t\t<div class=\"elementor-element elementor-element-7960356 cmsmasters-block-default cmsmasters-sticky-default elementor-widget elementor-widget-text-editor\" data-id=\"7960356\" data-element_type=\"widget\" data-e-type=\"widget\" data-widget_type=\"text-editor.default\">\n\t\t\t\t<div class=\"elementor-widget-container\">\n\t\t\t\t\t\t\t\t\t<p>G\u00f6z alt\u0131 \u0131\u015f\u0131k dolgusu, g\u00f6z \u00e7evresindeki koyu halkalar, \u00e7\u00f6k\u00fckl\u00fck ve yorgun g\u00f6r\u00fcn\u00fcm gibi estetik sorunlar\u0131 gidermek amac\u0131yla yap\u0131lan, ameliyats\u0131z ve h\u0131zl\u0131 bir \u00e7\u00f6z\u00fcmd\u00fcr. Bu uygulamada, g\u00f6z alt\u0131 b\u00f6lgesine hyaluronik asit bazl\u0131 \u00f6zel bir dolgu maddesi enjekte edilerek cildin daha canl\u0131, ayd\u0131nl\u0131k ve sa\u011fl\u0131kl\u0131 g\u00f6r\u00fcnmesi sa\u011flan\u0131r.<\/p><p>\u00d6zellikle ya\u015flanmaya ba\u011fl\u0131 hacim kayb\u0131, genetik fakt\u00f6rler, stres ve uykusuzluk gibi etkenler g\u00f6z alt\u0131 b\u00f6lgesinde morluk, \u00e7\u00f6k\u00fckl\u00fck ve ince k\u0131r\u0131\u015f\u0131kl\u0131klar olu\u015fmas\u0131na neden olabilir. G\u00f6z alt\u0131 \u0131\u015f\u0131k dolgusu, bu belirtileri hafifletmek ve daha gen\u00e7 bir g\u00f6r\u00fcn\u00fcm elde etmek i\u00e7in ideal bir uygulamad\u0131r.<\/p><h5><strong>G\u00f6z Alt\u0131 I\u015f\u0131k Dolgusu Nas\u0131l Yap\u0131l\u0131r?<\/strong><\/h5><p>G\u00f6z alt\u0131 \u0131\u015f\u0131k dolgusu, uzman bir doktor taraf\u0131ndan ger\u00e7ekle\u015ftirilen ve yakla\u015f\u0131k 15-20 dakika s\u00fcren bir i\u015flemdir. \u0130\u015flem \u00f6ncesinde, uygulama b\u00f6lgesine lokal anestezik krem s\u00fcr\u00fclerek ki\u015finin konforu art\u0131r\u0131l\u0131r. Daha sonra, g\u00f6z alt\u0131 b\u00f6lgesine \u00f6zel olarak geli\u015ftirilen dolgu maddesi ince u\u00e7lu i\u011fne veya kan\u00fcl yard\u0131m\u0131yla enjekte edilir.<\/p><h5><strong>G\u00f6z alt\u0131 \u0131\u015f\u0131k dolgusu i\u015flemi \u015fu etkileri sa\u011flar:<\/strong><\/h5><ul><li><strong>G\u00f6z alt\u0131ndaki \u00e7\u00f6k\u00fckl\u00fckleri ve hacim kayb\u0131n\u0131 giderir.<\/strong><\/li><li><strong>Koyu halkalar\u0131 hafifletir ve cilde daha ayd\u0131nl\u0131k bir g\u00f6r\u00fcn\u00fcm kazand\u0131r\u0131r.<\/strong><\/li><li><strong>Cildin nem dengesini art\u0131rarak daha sa\u011fl\u0131kl\u0131 bir yap\u0131 olu\u015fturur.<\/strong><\/li><li><strong>\u0130nce k\u0131r\u0131\u015f\u0131kl\u0131klar\u0131 azaltarak daha p\u00fcr\u00fczs\u00fcz bir g\u00f6r\u00fcn\u00fcm sa\u011flar.<\/strong><\/li><\/ul><p>\u0130\u015flem sonras\u0131 sonu\u00e7lar hemen fark edilir, ancak tam etkiler genellikle birka\u00e7 g\u00fcn i\u00e7inde belirgin hale gelir.<\/p><h5><strong>G\u00f6z Alt\u0131 I\u015f\u0131k Dolgusu Kimler \u0130\u00e7in Uygundur?<\/strong><\/h5><p>G\u00f6z alt\u0131 \u0131\u015f\u0131k dolgusu, a\u015fa\u011f\u0131daki estetik kayg\u0131lar\u0131 ya\u015fayan ki\u015filer i\u00e7in uygundur:<\/p><ul><li>G\u00f6z alt\u0131 b\u00f6lgesinde belirgin \u00e7\u00f6k\u00fckl\u00fck olanlar<\/li><li>Koyu halka ve morluklardan \u015fikayet edenler<\/li><li>G\u00f6z \u00e7evresinde yorgun ve ya\u015fl\u0131 bir ifade olu\u015fmu\u015f olanlar<\/li><li>Daha ayd\u0131nl\u0131k ve gen\u00e7 bir g\u00f6r\u00fcn\u00fcm elde etmek isteyenler<\/li><\/ul><p>Ancak hamileler, emziren anneler, kan p\u0131ht\u0131la\u015fma bozuklu\u011fu olanlar ve baz\u0131 kronik rahats\u0131zl\u0131klar\u0131 bulunan bireyler i\u00e7in bu i\u015flem \u00f6nerilmemektedir.<\/p>\t\t\t\t\t\t\t\t<\/div>\n\t\t\t\t<\/div>\n\t\t\t\t<div class=\"elementor-element elementor-element-135961f cmsmasters-block-default cmsmasters-sticky-default elementor-widget elementor-widget-text-editor\" data-id=\"135961f\" data-element_type=\"widget\" data-e-type=\"widget\" data-widget_type=\"text-editor.default\">\n\t\t\t\t<div class=\"elementor-widget-container\">\n\t\t\t\t\t\t\t\t\t<aside id=\"text-2\" class=\"widget widget_text\"><h5 class=\"widget_title\">\u00d6nemli Bilgilendirme<\/h5><div class=\"textwidget\"><p>Web sitemizin i\u00e7eri\u011fi, ziyaret\u00e7iyi bilgilendirmeye y\u00f6nelik haz\u0131rlanm\u0131\u015ft\u0131r. Sitede yer alan bilgiler, hi\u00e7bir zaman bir hekim tedavisinin ya da kons\u00fcltasyonunun yerini alamaz. Bu kaynaktan yola \u00e7\u0131karak, ila\u00e7 tedavisine ba\u015flanmas\u0131 ya da mevcut tedavinin de\u011fi\u015ftirilmesi kesinlikte tavsiye edilmez.<\/p><\/div><\/aside><aside id=\"text-3\" class=\"widget widget_text\"><div class=\"textwidget\"><p><strong>G\u00fcncelleme Tarihi :<\/strong>\u00a001.01.2025<\/p><\/div><\/aside>\t\t\t\t\t\t\t\t<\/div>\n\t\t\t\t<\/div>\n\t\t\t\t<\/div>\n\t\t\t\t\t<\/div>\n\t\t\t\t<\/div>\n\t\t\t\t<\/div>\n\t\t","protected":false},"excerpt":{"rendered":"<p>G\u00f6z Alt\u0131 I\u015f\u0131k Dolgusu Formu Doldurun Sizi Arayal\u0131m G\u00f6z Alt\u0131 I\u015f\u0131k Dolgusu G\u00f6z alt\u0131 \u0131\u015f\u0131k dolgusu, g\u00f6z \u00e7evresindeki koyu halkalar, \u00e7\u00f6k\u00fckl\u00fck ve yorgun g\u00f6r\u00fcn\u00fcm gibi estetik sorunlar\u0131 gidermek amac\u0131yla yap\u0131lan, ameliyats\u0131z ve h\u0131zl\u0131 bir \u00e7\u00f6z\u00fcmd\u00fcr. Bu uygulamada, g\u00f6z alt\u0131 b\u00f6lgesine hyaluronik asit bazl\u0131 \u00f6zel bir dolgu maddesi enjekte edilerek cildin daha canl\u0131, ayd\u0131nl\u0131k ve sa\u011fl\u0131kl\u0131&#8230;<\/p>","protected":false},"author":1,"featured_media":0,"parent":0,"menu_order":0,"comment_status":"closed","ping_status":"closed","template":"","meta":{"_acf_changed":false,"footnotes":""},"class_list":["post-41139","page","type-page","status-publish","hentry"],"acf":[],"_links":{"self":[{"href":"https:\/\/drmetintemel.com.tr\/en\/wp-json\/wp\/v2\/pages\/41139","targetHints":{"allow":["GET"]}}],"collection":[{"href":"https:\/\/drmetintemel.com.tr\/en\/wp-json\/wp\/v2\/pages"}],"about":[{"href":"https:\/\/drmetintemel.com.tr\/en\/wp-json\/wp\/v2\/types\/page"}],"author":[{"embeddable":true,"href":"https:\/\/drmetintemel.com.tr\/en\/wp-json\/wp\/v2\/users\/1"}],"replies":[{"embeddable":true,"href":"https:\/\/drmetintemel.com.tr\/en\/wp-json\/wp\/v2\/comments?post=41139"}],"version-history":[{"count":7,"href":"https:\/\/drmetintemel.com.tr\/en\/wp-json\/wp\/v2\/pages\/41139\/revisions"}],"predecessor-version":[{"id":41150,"href":"https:\/\/drmetintemel.com.tr\/en\/wp-json\/wp\/v2\/pages\/41139\/revisions\/41150"}],"wp:attachment":[{"href":"https:\/\/drmetintemel.com.tr\/en\/wp-json\/wp\/v2\/media?parent=41139"}],"curies":[{"name":"wp","href":"https:\/\/api.w.org\/{rel}","templated":true}]}}