{"id":41465,"date":"2025-02-10T12:49:58","date_gmt":"2025-02-10T12:49:58","guid":{"rendered":"https:\/\/drmetintemel.com.tr\/?page_id=41465"},"modified":"2025-02-10T15:05:44","modified_gmt":"2025-02-10T15:05:44","slug":"mikro-fue-teknigiyle-sac-ekimi","status":"publish","type":"page","link":"https:\/\/drmetintemel.com.tr\/en\/mikro-fue-teknigiyle-sac-ekimi\/","title":{"rendered":"Mikro FUE Tekni\u011fiyle sa\u00e7 ekimi"},"content":{"rendered":"\t\t<div data-elementor-type=\"wp-page\" data-elementor-id=\"41465\" class=\"elementor elementor-41465\">\n\t\t\t\t<div class=\"elementor-element elementor-element-1dead8c e-flex e-con-boxed cmsmasters-bg-hide-none cmsmasters-bg-hide-none cmsmasters-block-default e-con e-parent\" data-id=\"1dead8c\" data-element_type=\"container\" data-e-type=\"container\" data-settings=\"{&quot;background_background&quot;:&quot;classic&quot;}\">\n\t\t\t\t\t<div class=\"e-con-inner\">\n\t\t\t\t<div class=\"elementor-element elementor-element-11784a3 elementor-widget__width-initial cmsmasters-block-default cmsmasters-sticky-default elementor-widget elementor-widget-heading\" data-id=\"11784a3\" data-element_type=\"widget\" data-e-type=\"widget\" data-widget_type=\"heading.default\">\n\t\t\t\t<div class=\"elementor-widget-container\">\n\t\t\t\t\t<h1 class=\"elementor-heading-title elementor-size-default\">Mikro FUE Tekni\u011fiyle sa\u00e7 ekimi<\/h1>\t\t\t\t<\/div>\n\t\t\t\t<\/div>\n\t\t\t\t\t<\/div>\n\t\t\t\t<\/div>\n\t\t<div class=\"elementor-element elementor-element-2a6aa20 e-flex e-con-boxed cmsmasters-block-default e-con e-parent\" data-id=\"2a6aa20\" data-element_type=\"container\" data-e-type=\"container\">\n\t\t\t\t\t<div class=\"e-con-inner\">\n\t\t<div class=\"elementor-element elementor-element-cbd2dd4 e-con-full e-flex cmsmasters-block-default e-con e-child\" data-id=\"cbd2dd4\" data-element_type=\"container\" data-e-type=\"container\">\n\t\t\t\t<div class=\"elementor-element elementor-element-c841c65 cmsmasters-block-default cmsmasters-sticky-default elementor-widget elementor-widget-image\" data-id=\"c841c65\" data-element_type=\"widget\" data-e-type=\"widget\" data-widget_type=\"image.default\">\n\t\t\t\t<div class=\"elementor-widget-container\">\n\t\t\t\t\t\t\t\t\t\t\t\t\t\t\t<img fetchpriority=\"high\" decoding=\"async\" width=\"1024\" height=\"721\" src=\"https:\/\/drmetintemel.com.tr\/wp-content\/uploads\/2025\/01\/Sac-Ekimi_2-30x21.png\" class=\"attachment-large size-large wp-image-40504 cmsmasters_img cmsmasters-lazyload lazyload\" alt=\"\" data-sizes=\"(max-width: 1024px) 100vw, 1024px\" data-src=\"https:\/\/drmetintemel.com.tr\/wp-content\/uploads\/2025\/01\/Sac-Ekimi_2-1024x721.png\" data-srcset=\"https:\/\/drmetintemel.com.tr\/wp-content\/uploads\/2025\/01\/Sac-Ekimi_2-1024x721.png 1024w, https:\/\/drmetintemel.com.tr\/wp-content\/uploads\/2025\/01\/Sac-Ekimi_2-300x211.png 300w, https:\/\/drmetintemel.com.tr\/wp-content\/uploads\/2025\/01\/Sac-Ekimi_2-768x541.png 768w, https:\/\/drmetintemel.com.tr\/wp-content\/uploads\/2025\/01\/Sac-Ekimi_2-1536x1081.png 1536w, https:\/\/drmetintemel.com.tr\/wp-content\/uploads\/2025\/01\/Sac-Ekimi_2-2048x1442.png 2048w, https:\/\/drmetintemel.com.tr\/wp-content\/uploads\/2025\/01\/Sac-Ekimi_2-426x300.png 426w, https:\/\/drmetintemel.com.tr\/wp-content\/uploads\/2025\/01\/Sac-Ekimi_2-30x21.png 30w, https:\/\/drmetintemel.com.tr\/wp-content\/uploads\/2025\/01\/Sac-Ekimi_2-14x10.png 14w, https:\/\/drmetintemel.com.tr\/wp-content\/uploads\/2025\/01\/Sac-Ekimi_2-e1739191095753.png 1200w\" \/>\t\t\t\t\t\t\t\t\t\t\t\t\t\t\t<\/div>\n\t\t\t\t<\/div>\n\t\t\t\t<div class=\"elementor-element elementor-element-f622876 cmsmasters-block-default cmsmasters-sticky-default elementor-widget elementor-widget-heading\" data-id=\"f622876\" data-element_type=\"widget\" data-e-type=\"widget\" data-widget_type=\"heading.default\">\n\t\t\t\t<div class=\"elementor-widget-container\">\n\t\t\t\t\t<h4 class=\"elementor-heading-title elementor-size-default\">Formu Doldurun Sizi Arayal\u0131m<\/h4>\t\t\t\t<\/div>\n\t\t\t\t<\/div>\n\t\t\t\t<div class=\"elementor-element elementor-element-cd22c7d cmsmasters-block-default cmsmasters-sticky-default elementor-widget elementor-widget-shortcode\" data-id=\"cd22c7d\" data-element_type=\"widget\" data-e-type=\"widget\" data-widget_type=\"shortcode.default\">\n\t\t\t\t<div class=\"elementor-widget-container\">\n\t\t\t\t\t\t\t<div class=\"elementor-shortcode\"><div data-uniq='69f1fbf1d1aed' class='uniq-69f1fbf1d1aed formcraft-css form-live align-left'><script> window.formcraftLogic = window.formcraftLogic || {}; window.formcraftLogic[1] = []; <\/script><div class=\"fc-pagination-cover fc-pagination-1\">\n\t\t\t\t<div class=\"fc-pagination width-100\">\n\t\t\t\t\t<!-- ngRepeat: page in Builder.FormElements track by $index --><div class=\"pagination-trigger \" data-index=\"0\">\n\t\t\t\t\t\t<span class=\"page-number\"><span >1<\/span><\/span>\n\t\t\t\t\t\t<span class=\"page-name \">Step 1<\/span>\n\t\t\t\t\t\t\n\t\t\t\t\t<\/div><!-- end ngRepeat: page in Builder.FormElements track by $index -->\n\t\t\t\t<\/div>\n\t\t\t<\/div>\n\t\t\t\n\t\t\t<style scoped=\"scoped\" >\n\t\t\t@media (max-width : 480px) {\n\t\t\t\t.fc_modal-dialog-1 .fc-pagination-cover .fc-pagination\n\t\t\t\t{\n\t\t\t\t\tbackground-color: white !important;\n\t\t\t\t}\n\t\t\t}\n\t\t\t\t\t\t.formcraft-css .fc-form.fc-form-1 .form-element .submit-cover .submit-button,\n\t\t\t.formcraft-css .fc-form.fc-form-1 .form-element .fileupload-cover .button-file,\n\t\t\t.formcraft-css .fc-form.fc-form-1 .form-element .field-cover .button,\n\t\t\t.formcraft-datepicker .ui-datepicker-header,\n\t\t\t.formcraft-datepicker .ui-datepicker-title\n\t\t\t{\n\t\t\t\tbackground: #d7a67b;\n\t\t\t\tcolor: #ffffff;\n\t\t\t}\n\t\t\t.formcraft-datepicker td .ui-state-active,\n\t\t\t.formcraft-datepicker td .ui-state-hover,\n\t\t\t.formcraft-css .fc-form.fc-form-1 .form-element .slider-cover .ui-slider-range\n\t\t\t{\n\t\t\t\tbackground: #d7a67b;\n\t\t\t}\n\t\t\t#ui-datepicker-div.formcraft-datepicker .ui-datepicker-header,\n\t\t\t.formcraft-css .fc-form .field-cover>div.full hr\n\t\t\t{\n\t\t\t\tborder-color: #bd926c;\n\t\t\t}\n\t\t\t#ui-datepicker-div.formcraft-datepicker .ui-datepicker-prev:hover,\n\t\t\t#ui-datepicker-div.formcraft-datepicker .ui-datepicker-next:hover,\n\t\t\t#ui-datepicker-div.formcraft-datepicker select.ui-datepicker-month:hover,\n\t\t\t#ui-datepicker-div.formcraft-datepicker select.ui-datepicker-year:hover\n\t\t\t{\n\t\t\t\tbackground-color: #bd926c;\n\t\t\t}\n\t\t\t.formcraft-css .fc-pagination>div.active .page-number,\n\t\t\t.formcraft-css .form-cover-builder .fc-pagination>div:first-child .page-number\n\t\t\t{\n\t\t\t\tbackground-color: #dd9933;\n\t\t\t\tcolor: #ffffff;\n\t\t\t}\n\t\t\t#ui-datepicker-div.formcraft-datepicker table.ui-datepicker-calendar th,\n\t\t\t#ui-datepicker-div.formcraft-datepicker table.ui-datepicker-calendar td.ui-datepicker-today a,\n\t\t\t.formcraft-css .fc-form.fc-form-1 .form-element .star-cover label,\n\t\t\thtml .formcraft-css .fc-form.label-floating .form-element .field-cover.has-focus>span,\n\t\t\t.formcraft-css .fc-form.fc-form-1 .form-element .customText-cover a,\n\t\t\t.formcraft-css .prev-next>div span:hover\n\t\t\t{\n\t\t\t\tcolor: #d7a67b;\n\t\t\t}\n\t\t\t.formcraft-css .fc-form.fc-form-1 .form-element .customText-cover a:hover\n\t\t\t{\n\t\t\t\tcolor: #bd926c;\n\t\t\t}\n\t\t\thtml .formcraft-css .fc-form.fc-form-1.label-floating .form-element .field-cover > span\n\t\t\t{\n\t\t\t\tcolor: #666666;\n\t\t\t}\n\t\t\thtml .formcraft-css .fc-form .final-success .final-success-check {\n\t\t\t\tborder: 2px solid #666666;\n\t\t\t}\n\t\t\t.formcraft-css .fc-form.fc-form-1 .form-element .field-cover input[type=\"text\"],\n\t\t\t.formcraft-css .fc-form.fc-form-1 .form-element .field-cover input[type=\"email\"],\n\t\t\t.formcraft-css .fc-form.fc-form-1 .form-element .field-cover input[type=\"password\"],\n\t\t\t.formcraft-css .fc-form.fc-form-1 .form-element .field-cover input[type=\"tel\"],\n\t\t\t.formcraft-css .fc-form.fc-form-1 .form-element .field-cover textarea,\n\t\t\t.formcraft-css .fc-form.fc-form-1 .form-element .field-cover select,\n\t\t\t.formcraft-css .fc-form.fc-form-1 .form-element .field-cover .time-fields-cover,\n\t\t\t.formcraft-css .fc-form.fc-form-1 .form-element .field-cover .awesomplete ul\n\t\t\t{\n\t\t\t\tcolor: #777;\n\t\t\t}\n\t\t\t.formcraft-css .fc-form.fc-form-1 .form-element .field-cover input[type=\"text\"],\n\t\t\t.formcraft-css .fc-form.fc-form-1 .form-element .field-cover input[type=\"password\"],\n\t\t\t.formcraft-css .fc-form.fc-form-1 .form-element .field-cover input[type=\"email\"],\n\t\t\t.formcraft-css .fc-form.fc-form-1 .form-element .field-cover input[type=\"radio\"],\n\t\t\t.formcraft-css .fc-form.fc-form-1 .form-element .field-cover input[type=\"checkbox\"],\n\t\t\t.formcraft-css .fc-form.fc-form-1 .form-element .field-cover input[type=\"tel\"],\n\t\t\t.formcraft-css .fc-form.fc-form-1 .form-element .field-cover select,\n\t\t\t.formcraft-css .fc-form.fc-form-1 .form-element .field-cover textarea\n\t\t\t{\n\t\t\t\tbackground-color: #fafafa;\n\t\t\t}\n\t\t\t.formcraft-css .fc-form.fc-form-1 .form-element .field-cover input[type=\"radio\"]:checked,\n\t\t\t.formcraft-css .fc-form.fc-form-1 .form-element .field-cover input[type=\"checkbox\"]:checked {\n\t\t\t\tborder-color: #bd926c;\n\t\t\t\tbackground: #d7a67b;\t\t\t\t\n\t\t\t}\n\t\t\t.formcraft-css .fc-form.fc-form-1 .form-element .star-cover label .star\n\t\t\t{\n\t\t\t\ttext-shadow: 0px 1px 0px #bd926c;\n\t\t\t}\n\t\t\t.formcraft-css .fc-form.fc-form-1 .form-element .slider-cover .ui-slider-range\n\t\t\t{\n\t\t\t\tbox-shadow: 0px 1px 1px #bd926c inset;\n\t\t\t}\n\t\t\t.formcraft-css .fc-form.fc-form-1 .form-element .fileupload-cover .button-file\n\t\t\t{\n\t\t\t\tborder-color: #bd926c;\n\t\t\t}\n\t\t\t.formcraft-css .fc-form.fc-form-1 .form-element .form-element-html input[type=\"password\"]:focus,\n\t\t\t.formcraft-css .fc-form.fc-form-1 .form-element .form-element-html input[type=\"email\"]:focus,\n\t\t\t.formcraft-css .fc-form.fc-form-1 .form-element .form-element-html input[type=\"tel\"]:focus,\n\t\t\t.formcraft-css .fc-form.fc-form-1 .form-element .form-element-html input[type=\"text\"]:focus,\n\t\t\t.formcraft-css .fc-form.fc-form-1 .form-element .form-element-html textarea:focus,\n\t\t\t.formcraft-css .fc-form.fc-form-1 .form-element .form-element-html select:focus\n\t\t\t{\n\t\t\t\tborder-color: #d7a67b;\n\t\t\t}\n\t\t\t.formcraft-css .fc-form.fc-form-1 .form-element .form-element-html .field-cover .is-read-only:focus {\n\t\t\t\tborder-color: #ccc;\n\t\t\t}\n\t\t\t.formcraft-css .fc-form.fc-form-1\t\t\t{\n\t\t\t\tfont-family: inherit;\n\t\t\t}\n\t\t\t@media (max-width : 480px) {\n\t\t\t\thtml .dedicated-page,\n\t\t\t\thtml .dedicated-page .formcraft-css .fc-pagination > div.active\n\t\t\t\t{\n\t\t\t\t\tbackground: white;\n\t\t\t\t}\n\t\t\t}\n\t\t<\/style>\n\t\t<div class=\"form-cover\">\n\t\t\t<form data-auto-scroll=\"\" data-no-message-redirect=\"\" data-thousand=\"\" data-decimal=\".\" data-delay=\"\" data-id=\"1\" class=\"fc-form fc-form-1 align- fc-temp-class save-form- dont-submit-hidden- remove-asterisk- icons-hide- disable-enter- label-placeholder field-border-visible frame-visible field-alignment-left\" style=\"width: 70%; color: #666666; font-size: 100%; background: white\">\n\t\t\t\t<!-- ngRepeat: page in Builder.FormElements track by $index --><div class=\"form-page form-page-0\" data-index=\"0\">\n\t\t\t\t\t\n\t\t\t\t\t<div class=\"form-page-content      ng-not-empty\">\n\t\t\t\t\t\t<div data-identifier=\"field2\" data-index=\"0\" style=\"width: 100%\" class=\" form-element form-element-field2 options-false form-element-0 default-false form-element-type-oneLineText is-required-true odd -handle\">\n\t\t\t\t\t\t\t<div class=\"form-element-html\"><div ><label class=\"oneLineText-cover field-cover  \"><span class=\"sub-label-true\"><span class=\"main-label\"><span >Ad Soyad<\/span><\/span><span class=\"sub-label\"><span >your full name<\/span><\/span><\/span><div><span class=\"error\"><\/span><input type=\"text\" placeholder=\"Ad Soyad\" make-read-only=\"false\" data-field-id=\"field2\" name=\"field2[]\" data-min-char=\"\" data-max-char=\"\" data-val-type=\"\" data-regexp=\"\" data-is-required=\"true\" data-allow-spaces=\"true\" class=\"validation-lenient\" data-placement=\"right\" data-toggle=\"tooltip\" tooltip=\"\" data-trigger=\"focus\" data-html=\"true\" data-input-mask=\"\" data-mask-placeholder=\"\" data-original-title=\"\"><i class=\"formcraft-icon formcraft-icon-type-\"><\/i><\/div><\/label><\/div><\/div>\n\t\t\t\t\t\t\t\n\t\t\t\t\t\t<\/div><div data-identifier=\"field3\" data-index=\"1\" style=\"width: 100%\" class=\" even form-element form-element-field3 options-false form-element-1 default-false form-element-type-oneLineText is-required-true -handle\">\n\t\t\t\t\t\t\t<div class=\"form-element-html\"><div ><label class=\"oneLineText-cover field-cover  \"><span class=\"sub-label-true\"><span class=\"main-label\"><span >Telefon<\/span><\/span><span class=\"sub-label\"><span >your full name<\/span><\/span><\/span><div><span class=\"error\"><\/span><input type=\"text\" placeholder=\"Telefon\" make-read-only=\"false\" data-field-id=\"field3\" name=\"field3[]\" data-min-char=\"\" data-max-char=\"\" data-val-type=\"\" data-regexp=\"\" data-is-required=\"true\" data-allow-spaces=\"true\" class=\"validation-lenient\" data-placement=\"right\" data-toggle=\"tooltip\" tooltip=\"\" data-trigger=\"focus\" data-html=\"true\" data-input-mask=\"\" data-mask-placeholder=\"\" data-original-title=\"\"><i class=\"formcraft-icon formcraft-icon-type-\"><\/i><\/div><\/label><\/div><\/div>\n\t\t\t\t\t\t\t\n\t\t\t\t\t\t<\/div><div data-identifier=\"field1\" data-index=\"2\" style=\"width: 100%\" class=\" form-element form-element-field1 options-false form-element-2 default-false form-element-type-email is-required-true odd -handle\">\n\t\t\t\t\t\t\t<div class=\"form-element-html\"><div ><label class=\"email-cover field-cover  \"><span class=\"sub-label-true\"><span class=\"main-label\"><span >Email<\/span><\/span><span class=\"sub-label\"><span >a valid email<\/span><\/span><\/span><div><span class=\"error\"><\/span><input placeholder=\"Email\" data-field-id=\"field1\" type=\"text\" data-val-type=\"email\" make-read-only=\"\" data-is-required=\"true\" name=\"field1\" class=\"validation-lenient\" data-placement=\"right\" data-toggle=\"tooltip\" tooltip=\"\" data-trigger=\"focus\" data-html=\"true\" data-original-title=\"\"><i class=\"formcraft-icon\">email<\/i><\/div><\/label><\/div><\/div>\n\t\t\t\t\t\t\t\n\t\t\t\t\t\t<\/div><div data-identifier=\"field8\" data-index=\"3\" style=\"width: 100%\" class=\" even form-element form-element-field8 options-false form-element-3 default-false form-element-type-textarea is-required-false -handle\">\n\t\t\t\t\t\t\t<div class=\"form-element-html\"><div ><label class=\"textarea-cover field-cover  \"><span class=\"sub-label-true\"><span class=\"main-label\"><span >Eklemek \u0130stedi\u011finiz Detaylar<\/span><\/span><span class=\"sub-label\"><span >more details<\/span><\/span><\/span><div><span class=\"error\"><\/span><textarea data-field-id=\"field8\" placeholder=\"Eklemek \u0130stedi\u011finiz Detaylar\" class=\"validation-lenient\" name=\"field8\" value=\"\" rows=\"3\" data-min-char=\"\" data-max-char=\"\" data-is-required=\"false\" data-placement=\"right\" data-toggle=\"tooltip\" tooltip=\"\" data-trigger=\"focus\" data-html=\"true\" data-original-title=\"\" style=\"min-height: 74.3906px\"><\/textarea><div class=\"count-\"><span class=\"current-count\">0<\/span> \/ <span class=\"max-count \"><\/span><\/div><\/div><\/label><\/div><\/div>\n\t\t\t\t\t\t\t\n\t\t\t\t\t\t<\/div><div data-identifier=\"field6\" data-index=\"4\" style=\"width: 100%\" class=\" form-element form-element-field6 options-false form-element-4 default-false form-element-type-checkbox is-required-false odd -handle\">\n\t\t\t\t\t\t\t<div class=\"form-element-html\"><div ><div class=\"images- checkbox-cover field-cover\"><span class=\"sub-label-false\"><span class=\"main-label\"><span >Size nas\u0131l ula\u015fmam\u0131z\u0131 istersiniz?<\/span><\/span><span class=\"sub-label\"><\/span><\/span><div data-placement=\"right\" data-toggle=\"tooltip\" tooltip=\"\" data-trigger=\"hover\" data-html=\"true\" data-original-title=\"\"><span class=\"error\"><\/span><label style=\"width:\" ><img alt=\"\"><input data-field-id=\"field6\" type=\"checkbox\" data-is-required=\"false\" name=\"field6[]\" value=\"Telefon\" class=\"validation-lenient\"><span><span >Telefon<\/span><\/span><\/label><label style=\"width:\" ><img alt=\"\"><input data-field-id=\"field6\" type=\"checkbox\" data-is-required=\"false\" name=\"field6[]\" value=\"Whatsapp\" class=\"validation-lenient\"><span><span >Whatsapp<\/span><\/span><\/label><\/div><\/div><\/div><\/div>\n\t\t\t\t\t\t\t\n\t\t\t\t\t\t<\/div><div data-identifier=\"field10\" data-index=\"5\" style=\"width: 100%\" class=\" even form-element form-element-field10 options-false form-element-5 default-false form-element-type-heading is-required-false -handle\">\n\t\t\t\t\t\t\t<div class=\"form-element-html\"><div ><div style=\"background-color:\" class=\"heading-cover field-cover \"><div style=\"text-align: left; font-size: 0.6999999999999997em; padding-top: ; padding-bottom: ; color:\" class=\"bold-true\"><span >Yasal Uyar\u0131: Yasal Uyar\u0131: Ki\u015fisel Verilerin Korunmas\u0131 Kanunu'nun Web Sitesi Kullan\u0131m Ko\u015fullar\u0131 ve Gizlilik Politikas\u0131'n\u0131 okudu\u011funuzu kabul etmektesiniz.<\/span><\/div><input type=\"hidden\" data-field-id=\"field10\" name=\"field10[]\" value=\"Yasal Uyar\u0131: Yasal Uyar\u0131: Ki\u015fisel Verilerin Korunmas\u0131 Kanunu'nun Web Sitesi Kullan\u0131m Ko\u015fullar\u0131 ve Gizlilik Politikas\u0131'n\u0131 okudu\u011funuzu kabul etmektesiniz.\"><\/div><\/div><\/div>\n\t\t\t\t\t\t\t\n\t\t\t\t\t\t<\/div><div data-identifier=\"field11\" data-index=\"6\" style=\"width: 100%\" class=\" form-element form-element-field11 options-false form-element-6 default-false form-element-type-submit is-required-false odd -handle\">\n\t\t\t\t\t\t\t<div class=\"form-element-html\"><div ><div class=\"align-center wide-true submit-cover field-cover\"><button type=\"submit\" class=\"button submit-button\"><span class=\"text \">G\u00d6NDER<\/span><span class=\"spin-cover\"><i style=\"color:\" class=\"loading-icon icon-cog animate-spin\"><\/i><\/span><\/button><\/div><div class=\"submit-response \"><\/div><label ><input type=\"text\" class=\"required_field\" name=\"website\" autocomplete=\"maple-syrup-pot\"><\/label><\/div><\/div>\n\t\t\t\t\t\t\t\n\t\t\t\t\t\t<\/div>\n\t\t\t\t\t<\/div>\n\t\t\t\t<\/div><!-- end ngRepeat: page in Builder.FormElements track by $index -->\n\t\t\t<\/form>\n\t\t\t<div class=\"prev-next prev-next-1\" style=\"width: 70%; color: #666666; font-size: 100%; background: white\">\n\t\t\t\t<div>\n\t\t\t\t\t\n\t\t\t\t\t<span class=\"inactive page-prev \"><i class=\"formcraft-icon\">keyboard_arrow_left<\/i>Previous<\/span><\/div>\n\t\t\t\t<div>\n\t\t\t\t\t\n\t\t\t\t\t<span class=\"page-next \">Next<i class=\"formcraft-icon\">keyboard_arrow_right<\/i><\/span><\/div>\n\t\t\t<\/div>\n\t\t<\/div><\/div><\/div>\n\t\t\t\t\t\t<\/div>\n\t\t\t\t<\/div>\n\t\t\t\t<\/div>\n\t\t<div class=\"elementor-element elementor-element-b7fcc56 e-con-full e-flex cmsmasters-block-default e-con e-child\" data-id=\"b7fcc56\" data-element_type=\"container\" data-e-type=\"container\">\n\t\t\t\t<div class=\"elementor-element elementor-element-7bab000 cmsmasters-block-default cmsmasters-sticky-default elementor-widget elementor-widget-heading\" data-id=\"7bab000\" data-element_type=\"widget\" data-e-type=\"widget\" data-widget_type=\"heading.default\">\n\t\t\t\t<div class=\"elementor-widget-container\">\n\t\t\t\t\t<h2 class=\"elementor-heading-title elementor-size-default\">Mikro FUE Tekni\u011fiyle sa\u00e7 ekimi<\/h2>\t\t\t\t<\/div>\n\t\t\t\t<\/div>\n\t\t\t\t<div class=\"elementor-element elementor-element-7960356 cmsmasters-block-default cmsmasters-sticky-default elementor-widget elementor-widget-text-editor\" data-id=\"7960356\" data-element_type=\"widget\" data-e-type=\"widget\" data-widget_type=\"text-editor.default\">\n\t\t\t\t<div class=\"elementor-widget-container\">\n\t\t\t\t\t\t\t\t\t<h5><strong>Mikro FUE Tekni\u011fiyle Sa\u00e7 Ekimi Nedir?<\/strong><\/h5><p>Mikro FUE (Follicular Unit Extraction), sa\u00e7 ekimi alan\u0131nda modern ve etkili bir tekniktir. Bu y\u00f6ntem, sa\u00e7 k\u00f6klerinin don\u00f6r b\u00f6lgeden (genellikle ense veya kulak arkas\u0131) mikro motor yard\u0131m\u0131yla tek tek al\u0131narak, sa\u00e7s\u0131z veya seyrek b\u00f6lgelere nakledilmesi i\u015flemine dayan\u0131r. Mikro FUE tekni\u011fi, do\u011fal g\u00f6r\u00fcn\u00fcml\u00fc sonu\u00e7lar sunmas\u0131 ve iz b\u0131rakmamas\u0131 nedeniyle en \u00e7ok tercih edilen y\u00f6ntemlerden biridir.<\/p><h5><strong>Mikro FUE Sa\u00e7 Ekiminin Avantajlar\u0131<\/strong><\/h5><ul><li><strong>Do\u011fal G\u00f6r\u00fcn\u00fcm:<\/strong> Sa\u00e7 k\u00f6kleri ekim yap\u0131lacak b\u00f6lgeye do\u011fru a\u00e7\u0131larla yerle\u015ftirildi\u011fi i\u00e7in do\u011fal bir sa\u00e7 g\u00f6r\u00fcn\u00fcm\u00fc elde edilir.<\/li><li><strong>\u0130z B\u0131rakmayan Teknik:<\/strong> Sa\u00e7 k\u00f6kleri tek tek al\u0131nd\u0131\u011f\u0131 i\u00e7in don\u00f6r b\u00f6lgede herhangi bir diki\u015f veya b\u00fcy\u00fck yara izi olu\u015fmaz.<\/li><li><strong>H\u0131zl\u0131 \u0130yile\u015fme:<\/strong> Mikro FUE tekni\u011fi minimal invaziv bir y\u00f6ntemdir, bu nedenle i\u015flem sonras\u0131 iyile\u015fme s\u00fcreci h\u0131zl\u0131d\u0131r.<\/li><li><strong>Y\u00fcksek Ba\u015far\u0131 Oran\u0131:<\/strong> Sa\u00e7 k\u00f6kleri i\u015flem s\u0131ras\u0131nda \u00f6zenle korunur, bu da ekilen k\u00f6klerin y\u00fcksek bir oranda tutmas\u0131n\u0131 sa\u011flar.<\/li><li><strong>A\u011fr\u0131s\u0131z \u0130\u015flem:<\/strong> Lokal anestezi sayesinde i\u015flem s\u0131ras\u0131nda herhangi bir a\u011fr\u0131 veya rahats\u0131zl\u0131k hissedilmez.<\/li><\/ul><h5><strong>Mikro FUE Sa\u00e7 Ekimi Nas\u0131l Yap\u0131l\u0131r?<\/strong><\/h5><p>Mikro FUE tekni\u011fi, detayl\u0131 bir planlama ve titiz bir uygulama gerektirir. \u0130\u015flem \u015fu ad\u0131mlardan olu\u015fur:<\/p><ol><li><p><strong>Muayene ve Planlama:<\/strong><br \/>Uzman doktor taraf\u0131ndan hastan\u0131n sa\u00e7 d\u00f6k\u00fclme oran\u0131, don\u00f6r b\u00f6lgedeki sa\u00e7 yo\u011funlu\u011fu ve ekim yap\u0131lacak alan\u0131n geni\u015fli\u011fi de\u011ferlendirilir. Planlama a\u015famas\u0131nda, do\u011fal bir sa\u00e7 \u00e7izgisi olu\u015fturulmas\u0131 hedeflenir ve ihtiya\u00e7 duyulan greft say\u0131s\u0131 belirlenir.<\/p><\/li><li><p><strong>Lokal Anestezi Uygulamas\u0131:<\/strong><br \/>\u0130\u015flem s\u0131ras\u0131nda hastan\u0131n konforu i\u00e7in lokal anestezi uygulan\u0131r. Bu sayede a\u011fr\u0131s\u0131z bir i\u015flem ger\u00e7ekle\u015ftirilir.<\/p><\/li><li><p><strong>Sa\u00e7 K\u00f6klerinin Al\u0131nmas\u0131:<\/strong><br \/>Mikro motor veya manuel punch cihaz\u0131 yard\u0131m\u0131yla don\u00f6r b\u00f6lgeden sa\u00e7 k\u00f6kleri tek tek al\u0131n\u0131r. Her bir sa\u00e7 k\u00f6k\u00fc, sa\u00e7\u0131n do\u011fal yap\u0131s\u0131na zarar vermeyecek \u015fekilde \u00f6zenle toplan\u0131r.<\/p><\/li><li><p><strong>Greftlerin Nakli:<\/strong><br \/>Al\u0131nan greftler, ekim yap\u0131lacak b\u00f6lgeye yerle\u015ftirilir. Bu a\u015famada sa\u00e7 k\u00f6kleri, do\u011fal bir a\u00e7\u0131yla ve yo\u011funlukta yerle\u015ftirilerek estetik bir g\u00f6r\u00fcn\u00fcm elde edilir.<\/p><\/li><\/ol>\t\t\t\t\t\t\t\t<\/div>\n\t\t\t\t<\/div>\n\t\t\t\t<div class=\"elementor-element elementor-element-135961f cmsmasters-block-default cmsmasters-sticky-default elementor-widget elementor-widget-text-editor\" data-id=\"135961f\" data-element_type=\"widget\" data-e-type=\"widget\" data-widget_type=\"text-editor.default\">\n\t\t\t\t<div class=\"elementor-widget-container\">\n\t\t\t\t\t\t\t\t\t<aside id=\"text-2\" class=\"widget widget_text\"><h5 class=\"widget_title\">\u00d6nemli Bilgilendirme<\/h5><div class=\"textwidget\"><p>Web sitemizin i\u00e7eri\u011fi, ziyaret\u00e7iyi bilgilendirmeye y\u00f6nelik haz\u0131rlanm\u0131\u015ft\u0131r. Sitede yer alan bilgiler, hi\u00e7bir zaman bir hekim tedavisinin ya da kons\u00fcltasyonunun yerini alamaz. Bu kaynaktan yola \u00e7\u0131karak, ila\u00e7 tedavisine ba\u015flanmas\u0131 ya da mevcut tedavinin de\u011fi\u015ftirilmesi kesinlikte tavsiye edilmez.<\/p><\/div><\/aside><aside id=\"text-3\" class=\"widget widget_text\"><div class=\"textwidget\"><p><strong>G\u00fcncelleme Tarihi :<\/strong>\u00a001.01.2025<\/p><\/div><\/aside>\t\t\t\t\t\t\t\t<\/div>\n\t\t\t\t<\/div>\n\t\t\t\t<\/div>\n\t\t\t\t\t<\/div>\n\t\t\t\t<\/div>\n\t\t\t\t<\/div>\n\t\t","protected":false},"excerpt":{"rendered":"<p>Mikro FUE Tekni\u011fiyle sa\u00e7 ekimi Formu Doldurun Sizi Arayal\u0131m Mikro FUE Tekni\u011fiyle sa\u00e7 ekimi Mikro FUE Tekni\u011fiyle Sa\u00e7 Ekimi Nedir? Mikro FUE (Follicular Unit Extraction), sa\u00e7 ekimi alan\u0131nda modern ve etkili bir tekniktir. Bu y\u00f6ntem, sa\u00e7 k\u00f6klerinin don\u00f6r b\u00f6lgeden (genellikle ense veya kulak arkas\u0131) mikro motor yard\u0131m\u0131yla tek tek al\u0131narak, sa\u00e7s\u0131z veya seyrek b\u00f6lgelere nakledilmesi&#8230;<\/p>","protected":false},"author":3,"featured_media":0,"parent":0,"menu_order":0,"comment_status":"closed","ping_status":"closed","template":"","meta":{"_acf_changed":false,"footnotes":""},"class_list":["post-41465","page","type-page","status-publish","hentry"],"acf":[],"_links":{"self":[{"href":"https:\/\/drmetintemel.com.tr\/en\/wp-json\/wp\/v2\/pages\/41465","targetHints":{"allow":["GET"]}}],"collection":[{"href":"https:\/\/drmetintemel.com.tr\/en\/wp-json\/wp\/v2\/pages"}],"about":[{"href":"https:\/\/drmetintemel.com.tr\/en\/wp-json\/wp\/v2\/types\/page"}],"author":[{"embeddable":true,"href":"https:\/\/drmetintemel.com.tr\/en\/wp-json\/wp\/v2\/users\/3"}],"replies":[{"embeddable":true,"href":"https:\/\/drmetintemel.com.tr\/en\/wp-json\/wp\/v2\/comments?post=41465"}],"version-history":[{"count":9,"href":"https:\/\/drmetintemel.com.tr\/en\/wp-json\/wp\/v2\/pages\/41465\/revisions"}],"predecessor-version":[{"id":41610,"href":"https:\/\/drmetintemel.com.tr\/en\/wp-json\/wp\/v2\/pages\/41465\/revisions\/41610"}],"wp:attachment":[{"href":"https:\/\/drmetintemel.com.tr\/en\/wp-json\/wp\/v2\/media?parent=41465"}],"curies":[{"name":"wp","href":"https:\/\/api.w.org\/{rel}","templated":true}]}}