{"id":41522,"date":"2025-02-10T13:53:24","date_gmt":"2025-02-10T13:53:24","guid":{"rendered":"https:\/\/drmetintemel.com.tr\/?page_id=41522"},"modified":"2025-03-04T19:18:38","modified_gmt":"2025-03-04T19:18:38","slug":"genclik-asisi","status":"publish","type":"page","link":"https:\/\/drmetintemel.com.tr\/en\/genclik-asisi\/","title":{"rendered":"Gen\u00e7lik A\u015f\u0131s\u0131"},"content":{"rendered":"\t\t<div data-elementor-type=\"wp-page\" data-elementor-id=\"41522\" class=\"elementor elementor-41522\">\n\t\t\t\t<div class=\"elementor-element elementor-element-1dead8c e-flex e-con-boxed cmsmasters-bg-hide-none cmsmasters-bg-hide-none cmsmasters-block-default e-con e-parent\" data-id=\"1dead8c\" data-element_type=\"container\" data-e-type=\"container\" data-settings=\"{&quot;background_background&quot;:&quot;classic&quot;}\">\n\t\t\t\t\t<div class=\"e-con-inner\">\n\t\t\t\t<div class=\"elementor-element elementor-element-11784a3 elementor-widget__width-initial cmsmasters-block-default cmsmasters-sticky-default elementor-widget elementor-widget-heading\" data-id=\"11784a3\" data-element_type=\"widget\" data-e-type=\"widget\" data-widget_type=\"heading.default\">\n\t\t\t\t<div class=\"elementor-widget-container\">\n\t\t\t\t\t<h1 class=\"elementor-heading-title elementor-size-default\">Gen\u00e7lik A\u015f\u0131s\u0131<\/h1>\t\t\t\t<\/div>\n\t\t\t\t<\/div>\n\t\t\t\t\t<\/div>\n\t\t\t\t<\/div>\n\t\t<div class=\"elementor-element elementor-element-2a6aa20 e-flex e-con-boxed cmsmasters-block-default e-con e-parent\" data-id=\"2a6aa20\" data-element_type=\"container\" data-e-type=\"container\">\n\t\t\t\t\t<div class=\"e-con-inner\">\n\t\t<div class=\"elementor-element elementor-element-cbd2dd4 e-con-full e-flex cmsmasters-block-default e-con e-child\" data-id=\"cbd2dd4\" data-element_type=\"container\" data-e-type=\"container\">\n\t\t\t\t<div class=\"elementor-element elementor-element-c841c65 cmsmasters-block-default cmsmasters-sticky-default elementor-widget elementor-widget-image\" data-id=\"c841c65\" data-element_type=\"widget\" data-e-type=\"widget\" data-widget_type=\"image.default\">\n\t\t\t\t<div class=\"elementor-widget-container\">\n\t\t\t\t\t\t\t\t\t\t\t\t\t\t\t<img fetchpriority=\"high\" decoding=\"async\" width=\"1024\" height=\"576\" src=\"https:\/\/drmetintemel.com.tr\/wp-content\/uploads\/2025\/03\/11-30x17.png\" class=\"attachment-large size-large wp-image-41880 cmsmasters_img cmsmasters-lazyload lazyload\" alt=\"\" data-sizes=\"(max-width: 1024px) 100vw, 1024px\" data-src=\"https:\/\/drmetintemel.com.tr\/wp-content\/uploads\/2025\/03\/11-1024x576.png\" data-srcset=\"https:\/\/drmetintemel.com.tr\/wp-content\/uploads\/2025\/03\/11-1024x576.png 1024w, https:\/\/drmetintemel.com.tr\/wp-content\/uploads\/2025\/03\/11-300x169.png 300w, https:\/\/drmetintemel.com.tr\/wp-content\/uploads\/2025\/03\/11-768x432.png 768w, https:\/\/drmetintemel.com.tr\/wp-content\/uploads\/2025\/03\/11-534x300.png 534w, https:\/\/drmetintemel.com.tr\/wp-content\/uploads\/2025\/03\/11-30x16.png 30w, https:\/\/drmetintemel.com.tr\/wp-content\/uploads\/2025\/03\/11-18x10.png 18w, https:\/\/drmetintemel.com.tr\/wp-content\/uploads\/2025\/03\/11.png 1366w\" srcset=\"https:\/\/drmetintemel.com.tr\/wp-content\/uploads\/2025\/03\/11-30x16.png 30w, https:\/\/drmetintemel.com.tr\/wp-content\/uploads\/2025\/03\/11-300x169.png 300w, https:\/\/drmetintemel.com.tr\/wp-content\/uploads\/2025\/03\/11-1024x576.png 1024w, https:\/\/drmetintemel.com.tr\/wp-content\/uploads\/2025\/03\/11-768x432.png 768w, https:\/\/drmetintemel.com.tr\/wp-content\/uploads\/2025\/03\/11-534x300.png 534w, https:\/\/drmetintemel.com.tr\/wp-content\/uploads\/2025\/03\/11-18x10.png 18w, https:\/\/drmetintemel.com.tr\/wp-content\/uploads\/2025\/03\/11.png 1366w\" sizes=\"(max-width: 1024px) 100vw, 1024px\" \/>\t\t\t\t\t\t\t\t\t\t\t\t\t\t\t<\/div>\n\t\t\t\t<\/div>\n\t\t\t\t<div class=\"elementor-element elementor-element-f622876 cmsmasters-block-default cmsmasters-sticky-default elementor-widget elementor-widget-heading\" data-id=\"f622876\" data-element_type=\"widget\" data-e-type=\"widget\" data-widget_type=\"heading.default\">\n\t\t\t\t<div class=\"elementor-widget-container\">\n\t\t\t\t\t<h4 class=\"elementor-heading-title elementor-size-default\">Formu Doldurun Sizi Arayal\u0131m<\/h4>\t\t\t\t<\/div>\n\t\t\t\t<\/div>\n\t\t\t\t<div class=\"elementor-element elementor-element-cd22c7d cmsmasters-block-default cmsmasters-sticky-default elementor-widget elementor-widget-shortcode\" data-id=\"cd22c7d\" data-element_type=\"widget\" data-e-type=\"widget\" data-widget_type=\"shortcode.default\">\n\t\t\t\t<div class=\"elementor-widget-container\">\n\t\t\t\t\t\t\t<div class=\"elementor-shortcode\"><div data-uniq='69f1fc1e26867' class='uniq-69f1fc1e26867 formcraft-css form-live align-left'><script> window.formcraftLogic = window.formcraftLogic || {}; window.formcraftLogic[1] = []; <\/script><div class=\"fc-pagination-cover fc-pagination-1\">\n\t\t\t\t<div class=\"fc-pagination width-100\">\n\t\t\t\t\t<!-- ngRepeat: page in Builder.FormElements track by $index --><div class=\"pagination-trigger \" data-index=\"0\">\n\t\t\t\t\t\t<span class=\"page-number\"><span >1<\/span><\/span>\n\t\t\t\t\t\t<span class=\"page-name \">Step 1<\/span>\n\t\t\t\t\t\t\n\t\t\t\t\t<\/div><!-- end ngRepeat: page in Builder.FormElements track by $index -->\n\t\t\t\t<\/div>\n\t\t\t<\/div>\n\t\t\t\n\t\t\t<style scoped=\"scoped\" >\n\t\t\t@media (max-width : 480px) {\n\t\t\t\t.fc_modal-dialog-1 .fc-pagination-cover .fc-pagination\n\t\t\t\t{\n\t\t\t\t\tbackground-color: white !important;\n\t\t\t\t}\n\t\t\t}\n\t\t\t\t\t\t.formcraft-css .fc-form.fc-form-1 .form-element .submit-cover .submit-button,\n\t\t\t.formcraft-css .fc-form.fc-form-1 .form-element .fileupload-cover .button-file,\n\t\t\t.formcraft-css .fc-form.fc-form-1 .form-element .field-cover .button,\n\t\t\t.formcraft-datepicker .ui-datepicker-header,\n\t\t\t.formcraft-datepicker .ui-datepicker-title\n\t\t\t{\n\t\t\t\tbackground: #d7a67b;\n\t\t\t\tcolor: #ffffff;\n\t\t\t}\n\t\t\t.formcraft-datepicker td .ui-state-active,\n\t\t\t.formcraft-datepicker td .ui-state-hover,\n\t\t\t.formcraft-css .fc-form.fc-form-1 .form-element .slider-cover .ui-slider-range\n\t\t\t{\n\t\t\t\tbackground: #d7a67b;\n\t\t\t}\n\t\t\t#ui-datepicker-div.formcraft-datepicker .ui-datepicker-header,\n\t\t\t.formcraft-css .fc-form .field-cover>div.full hr\n\t\t\t{\n\t\t\t\tborder-color: #bd926c;\n\t\t\t}\n\t\t\t#ui-datepicker-div.formcraft-datepicker .ui-datepicker-prev:hover,\n\t\t\t#ui-datepicker-div.formcraft-datepicker .ui-datepicker-next:hover,\n\t\t\t#ui-datepicker-div.formcraft-datepicker select.ui-datepicker-month:hover,\n\t\t\t#ui-datepicker-div.formcraft-datepicker select.ui-datepicker-year:hover\n\t\t\t{\n\t\t\t\tbackground-color: #bd926c;\n\t\t\t}\n\t\t\t.formcraft-css .fc-pagination>div.active .page-number,\n\t\t\t.formcraft-css .form-cover-builder .fc-pagination>div:first-child .page-number\n\t\t\t{\n\t\t\t\tbackground-color: #dd9933;\n\t\t\t\tcolor: #ffffff;\n\t\t\t}\n\t\t\t#ui-datepicker-div.formcraft-datepicker table.ui-datepicker-calendar th,\n\t\t\t#ui-datepicker-div.formcraft-datepicker table.ui-datepicker-calendar td.ui-datepicker-today a,\n\t\t\t.formcraft-css .fc-form.fc-form-1 .form-element .star-cover label,\n\t\t\thtml .formcraft-css .fc-form.label-floating .form-element .field-cover.has-focus>span,\n\t\t\t.formcraft-css .fc-form.fc-form-1 .form-element .customText-cover a,\n\t\t\t.formcraft-css .prev-next>div span:hover\n\t\t\t{\n\t\t\t\tcolor: #d7a67b;\n\t\t\t}\n\t\t\t.formcraft-css .fc-form.fc-form-1 .form-element .customText-cover a:hover\n\t\t\t{\n\t\t\t\tcolor: #bd926c;\n\t\t\t}\n\t\t\thtml .formcraft-css .fc-form.fc-form-1.label-floating .form-element .field-cover > span\n\t\t\t{\n\t\t\t\tcolor: #666666;\n\t\t\t}\n\t\t\thtml .formcraft-css .fc-form .final-success .final-success-check {\n\t\t\t\tborder: 2px solid #666666;\n\t\t\t}\n\t\t\t.formcraft-css .fc-form.fc-form-1 .form-element .field-cover input[type=\"text\"],\n\t\t\t.formcraft-css .fc-form.fc-form-1 .form-element .field-cover input[type=\"email\"],\n\t\t\t.formcraft-css .fc-form.fc-form-1 .form-element .field-cover input[type=\"password\"],\n\t\t\t.formcraft-css .fc-form.fc-form-1 .form-element .field-cover input[type=\"tel\"],\n\t\t\t.formcraft-css .fc-form.fc-form-1 .form-element .field-cover textarea,\n\t\t\t.formcraft-css .fc-form.fc-form-1 .form-element .field-cover select,\n\t\t\t.formcraft-css .fc-form.fc-form-1 .form-element .field-cover .time-fields-cover,\n\t\t\t.formcraft-css .fc-form.fc-form-1 .form-element .field-cover .awesomplete ul\n\t\t\t{\n\t\t\t\tcolor: #777;\n\t\t\t}\n\t\t\t.formcraft-css .fc-form.fc-form-1 .form-element .field-cover input[type=\"text\"],\n\t\t\t.formcraft-css .fc-form.fc-form-1 .form-element .field-cover input[type=\"password\"],\n\t\t\t.formcraft-css .fc-form.fc-form-1 .form-element .field-cover input[type=\"email\"],\n\t\t\t.formcraft-css .fc-form.fc-form-1 .form-element .field-cover input[type=\"radio\"],\n\t\t\t.formcraft-css .fc-form.fc-form-1 .form-element .field-cover input[type=\"checkbox\"],\n\t\t\t.formcraft-css .fc-form.fc-form-1 .form-element .field-cover input[type=\"tel\"],\n\t\t\t.formcraft-css .fc-form.fc-form-1 .form-element .field-cover select,\n\t\t\t.formcraft-css .fc-form.fc-form-1 .form-element .field-cover textarea\n\t\t\t{\n\t\t\t\tbackground-color: #fafafa;\n\t\t\t}\n\t\t\t.formcraft-css .fc-form.fc-form-1 .form-element .field-cover input[type=\"radio\"]:checked,\n\t\t\t.formcraft-css .fc-form.fc-form-1 .form-element .field-cover input[type=\"checkbox\"]:checked {\n\t\t\t\tborder-color: #bd926c;\n\t\t\t\tbackground: #d7a67b;\t\t\t\t\n\t\t\t}\n\t\t\t.formcraft-css .fc-form.fc-form-1 .form-element .star-cover label .star\n\t\t\t{\n\t\t\t\ttext-shadow: 0px 1px 0px #bd926c;\n\t\t\t}\n\t\t\t.formcraft-css .fc-form.fc-form-1 .form-element .slider-cover .ui-slider-range\n\t\t\t{\n\t\t\t\tbox-shadow: 0px 1px 1px #bd926c inset;\n\t\t\t}\n\t\t\t.formcraft-css .fc-form.fc-form-1 .form-element .fileupload-cover .button-file\n\t\t\t{\n\t\t\t\tborder-color: #bd926c;\n\t\t\t}\n\t\t\t.formcraft-css .fc-form.fc-form-1 .form-element .form-element-html input[type=\"password\"]:focus,\n\t\t\t.formcraft-css .fc-form.fc-form-1 .form-element .form-element-html input[type=\"email\"]:focus,\n\t\t\t.formcraft-css .fc-form.fc-form-1 .form-element .form-element-html input[type=\"tel\"]:focus,\n\t\t\t.formcraft-css .fc-form.fc-form-1 .form-element .form-element-html input[type=\"text\"]:focus,\n\t\t\t.formcraft-css .fc-form.fc-form-1 .form-element .form-element-html textarea:focus,\n\t\t\t.formcraft-css .fc-form.fc-form-1 .form-element .form-element-html select:focus\n\t\t\t{\n\t\t\t\tborder-color: #d7a67b;\n\t\t\t}\n\t\t\t.formcraft-css .fc-form.fc-form-1 .form-element .form-element-html .field-cover .is-read-only:focus {\n\t\t\t\tborder-color: #ccc;\n\t\t\t}\n\t\t\t.formcraft-css .fc-form.fc-form-1\t\t\t{\n\t\t\t\tfont-family: inherit;\n\t\t\t}\n\t\t\t@media (max-width : 480px) {\n\t\t\t\thtml .dedicated-page,\n\t\t\t\thtml .dedicated-page .formcraft-css .fc-pagination > div.active\n\t\t\t\t{\n\t\t\t\t\tbackground: white;\n\t\t\t\t}\n\t\t\t}\n\t\t<\/style>\n\t\t<div class=\"form-cover\">\n\t\t\t<form data-auto-scroll=\"\" data-no-message-redirect=\"\" data-thousand=\"\" data-decimal=\".\" data-delay=\"\" data-id=\"1\" class=\"fc-form fc-form-1 align- fc-temp-class save-form- dont-submit-hidden- remove-asterisk- icons-hide- disable-enter- label-placeholder field-border-visible frame-visible field-alignment-left\" style=\"width: 70%; color: #666666; font-size: 100%; background: white\">\n\t\t\t\t<!-- ngRepeat: page in Builder.FormElements track by $index --><div class=\"form-page form-page-0\" data-index=\"0\">\n\t\t\t\t\t\n\t\t\t\t\t<div class=\"form-page-content      ng-not-empty\">\n\t\t\t\t\t\t<div data-identifier=\"field2\" data-index=\"0\" style=\"width: 100%\" class=\" form-element form-element-field2 options-false form-element-0 default-false form-element-type-oneLineText is-required-true odd -handle\">\n\t\t\t\t\t\t\t<div class=\"form-element-html\"><div ><label class=\"oneLineText-cover field-cover  \"><span class=\"sub-label-true\"><span class=\"main-label\"><span >Ad Soyad<\/span><\/span><span class=\"sub-label\"><span >your full name<\/span><\/span><\/span><div><span class=\"error\"><\/span><input type=\"text\" placeholder=\"Ad Soyad\" make-read-only=\"false\" data-field-id=\"field2\" name=\"field2[]\" data-min-char=\"\" data-max-char=\"\" data-val-type=\"\" data-regexp=\"\" data-is-required=\"true\" data-allow-spaces=\"true\" class=\"validation-lenient\" data-placement=\"right\" data-toggle=\"tooltip\" tooltip=\"\" data-trigger=\"focus\" data-html=\"true\" data-input-mask=\"\" data-mask-placeholder=\"\" data-original-title=\"\"><i class=\"formcraft-icon formcraft-icon-type-\"><\/i><\/div><\/label><\/div><\/div>\n\t\t\t\t\t\t\t\n\t\t\t\t\t\t<\/div><div data-identifier=\"field3\" data-index=\"1\" style=\"width: 100%\" class=\" even form-element form-element-field3 options-false form-element-1 default-false form-element-type-oneLineText is-required-true -handle\">\n\t\t\t\t\t\t\t<div class=\"form-element-html\"><div ><label class=\"oneLineText-cover field-cover  \"><span class=\"sub-label-true\"><span class=\"main-label\"><span >Telefon<\/span><\/span><span class=\"sub-label\"><span >your full name<\/span><\/span><\/span><div><span class=\"error\"><\/span><input type=\"text\" placeholder=\"Telefon\" make-read-only=\"false\" data-field-id=\"field3\" name=\"field3[]\" data-min-char=\"\" data-max-char=\"\" data-val-type=\"\" data-regexp=\"\" data-is-required=\"true\" data-allow-spaces=\"true\" class=\"validation-lenient\" data-placement=\"right\" data-toggle=\"tooltip\" tooltip=\"\" data-trigger=\"focus\" data-html=\"true\" data-input-mask=\"\" data-mask-placeholder=\"\" data-original-title=\"\"><i class=\"formcraft-icon formcraft-icon-type-\"><\/i><\/div><\/label><\/div><\/div>\n\t\t\t\t\t\t\t\n\t\t\t\t\t\t<\/div><div data-identifier=\"field1\" data-index=\"2\" style=\"width: 100%\" class=\" form-element form-element-field1 options-false form-element-2 default-false form-element-type-email is-required-true odd -handle\">\n\t\t\t\t\t\t\t<div class=\"form-element-html\"><div ><label class=\"email-cover field-cover  \"><span class=\"sub-label-true\"><span class=\"main-label\"><span >Email<\/span><\/span><span class=\"sub-label\"><span >a valid email<\/span><\/span><\/span><div><span class=\"error\"><\/span><input placeholder=\"Email\" data-field-id=\"field1\" type=\"text\" data-val-type=\"email\" make-read-only=\"\" data-is-required=\"true\" name=\"field1\" class=\"validation-lenient\" data-placement=\"right\" data-toggle=\"tooltip\" tooltip=\"\" data-trigger=\"focus\" data-html=\"true\" data-original-title=\"\"><i class=\"formcraft-icon\">email<\/i><\/div><\/label><\/div><\/div>\n\t\t\t\t\t\t\t\n\t\t\t\t\t\t<\/div><div data-identifier=\"field8\" data-index=\"3\" style=\"width: 100%\" class=\" even form-element form-element-field8 options-false form-element-3 default-false form-element-type-textarea is-required-false -handle\">\n\t\t\t\t\t\t\t<div class=\"form-element-html\"><div ><label class=\"textarea-cover field-cover  \"><span class=\"sub-label-true\"><span class=\"main-label\"><span >Eklemek \u0130stedi\u011finiz Detaylar<\/span><\/span><span class=\"sub-label\"><span >more details<\/span><\/span><\/span><div><span class=\"error\"><\/span><textarea data-field-id=\"field8\" placeholder=\"Eklemek \u0130stedi\u011finiz Detaylar\" class=\"validation-lenient\" name=\"field8\" value=\"\" rows=\"3\" data-min-char=\"\" data-max-char=\"\" data-is-required=\"false\" data-placement=\"right\" data-toggle=\"tooltip\" tooltip=\"\" data-trigger=\"focus\" data-html=\"true\" data-original-title=\"\" style=\"min-height: 74.3906px\"><\/textarea><div class=\"count-\"><span class=\"current-count\">0<\/span> \/ <span class=\"max-count \"><\/span><\/div><\/div><\/label><\/div><\/div>\n\t\t\t\t\t\t\t\n\t\t\t\t\t\t<\/div><div data-identifier=\"field6\" data-index=\"4\" style=\"width: 100%\" class=\" form-element form-element-field6 options-false form-element-4 default-false form-element-type-checkbox is-required-false odd -handle\">\n\t\t\t\t\t\t\t<div class=\"form-element-html\"><div ><div class=\"images- checkbox-cover field-cover\"><span class=\"sub-label-false\"><span class=\"main-label\"><span >Size nas\u0131l ula\u015fmam\u0131z\u0131 istersiniz?<\/span><\/span><span class=\"sub-label\"><\/span><\/span><div data-placement=\"right\" data-toggle=\"tooltip\" tooltip=\"\" data-trigger=\"hover\" data-html=\"true\" data-original-title=\"\"><span class=\"error\"><\/span><label style=\"width:\" ><img alt=\"\"><input data-field-id=\"field6\" type=\"checkbox\" data-is-required=\"false\" name=\"field6[]\" value=\"Telefon\" class=\"validation-lenient\"><span><span >Telefon<\/span><\/span><\/label><label style=\"width:\" ><img alt=\"\"><input data-field-id=\"field6\" type=\"checkbox\" data-is-required=\"false\" name=\"field6[]\" value=\"Whatsapp\" class=\"validation-lenient\"><span><span >Whatsapp<\/span><\/span><\/label><\/div><\/div><\/div><\/div>\n\t\t\t\t\t\t\t\n\t\t\t\t\t\t<\/div><div data-identifier=\"field10\" data-index=\"5\" style=\"width: 100%\" class=\" even form-element form-element-field10 options-false form-element-5 default-false form-element-type-heading is-required-false -handle\">\n\t\t\t\t\t\t\t<div class=\"form-element-html\"><div ><div style=\"background-color:\" class=\"heading-cover field-cover \"><div style=\"text-align: left; font-size: 0.6999999999999997em; padding-top: ; padding-bottom: ; color:\" class=\"bold-true\"><span >Yasal Uyar\u0131: Yasal Uyar\u0131: Ki\u015fisel Verilerin Korunmas\u0131 Kanunu'nun Web Sitesi Kullan\u0131m Ko\u015fullar\u0131 ve Gizlilik Politikas\u0131'n\u0131 okudu\u011funuzu kabul etmektesiniz.<\/span><\/div><input type=\"hidden\" data-field-id=\"field10\" name=\"field10[]\" value=\"Yasal Uyar\u0131: Yasal Uyar\u0131: Ki\u015fisel Verilerin Korunmas\u0131 Kanunu'nun Web Sitesi Kullan\u0131m Ko\u015fullar\u0131 ve Gizlilik Politikas\u0131'n\u0131 okudu\u011funuzu kabul etmektesiniz.\"><\/div><\/div><\/div>\n\t\t\t\t\t\t\t\n\t\t\t\t\t\t<\/div><div data-identifier=\"field11\" data-index=\"6\" style=\"width: 100%\" class=\" form-element form-element-field11 options-false form-element-6 default-false form-element-type-submit is-required-false odd -handle\">\n\t\t\t\t\t\t\t<div class=\"form-element-html\"><div ><div class=\"align-center wide-true submit-cover field-cover\"><button type=\"submit\" class=\"button submit-button\"><span class=\"text \">G\u00d6NDER<\/span><span class=\"spin-cover\"><i style=\"color:\" class=\"loading-icon icon-cog animate-spin\"><\/i><\/span><\/button><\/div><div class=\"submit-response \"><\/div><label ><input type=\"text\" class=\"required_field\" name=\"website\" autocomplete=\"maple-syrup-pot\"><\/label><\/div><\/div>\n\t\t\t\t\t\t\t\n\t\t\t\t\t\t<\/div>\n\t\t\t\t\t<\/div>\n\t\t\t\t<\/div><!-- end ngRepeat: page in Builder.FormElements track by $index -->\n\t\t\t<\/form>\n\t\t\t<div class=\"prev-next prev-next-1\" style=\"width: 70%; color: #666666; font-size: 100%; background: white\">\n\t\t\t\t<div>\n\t\t\t\t\t\n\t\t\t\t\t<span class=\"inactive page-prev \"><i class=\"formcraft-icon\">keyboard_arrow_left<\/i>Previous<\/span><\/div>\n\t\t\t\t<div>\n\t\t\t\t\t\n\t\t\t\t\t<span class=\"page-next \">Next<i class=\"formcraft-icon\">keyboard_arrow_right<\/i><\/span><\/div>\n\t\t\t<\/div>\n\t\t<\/div><\/div><\/div>\n\t\t\t\t\t\t<\/div>\n\t\t\t\t<\/div>\n\t\t\t\t<\/div>\n\t\t<div class=\"elementor-element elementor-element-b7fcc56 e-con-full e-flex cmsmasters-block-default e-con e-child\" data-id=\"b7fcc56\" data-element_type=\"container\" data-e-type=\"container\">\n\t\t\t\t<div class=\"elementor-element elementor-element-7bab000 cmsmasters-block-default cmsmasters-sticky-default elementor-widget elementor-widget-heading\" data-id=\"7bab000\" data-element_type=\"widget\" data-e-type=\"widget\" data-widget_type=\"heading.default\">\n\t\t\t\t<div class=\"elementor-widget-container\">\n\t\t\t\t\t<h2 class=\"elementor-heading-title elementor-size-default\">Gen\u00e7lik A\u015f\u0131s\u0131<\/h2>\t\t\t\t<\/div>\n\t\t\t\t<\/div>\n\t\t\t\t<div class=\"elementor-element elementor-element-7960356 cmsmasters-block-default cmsmasters-sticky-default elementor-widget elementor-widget-text-editor\" data-id=\"7960356\" data-element_type=\"widget\" data-e-type=\"widget\" data-widget_type=\"text-editor.default\">\n\t\t\t\t<div class=\"elementor-widget-container\">\n\t\t\t\t\t\t\t\t\t<p>Bu i\u015flem, cilt alt\u0131na mikroenjeksiyon y\u00f6ntemiyle uygulan\u0131r ve cilt dokusunun daha parlak, s\u0131k\u0131 ve sa\u011fl\u0131kl\u0131 g\u00f6r\u00fcnmesine yard\u0131mc\u0131 olur. Ayr\u0131ca ciltteki matl\u0131k ve yorgun g\u00f6r\u00fcn\u00fcm gibi estetik sorunlar\u0131 giderir.<\/p><h5><strong>Gen\u00e7lik A\u015f\u0131s\u0131n\u0131n Kullan\u0131m Alanlar\u0131<\/strong><\/h5><p>Gen\u00e7lik a\u015f\u0131s\u0131, cildin ya\u015flanma s\u00fcrecine ba\u011fl\u0131 olarak olu\u015fan \u00e7e\u015fitli problemler \u00fczerinde etkilidir:<\/p><ol><li><p><strong>K\u0131r\u0131\u015f\u0131kl\u0131klar ve \u0130nce \u00c7izgiler:<\/strong><br \/>\u00d6zellikle y\u00fcz, boyun ve dekolte b\u00f6lgelerinde olu\u015fan ince k\u0131r\u0131\u015f\u0131kl\u0131klar\u0131n g\u00f6r\u00fcn\u00fcm\u00fcn\u00fc hafifletir.<\/p><\/li><li><p><strong>Cilt Kurulu\u011fu:<\/strong><br \/>Yo\u011fun nemlendirme etkisi sayesinde cilt kurulu\u011funu giderir ve cildi derinlemesine nemlendirir.<\/p><\/li><li><p><strong>Elastikiyet Kayb\u0131:<\/strong><br \/>Cildin s\u0131k\u0131l\u0131\u011f\u0131n\u0131 art\u0131rarak elastikiyet kayb\u0131n\u0131 \u00f6nler.<\/p><\/li><li><p><strong>G\u00fcne\u015f ve \u00c7evresel Hasarlar:<\/strong><br \/>G\u00fcne\u015f \u0131\u015f\u0131nlar\u0131, kirlilik ve stresin neden oldu\u011fu cilt sorunlar\u0131n\u0131 hafifletir.<\/p><\/li><li><p><strong>Mat ve Yorgun G\u00f6r\u00fcn\u00fcm:<\/strong><br \/>Cilde do\u011fal bir parlakl\u0131k ve canl\u0131l\u0131k kazand\u0131r\u0131r.<\/p><\/li><li><p><strong>Cilt S\u0131k\u0131la\u015ft\u0131rma:<\/strong><br \/>Boyun, dekolte ve el gibi b\u00f6lgelerde gen\u00e7le\u015ftirici bir etki yarat\u0131r.<\/p><\/li><\/ol><h5><strong>Gen\u00e7lik A\u015f\u0131s\u0131 Nas\u0131l Uygulan\u0131r?<\/strong><\/h5><p>Gen\u00e7lik a\u015f\u0131s\u0131 i\u015flemi, uzman bir hekim taraf\u0131ndan steril ko\u015fullarda ger\u00e7ekle\u015ftirilir. \u0130\u015flemin ad\u0131mlar\u0131 \u015fu \u015fekildedir:<\/p><ol><li><p><strong>Kons\u00fcltasyon:<\/strong><br \/>Cildin ihtiya\u00e7lar\u0131 de\u011ferlendirilir ve ki\u015fiye \u00f6zel bir tedavi plan\u0131 olu\u015fturulur.<\/p><\/li><li><p><strong>Anestezi:<\/strong><br \/>\u0130\u015flemden \u00f6nce cilde lokal anestezik krem uygulan\u0131r, b\u00f6ylece i\u015flem s\u0131ras\u0131nda hastan\u0131n konforu sa\u011flan\u0131r.<\/p><\/li><li><p><strong>Enjeksiyon \u0130\u015flemi:<\/strong><br \/>Gen\u00e7lik a\u015f\u0131s\u0131, cildin alt tabakas\u0131na mikroenjeksiyon y\u00f6ntemiyle uygulan\u0131r. Bu s\u00fcre\u00e7 genellikle 20-30 dakika s\u00fcrer.<\/p><\/li><li><p><strong>\u0130yile\u015fme S\u00fcreci:<\/strong><br \/>\u0130\u015flem sonras\u0131 hasta g\u00fcnl\u00fck ya\u015fam\u0131na hemen d\u00f6nebilir. Hafif k\u0131zar\u0131kl\u0131klar g\u00f6r\u00fclebilir ancak bu etkiler genellikle k\u0131sa s\u00fcrede kaybolur.<\/p><\/li><\/ol><h5><strong>Gen\u00e7lik A\u015f\u0131s\u0131n\u0131n Faydalar\u0131<\/strong><\/h5><ul><li><strong>Do\u011fal Nem Dengesi:<\/strong> Cildin ihtiyac\u0131 olan nemi sa\u011flar ve uzun s\u00fcreli nemlendirme etkisi yarat\u0131r.<\/li><li><strong>Cilt Elastikiyetini Art\u0131r\u0131r:<\/strong> Kolajen ve elastin \u00fcretimini destekleyerek cildin s\u0131k\u0131 ve gergin g\u00f6r\u00fcnmesine yard\u0131mc\u0131 olur.<\/li><li><strong>Parlak ve Sa\u011fl\u0131kl\u0131 Cilt:<\/strong> Ciltteki matl\u0131\u011f\u0131 gidererek do\u011fal bir \u0131\u015f\u0131lt\u0131 kazand\u0131r\u0131r.<\/li><li><strong>K\u0131r\u0131\u015f\u0131kl\u0131klar\u0131 Azalt\u0131r:<\/strong> \u00d6zellikle ince \u00e7izgilerde etkili bir sonu\u00e7 sunar.<\/li><li><strong>H\u0131zl\u0131 ve G\u00fcvenli:<\/strong> K\u0131sa s\u00fcrede uygulanan bu y\u00f6ntem, cerrahi i\u015flem gerektirmedi\u011fi i\u00e7in g\u00fcvenlidir.<\/li><li><strong>Uzun S\u00fcreli Etkiler:<\/strong> Uygulama sonras\u0131 etkiler birka\u00e7 hafta i\u00e7inde g\u00f6r\u00fclmeye ba\u015flar ve aylarca devam eder.<\/li><\/ul>\t\t\t\t\t\t\t\t<\/div>\n\t\t\t\t<\/div>\n\t\t\t\t<div class=\"elementor-element elementor-element-135961f cmsmasters-block-default cmsmasters-sticky-default elementor-widget elementor-widget-text-editor\" data-id=\"135961f\" data-element_type=\"widget\" data-e-type=\"widget\" data-widget_type=\"text-editor.default\">\n\t\t\t\t<div class=\"elementor-widget-container\">\n\t\t\t\t\t\t\t\t\t<aside id=\"text-2\" class=\"widget widget_text\"><h5 class=\"widget_title\">\u00d6nemli Bilgilendirme<\/h5><div class=\"textwidget\"><p>Web sitemizin i\u00e7eri\u011fi, ziyaret\u00e7iyi bilgilendirmeye y\u00f6nelik haz\u0131rlanm\u0131\u015ft\u0131r. Sitede yer alan bilgiler, hi\u00e7bir zaman bir hekim tedavisinin ya da kons\u00fcltasyonunun yerini alamaz. Bu kaynaktan yola \u00e7\u0131karak, ila\u00e7 tedavisine ba\u015flanmas\u0131 ya da mevcut tedavinin de\u011fi\u015ftirilmesi kesinlikte tavsiye edilmez.<\/p><\/div><\/aside><aside id=\"text-3\" class=\"widget widget_text\"><div class=\"textwidget\"><p><strong>G\u00fcncelleme Tarihi :<\/strong>\u00a001.01.2025<\/p><\/div><\/aside>\t\t\t\t\t\t\t\t<\/div>\n\t\t\t\t<\/div>\n\t\t\t\t<\/div>\n\t\t\t\t\t<\/div>\n\t\t\t\t<\/div>\n\t\t\t\t<\/div>\n\t\t","protected":false},"excerpt":{"rendered":"<p>Gen\u00e7lik A\u015f\u0131s\u0131 Formu Doldurun Sizi Arayal\u0131m Gen\u00e7lik A\u015f\u0131s\u0131 Bu i\u015flem, cilt alt\u0131na mikroenjeksiyon y\u00f6ntemiyle uygulan\u0131r ve cilt dokusunun daha parlak, s\u0131k\u0131 ve sa\u011fl\u0131kl\u0131 g\u00f6r\u00fcnmesine yard\u0131mc\u0131 olur. Ayr\u0131ca ciltteki matl\u0131k ve yorgun g\u00f6r\u00fcn\u00fcm gibi estetik sorunlar\u0131 giderir. Gen\u00e7lik A\u015f\u0131s\u0131n\u0131n Kullan\u0131m Alanlar\u0131 Gen\u00e7lik a\u015f\u0131s\u0131, cildin ya\u015flanma s\u00fcrecine ba\u011fl\u0131 olarak olu\u015fan \u00e7e\u015fitli problemler \u00fczerinde etkilidir: K\u0131r\u0131\u015f\u0131kl\u0131klar ve \u0130nce&#8230;<\/p>","protected":false},"author":3,"featured_media":0,"parent":0,"menu_order":0,"comment_status":"closed","ping_status":"closed","template":"","meta":{"_acf_changed":false,"footnotes":""},"class_list":["post-41522","page","type-page","status-publish","hentry"],"acf":[],"_links":{"self":[{"href":"https:\/\/drmetintemel.com.tr\/en\/wp-json\/wp\/v2\/pages\/41522","targetHints":{"allow":["GET"]}}],"collection":[{"href":"https:\/\/drmetintemel.com.tr\/en\/wp-json\/wp\/v2\/pages"}],"about":[{"href":"https:\/\/drmetintemel.com.tr\/en\/wp-json\/wp\/v2\/types\/page"}],"author":[{"embeddable":true,"href":"https:\/\/drmetintemel.com.tr\/en\/wp-json\/wp\/v2\/users\/3"}],"replies":[{"embeddable":true,"href":"https:\/\/drmetintemel.com.tr\/en\/wp-json\/wp\/v2\/comments?post=41522"}],"version-history":[{"count":9,"href":"https:\/\/drmetintemel.com.tr\/en\/wp-json\/wp\/v2\/pages\/41522\/revisions"}],"predecessor-version":[{"id":41883,"href":"https:\/\/drmetintemel.com.tr\/en\/wp-json\/wp\/v2\/pages\/41522\/revisions\/41883"}],"wp:attachment":[{"href":"https:\/\/drmetintemel.com.tr\/en\/wp-json\/wp\/v2\/media?parent=41522"}],"curies":[{"name":"wp","href":"https:\/\/api.w.org\/{rel}","templated":true}]}}